{"id":2103,"date":"2014-04-08T15:42:11","date_gmt":"2014-04-08T14:42:11","guid":{"rendered":"http:\/\/pietra-communication.com\/ventesengros.fr\/?post_type=product&#038;p=2103"},"modified":"2022-11-12T12:49:16","modified_gmt":"2022-11-12T11:49:16","slug":"dentifrice-ark-souss-reglisse","status":"publish","type":"product","link":"https:\/\/ventesengros.fr\/es\/grossiste\/ark-souss-reglisse-pasta-dentifrica-2\/","title":{"rendered":"Ark Souss Dent\u00edfrico (regaliz) 70g (pack de 12 dent\u00edfricos)"},"content":{"rendered":"<p><strong>Propiedad:<\/strong> Pasta dent\u00edfrica blanqueadora con una f\u00f3rmula natural que ayuda a resistir las caries y a mantener unas enc\u00edas sanas. Aporta una sensaci\u00f3n de frescor con su sabor natural a extracto de ra\u00edz de regaliz.<\/p>\n<p><b>Marca:<\/b>\u00a0Arca Souss<br \/>\n<b><\/b><\/p>\n<p><b>Procedencia:<\/b>\u00a0Marruecos<\/p>\n<p><b>Peso:<\/b>70g<\/p>\n<p>&nbsp;<\/p>","protected":false},"excerpt":{"rendered":"<p>Le ofrecemos este <strong>Ark souss (regaliz) pasta dent\u00edfrica 70g<\/strong><strong>\u00a0<\/strong>se venden en paquetes de 12 unidades.<\/p>\n<p>Precio de venta recomendado: 3,50-4,00 euros.<\/p>\n<p>1 lote : <span style=\"color: #0ad227;\">1,19\/unidad X 12 = 14,28 euros<\/span><br \/>\n<a href=\"http:\/\/pietra-communication.com\/ventesengros.fr\/wp-content\/uploads\/2013\/01\/Livraison.png\">\u00a0<\/a><\/p>","protected":false},"featured_media":30184,"template":"","meta":[],"product_brand":[],"product_cat":[59,297],"product_tag":[152,151,153],"class_list":{"0":"post-2103","1":"product","2":"type-product","3":"status-publish","4":"has-post-thumbnail","6":"product_cat-soin-et-bien-etre","7":"product_cat-siwak-siwakdentifrice","8":"product_tag-ark-souss","9":"product_tag-dentifrice","10":"product_tag-reglisse","11":"pa_lot-158","12":"pa_lot-160","13":"pa_lot-159","15":"first","16":"instock","17":"shipping-taxable","18":"purchasable","19":"product-type-simple"},"_links":{"self":[{"href":"https:\/\/ventesengros.fr\/es\/wp-json\/wp\/v2\/product\/2103","targetHints":{"allow":["GET"]}}],"collection":[{"href":"https:\/\/ventesengros.fr\/es\/wp-json\/wp\/v2\/product"}],"about":[{"href":"https:\/\/ventesengros.fr\/es\/wp-json\/wp\/v2\/types\/product"}],"wp:featuredmedia":[{"embeddable":true,"href":"https:\/\/ventesengros.fr\/es\/wp-json\/wp\/v2\/media\/30184"}],"wp:attachment":[{"href":"https:\/\/ventesengros.fr\/es\/wp-json\/wp\/v2\/media?parent=2103"}],"wp:term":[{"taxonomy":"product_brand","embeddable":true,"href":"https:\/\/ventesengros.fr\/es\/wp-json\/wp\/v2\/product_brand?post=2103"},{"taxonomy":"product_cat","embeddable":true,"href":"https:\/\/ventesengros.fr\/es\/wp-json\/wp\/v2\/product_cat?post=2103"},{"taxonomy":"product_tag","embeddable":true,"href":"https:\/\/ventesengros.fr\/es\/wp-json\/wp\/v2\/product_tag?post=2103"}],"curies":[{"name":"wp","href":"https:\/\/api.w.org\/{rel}","templated":true}]}}