{"id":2091,"date":"2016-05-10T11:40:53","date_gmt":"2016-05-10T10:40:53","guid":{"rendered":"http:\/\/pietra-communication.com\/ventesengros.fr\/?post_type=product&#038;p=2091"},"modified":"2024-03-05T16:44:15","modified_gmt":"2024-03-05T15:44:15","slug":"siwak-gout-citron","status":"publish","type":"product","link":"https:\/\/ventesengros.fr\/es\/grossiste\/siwak-sabor-limon-2\/","title":{"rendered":"Siwak con sabor a lim\u00f3n - Paquete de 20 siwaks"},"content":{"rendered":"<p><strong>Contenido:<\/strong><\/p>\n<p>Hay diferentes grosores en el lote.<\/p>\n<p>No cabe duda de que el siwak tiene un efecto beneficioso sobre las enc\u00edas, en primer lugar porque el profeta nos lo orden\u00f3 y, en segundo lugar, porque los cient\u00edficos han realizado recientemente pruebas con siwak y pasta de dientes y han descubierto que el efecto beneficioso del siwak sobre las enc\u00edas era mejor que el de la pasta de dientes.<\/p>\n<p>&nbsp;<\/p>","protected":false},"excerpt":{"rendered":"<p>Le ofrecemos estos<strong>\u00a0Siwak con sabor a lim\u00f3n<\/strong><strong>\u00a0<\/strong>se venden en paquetes de 20 unidades.<\/p>\n<p>Precio de venta recomendado: 1,00-2,00 euros.<\/p>\n<p>1 lote :\u00a0<span style=\"color: #0ad227;\">0,69\/unidad X 20 = 13,80 euros<\/span><\/p>\n<p>&nbsp;<\/p>\n<p>&nbsp;<\/p>\n<p style=\"font-style: normal; text-align: center;\">","protected":false},"featured_media":35876,"template":"","meta":[],"product_brand":[],"product_cat":[297,59],"product_tag":[141,138,137],"class_list":{"0":"post-2091","1":"product","2":"type-product","3":"status-publish","4":"has-post-thumbnail","6":"product_cat-siwak-siwakdentifrice","7":"product_cat-soin-et-bien-etre","8":"product_tag-citron","9":"product_tag-gout","10":"product_tag-siwak","11":"pa_lot-158","12":"pa_lot-160","13":"pa_lot-159","15":"first","16":"instock","17":"shipping-taxable","18":"purchasable","19":"product-type-simple"},"_links":{"self":[{"href":"https:\/\/ventesengros.fr\/es\/wp-json\/wp\/v2\/product\/2091","targetHints":{"allow":["GET"]}}],"collection":[{"href":"https:\/\/ventesengros.fr\/es\/wp-json\/wp\/v2\/product"}],"about":[{"href":"https:\/\/ventesengros.fr\/es\/wp-json\/wp\/v2\/types\/product"}],"wp:featuredmedia":[{"embeddable":true,"href":"https:\/\/ventesengros.fr\/es\/wp-json\/wp\/v2\/media\/35876"}],"wp:attachment":[{"href":"https:\/\/ventesengros.fr\/es\/wp-json\/wp\/v2\/media?parent=2091"}],"wp:term":[{"taxonomy":"product_brand","embeddable":true,"href":"https:\/\/ventesengros.fr\/es\/wp-json\/wp\/v2\/product_brand?post=2091"},{"taxonomy":"product_cat","embeddable":true,"href":"https:\/\/ventesengros.fr\/es\/wp-json\/wp\/v2\/product_cat?post=2091"},{"taxonomy":"product_tag","embeddable":true,"href":"https:\/\/ventesengros.fr\/es\/wp-json\/wp\/v2\/product_tag?post=2091"}],"curies":[{"name":"wp","href":"https:\/\/api.w.org\/{rel}","templated":true}]}}