{"id":2086,"date":"2014-04-08T08:09:10","date_gmt":"2014-04-08T07:09:10","guid":{"rendered":"http:\/\/pietra-communication.com\/ventesengros.fr\/?post_type=product&#038;p=2086"},"modified":"2023-09-08T09:36:06","modified_gmt":"2023-09-08T08:36:06","slug":"shampoing-a-laloe-vera-bio-naturel","status":"publish","type":"product","link":"https:\/\/ventesengros.fr\/es\/grossiste\/champu-natural-de-aloe-vera-ecologico-2\/","title":{"rendered":"Champ\u00fa Aloe Vera 250mL x 12"},"content":{"rendered":"<p><strong>Propiedad:<\/strong><\/p>\n<p>Champ\u00fa con Aloe Vera para fortalecer el cabello y limpiar el cuero cabelludo. Ayuda a combatir la caspa y la ca\u00edda del cabello. Indicado para cabellos secos, grasos, fr\u00e1giles o da\u00f1ados. Embellece el cabello y lo deja brillante. Para uso frecuente.<\/p>\n<p><strong>Capacidad :<\/strong>\u00a0250 ml<\/p>\n<p><strong>Marca:<\/strong>\u00a0AL hurra<\/p>\n<p><strong>Procedencia:<\/strong>MARRUECOS<\/p>\n<p><strong>Peso:<\/strong>30g<\/p>","protected":false},"excerpt":{"rendered":"<p>Le ofrecemos este\u00a0<strong>Champ\u00fa Aloe Vera 250mL<\/strong><strong>\u00a0<\/strong>se venden en paquetes de 12 unidades.<\/p>\n<p>Precio de venta recomendado: 5,00-5,90 euros.<\/p>\n<p>1 lote :\u00a0<span style=\"color: #0ad227;\">1,76\/unidad x 12 = 21,120 euros<\/span><\/p>\n<p>&nbsp;<\/p>\n<p>&nbsp;<\/p>\n<p style=\"text-align: center;\">","protected":false},"featured_media":28868,"template":"","meta":[],"product_brand":[],"product_cat":[59],"product_tag":[136,973,975,134],"class_list":{"0":"post-2086","1":"product","2":"type-product","3":"status-publish","4":"has-post-thumbnail","6":"product_cat-soin-et-bien-etre","7":"product_tag-aloe-vera","8":"product_tag-bio","9":"product_tag-naturel","10":"product_tag-shampoing","11":"pa_lot-158","12":"pa_lot-160","13":"pa_lot-159","15":"first","16":"instock","17":"shipping-taxable","18":"purchasable","19":"product-type-simple"},"_links":{"self":[{"href":"https:\/\/ventesengros.fr\/es\/wp-json\/wp\/v2\/product\/2086","targetHints":{"allow":["GET"]}}],"collection":[{"href":"https:\/\/ventesengros.fr\/es\/wp-json\/wp\/v2\/product"}],"about":[{"href":"https:\/\/ventesengros.fr\/es\/wp-json\/wp\/v2\/types\/product"}],"wp:featuredmedia":[{"embeddable":true,"href":"https:\/\/ventesengros.fr\/es\/wp-json\/wp\/v2\/media\/28868"}],"wp:attachment":[{"href":"https:\/\/ventesengros.fr\/es\/wp-json\/wp\/v2\/media?parent=2086"}],"wp:term":[{"taxonomy":"product_brand","embeddable":true,"href":"https:\/\/ventesengros.fr\/es\/wp-json\/wp\/v2\/product_brand?post=2086"},{"taxonomy":"product_cat","embeddable":true,"href":"https:\/\/ventesengros.fr\/es\/wp-json\/wp\/v2\/product_cat?post=2086"},{"taxonomy":"product_tag","embeddable":true,"href":"https:\/\/ventesengros.fr\/es\/wp-json\/wp\/v2\/product_tag?post=2086"}],"curies":[{"name":"wp","href":"https:\/\/api.w.org\/{rel}","templated":true}]}}