{"id":2084,"date":"2014-04-23T08:01:23","date_gmt":"2014-04-23T07:01:23","guid":{"rendered":"http:\/\/pietra-communication.com\/ventesengros.fr\/?post_type=product&#038;p=2084"},"modified":"2022-06-30T23:34:16","modified_gmt":"2022-06-30T22:34:16","slug":"shampoing-huile-de-nigelle-250ml","status":"publish","type":"product","link":"https:\/\/ventesengros.fr\/es\/grossiste\/aceite-de-comino-negro-champu-250ml-2\/","title":{"rendered":"Champ\u00fa de aceite de Nigella 250mL (pack de 12 champ\u00fas)"},"content":{"rendered":"<p>Champ\u00fa de aceite de comino negro 250 ml<\/p>\n<p>&nbsp;<\/p>\n<p><strong>Aceite de comino negro,<\/strong> conocido como <strong>habba sawda<\/strong>es un aceite muy apreciado por sus m\u00faltiples beneficios para el organismo. Puede utilizarse tanto interna como externamente. El famoso \"\u00a0<strong>semilla negra<\/strong>\u00a0\"Es especialmente apreciada por los musulmanes, ya que se citaba en la Sunnah del Profeta como eficaz contra todas las enfermedades excepto la muerte.<\/p>\n<p>Su<strong> mayorista<\/strong> Orient Grossiste ha elegido presentar el <strong>champ\u00fa de aceite de comino negro<\/strong>rico en elementos activos y con virtudes excepcionales. Utilizado como champ\u00fa, y por tanto como parte de su rutina capilar, el aceite de comino negro tiene la ventaja a\u00f1adida de fortalecer considerablemente el cabello nutri\u00e9ndolo. Tambi\u00e9n ayuda a combatir la ca\u00edda del cabello, nutriendo las ra\u00edces y las puntas, limpiando el cuero cabelludo y eliminando definitivamente la caspa. Utilizado regularmente, este champ\u00fa aportar\u00e1 a su cabello vitalidad y un brillo natural.<\/p>\n<p>Este champ\u00fa de aceite de comino negro es totalmente <strong>natural y ecol\u00f3gica.<\/strong> Orient Grossiste pone a la venta este producto <strong>Champ\u00fa 250 ml <\/strong>vendido por <strong>juego de 6 <\/strong>a un precio de s\u00f3lo 10,74 euros, es decir, 1,79 euros cada uno.<\/p>\n<p>El envase de este champ\u00fa es bastante sencillo, pero el frasco es pr\u00e1ctico gracias a su tap\u00f3n, que permite dosificar f\u00e1cilmente la cantidad correcta. La etiqueta indica los ingredientes que contiene el champ\u00fa tanto en \u00e1rabe como en franc\u00e9s, para que podamos ser totalmente transparentes con nuestros clientes sobre su composici\u00f3n.<\/p>\n<p>La marca de champ\u00fa Al Hourra es un nombre de confianza reconocido por sus productos naturales de alta calidad.<\/p>\n<p>En nuestro sitio puede encontrar otros champ\u00fas a base de productos naturales, as\u00ed como otros champ\u00fas de nigella de diferentes marcas y tama\u00f1os.<\/p>\n<p>Si tiene alguna pregunta sobre este producto, p\u00f3ngase en contacto con nuestro equipo de atenci\u00f3n al cliente, que est\u00e1 a su disposici\u00f3n para responderle en horario flexible.<\/p>\n<p>&nbsp;<\/p>\n<p>&nbsp;<\/p>","protected":false},"excerpt":{"rendered":"<p>Le ofrecemos este\u00a0<strong>Champ\u00fa al aceite de Nigella 250mL<\/strong><strong>\u00a0<\/strong>se venden en paquetes de 12 unidades.<\/p>\n<p>Precio de venta recomendado: 5,00-5,90 euros.<\/p>\n<p>1 lote :\u00a0<span style=\"color: #0ad227;\">1,79\/unidad X 12 = 21,48 euros<\/span><\/p>\n<p>&nbsp;<\/p>\n<p>&nbsp;<\/p>\n<p style=\"text-align: center;\">","protected":false},"featured_media":32710,"template":"","meta":[],"product_brand":[],"product_cat":[59],"product_tag":[973,78,79,975,134],"class_list":{"0":"post-2084","1":"product","2":"type-product","3":"status-publish","4":"has-post-thumbnail","6":"product_cat-soin-et-bien-etre","7":"product_tag-bio","8":"product_tag-graine-noire","9":"product_tag-huile-nigelle","10":"product_tag-naturel","11":"product_tag-shampoing","12":"pa_lot-158","13":"pa_lot-160","14":"pa_lot-159","16":"first","17":"instock","18":"shipping-taxable","19":"purchasable","20":"product-type-simple"},"_links":{"self":[{"href":"https:\/\/ventesengros.fr\/es\/wp-json\/wp\/v2\/product\/2084","targetHints":{"allow":["GET"]}}],"collection":[{"href":"https:\/\/ventesengros.fr\/es\/wp-json\/wp\/v2\/product"}],"about":[{"href":"https:\/\/ventesengros.fr\/es\/wp-json\/wp\/v2\/types\/product"}],"wp:featuredmedia":[{"embeddable":true,"href":"https:\/\/ventesengros.fr\/es\/wp-json\/wp\/v2\/media\/32710"}],"wp:attachment":[{"href":"https:\/\/ventesengros.fr\/es\/wp-json\/wp\/v2\/media?parent=2084"}],"wp:term":[{"taxonomy":"product_brand","embeddable":true,"href":"https:\/\/ventesengros.fr\/es\/wp-json\/wp\/v2\/product_brand?post=2084"},{"taxonomy":"product_cat","embeddable":true,"href":"https:\/\/ventesengros.fr\/es\/wp-json\/wp\/v2\/product_cat?post=2084"},{"taxonomy":"product_tag","embeddable":true,"href":"https:\/\/ventesengros.fr\/es\/wp-json\/wp\/v2\/product_tag?post=2084"}],"curies":[{"name":"wp","href":"https:\/\/api.w.org\/{rel}","templated":true}]}}