{"id":1773,"date":"2014-03-19T12:56:00","date_gmt":"2014-03-19T11:56:00","guid":{"rendered":"http:\/\/pietra-communication.com\/ventesengros.fr\/?post_type=product&#038;p=1773"},"modified":"2023-06-15T10:09:22","modified_gmt":"2023-06-15T09:09:22","slug":"confiture-habbasawda-gingembre","status":"publish","type":"product","link":"https:\/\/ventesengros.fr\/es\/grossiste\/mermelada-de-jengibre-habbasawda\/","title":{"rendered":"Mermelada de jengibre Habba Sawda 210g (paquete de 12)"},"content":{"rendered":"<p><strong>Propiedad:<\/strong><\/p>\n<p><strong>Aceite de comino negro<\/strong> o comino negro, se utiliza desde hace miles de a\u00f1os para aliviar una gran variedad de dolencias en todas las partes del mundo (Oriente Medio, Asia, India, etc.).<\/p>\n<p>Aceite esencial de<strong>\u00a0jengibre ecol\u00f3gico<\/strong>\u00a0se utiliza para tratar los trastornos estomacales, la diarrea y las n\u00e1useas, como estimulante y t\u00f3nico sexual, como aperitivo, pero tambi\u00e9n se utiliza mucho con fines culinarios...<\/p>\n<p>Beneficios de la habba sawda y el jengibre:<\/p>\n<p>1) Contra los microbios<\/p>\n<p>2) Antibi\u00f3tico para las v\u00edas respiratorias<\/p>\n<p>3) Az\u00facar en sangre<\/p>\n<p>4) Saliente general<\/p>\n<p>5) Evacuaci\u00f3n de gases<\/p>\n<p><strong>\u00a0<\/strong><\/p>\n<p><strong>Marca:<\/strong>\u00a0Al moumtaz<\/p>\n<p><strong>Procedencia:\u00a0<\/strong>Marruecos<\/p>\n<p><strong>Peso:<\/strong>210g<\/p>\n<p><strong><span style=\"color: #ff0000;\">Este producto se entregar\u00e1 con una tapa blanca.<\/span><\/strong><\/p>","protected":false},"excerpt":{"rendered":"<p>Le ofrecemos <strong>Mermelada de Nigella y jengibre<\/strong><strong>\u00a0<\/strong>se venden en paquetes de 12 unidades.<\/p>\n<p>Precio de venta recomendado: 10,00 euros.<\/p>\n<p>1 lote :\u00a0<span style=\"color: #0ad227;\">2,99\/unidad X 12 = 35,88 e<\/span><\/p>","protected":false},"featured_media":1921,"template":"","meta":[],"product_brand":[],"product_cat":[206,284,59],"product_tag":[684,91,76,92,88],"class_list":{"0":"post-1773","1":"product","2":"type-product","3":"status-publish","4":"has-post-thumbnail","6":"product_cat-alimentation","7":"product_cat-confitures","8":"product_cat-soin-et-bien-etre","9":"product_tag-210g","10":"product_tag-confiture","11":"product_tag-gingembre","12":"product_tag-habbasawda","13":"product_tag-nigelle","14":"pa_lot-158","15":"pa_lot-160","16":"pa_lot-159","18":"first","19":"instock","20":"shipping-taxable","21":"purchasable","22":"product-type-simple"},"_links":{"self":[{"href":"https:\/\/ventesengros.fr\/es\/wp-json\/wp\/v2\/product\/1773","targetHints":{"allow":["GET"]}}],"collection":[{"href":"https:\/\/ventesengros.fr\/es\/wp-json\/wp\/v2\/product"}],"about":[{"href":"https:\/\/ventesengros.fr\/es\/wp-json\/wp\/v2\/types\/product"}],"wp:featuredmedia":[{"embeddable":true,"href":"https:\/\/ventesengros.fr\/es\/wp-json\/wp\/v2\/media\/1921"}],"wp:attachment":[{"href":"https:\/\/ventesengros.fr\/es\/wp-json\/wp\/v2\/media?parent=1773"}],"wp:term":[{"taxonomy":"product_brand","embeddable":true,"href":"https:\/\/ventesengros.fr\/es\/wp-json\/wp\/v2\/product_brand?post=1773"},{"taxonomy":"product_cat","embeddable":true,"href":"https:\/\/ventesengros.fr\/es\/wp-json\/wp\/v2\/product_cat?post=1773"},{"taxonomy":"product_tag","embeddable":true,"href":"https:\/\/ventesengros.fr\/es\/wp-json\/wp\/v2\/product_tag?post=1773"}],"curies":[{"name":"wp","href":"https:\/\/api.w.org\/{rel}","templated":true}]}}