{"id":1771,"date":"2014-03-17T12:02:13","date_gmt":"2014-03-17T11:02:13","guid":{"rendered":"http:\/\/pietra-communication.com\/ventesengros.fr\/?page_id=1771"},"modified":"2016-01-01T12:28:51","modified_gmt":"2016-01-01T11:28:51","slug":"commander","status":"publish","type":"page","link":"https:\/\/ventesengros.fr\/es\/pedir-2\/","title":{"rendered":"Pida"},"content":{"rendered":"<h1 style=\"text-align: center;\"><strong><span style=\"text-decoration: underline;\">\u00bfC\u00f3mo hago un \"pedido\"?<\/span><\/strong><\/h1>\n<p>&nbsp;<\/p>\n<p>&nbsp;<\/p>\n<p><span style=\"text-decoration: underline; color: #ff0000;\">1.Pedidos<\/span><\/p>\n<p>El comprador deber\u00e1 elegir directamente en el sitio los art\u00edculos indicando el n\u00famero de lote deseado, \u00e9ste se compromete a rellenar el formulario de pedido registrando toda la informaci\u00f3n solicitada.<span style=\"font-size: 16px;\">.<\/span><\/p>\n<p><span style=\"text-decoration: underline; color: #ff0000;\">2 Tarifas y facturas<\/span><\/p>\n<p>Todos los precios del sitio web incluyen el IVA.<br \/>\nProporcionamos una factura por cada pedido, IVA incluido.<\/p>\n<p><span style=\"text-decoration: underline; color: #ff0000;\">3.pedido m\u00ednimo<\/span><\/p>\n<p>El pedido m\u00ednimo es de 10 kg, y el peso de sus art\u00edculos se calcula autom\u00e1ticamente mientras compra.<\/p>\n<p><span style=\"text-decoration: underline; color: #ff0000;\">4 Pago<\/span><\/p>\n<p>El pago puede efectuarse por :<\/p>\n<p>-Tarjeta de cr\u00e9dito<br \/>\n-Paypal<br \/>\n-Orden de dinero.<\/p>\n<p><span style=\"text-decoration: underline; color: #ff0000;\">5.gastos de entrega y env\u00edo<\/span><\/p>\n<p>Los gastos de env\u00edo var\u00edan en funci\u00f3n del m\u00e9todo de entrega elegido:<\/p>\n<p>\u2013<strong>Recogida in situ: <\/strong><span style=\"text-decoration: underline;\">Sin gastos de env\u00edo<\/span> + <strong><span style=\"color: #ff0000;\">10% descuento en el pedido<\/span><\/strong><br \/>\n\u2013<strong>Puntos de relevos de socios<\/strong>:<strong> <span style=\"color: #ff0000;\">gastos de env\u00edo GRATIS<\/span><\/strong><br \/>\n\u2013<strong>Entrega en Marruecos<\/strong> : <strong><span style=\"color: #ff0000;\">\u00a0gastos de env\u00edo GRATIS<\/span><\/strong><br \/>\n\u2013<strong>Mondial Rel\u00e9\/Colissimo<\/strong> Las tarifas se basan en el peso:<\/p>\n<p>-Entre 10 kg y 20 kg: 2 euros\/kg<br \/>\n-Entre 20 kg y 30 kg: 1,75 euros\/kg<br \/>\n-M\u00e1s de 30 kg: 1,5 euros\/kg<\/p>\n<p>A esto se a\u00f1aden los gastos espec\u00edficos de cada medio de env\u00edo, en funci\u00f3n del peso de su pedido (los gastos se calculan autom\u00e1ticamente al elegir el medio de env\u00edo deseado).<\/p>\n<p>Los gastos de env\u00edo se calculan sobre la base de una estimaci\u00f3n (que se ajusta a la realidad, o al menos se aproxima mucho a ella) del peso total del pedido. Por tanto, el acuerdo se basa en el importe de los gastos de transporte.<\/p>\n<h2>Lista de nuestros puntos de relevo asociados:<\/h2>\n<p><strong><span style=\"color: #0000ff; text-decoration: underline;\">FRANCIA :<\/span><\/strong><br \/>\n-AGEN<br \/>\n-BORDEAUX<br \/>\n-DIJON<br \/>\n-FORBACH<br \/>\n-LIBERCOURT<br \/>\n-LILLE<br \/>\n-LYON<br \/>\n-METZ<br \/>\n-MONTAUBAN<br \/>\n-MONTPELLIER<br \/>\n-MULHOUSE<br \/>\n-NANCY<br \/>\n-PAU<br \/>\n-PERPIGNAN<br \/>\n-REGI\u00d3N DE PAR\u00cdS ( <i style=\"color: #222222;\">Argenteuil (95) <i>,\u00a0<i style=\"color: #222222;\">Clichy (92), Les Mureaux (78)\u00a0<\/i><\/i><\/i>)<br \/>\n-ROUEN<br \/>\n-STRASBOURG<br \/>\n-TOULOUSE<br \/>\n-TOURS<\/p>\n<p><strong><span style=\"text-decoration: underline;\"><span style=\"color: #3366ff; text-decoration: underline;\">B\u00c9LGICA :<\/span><\/span><\/strong><br \/>\n-ANTWERP<br \/>\n-LI\u00c8GE<br \/>\n-BRUSELAS<\/p>\n<p><strong><span style=\"text-decoration: underline;\"><span style=\"color: #3366ff; text-decoration: underline;\">HOLLANDE :<\/span><\/span><\/strong><br \/>\n-AMSTERDAM<\/p>\n<p>&nbsp;<\/p>\n<p><span style=\"text-decoration: underline; color: #ff0000;\">7 Plazo de entrega<\/span><\/p>\n<p>Los plazos de entrega, desde el pedido hasta la entrega, dependen del m\u00e9todo de entrega:<br \/>\n-Entre 10 y 14 d\u00edas laborables en un punto de enlace<br \/>\n-Entre 12 y 16 d\u00edas laborables por Colissimo<\/p>\n<p><span style=\"text-decoration: underline; color: #ff0000;\">8.costes adicionales<\/span><\/p>\n<p>En funci\u00f3n del m\u00e9todo de pago elegido, pueden aplicarse gastos adicionales:<br \/>\n-Giro postal: Los gastos var\u00edan en funci\u00f3n de la compa\u00f1\u00eda utilizada (Western Union\/Moneygram) y del importe enviado. P\u00f3ngase en contacto con estas compa\u00f1\u00edas para obtener m\u00e1s informaci\u00f3n.<br \/>\n-Paypal : Los gastos adicionales son 1.7% del importe total del pedido +0.12 Euros<\/p>\n<p><span style=\"text-decoration: underline; color: #ff0000;\">9.Responsabilidad<\/span><\/p>\n<p>Todas las reclamaciones presentadas en <strong>m\u00e1s de 10 d\u00edas<\/strong> despu\u00e9s de la notificaci\u00f3n de la disponibilidad de la parcela en un punto de relevo o la recepci\u00f3n de la Colissimo, no puede ser procesada por Orient grossiste.<\/p>\n<h2 style=\"text-align: right;\">\u00a0 \u00a0 \u00a0 \u00a0 \u00a0 \u00a0 \u00a0 \u00a0 \u00a0 \u00a0 \u00a0 \u00a0 \u00a0 \u00a0 \u00a0 \u00a0 \u00a0 \u00a0 \u00a0 \u00a0 \u00a0 \u00a0 \u00a0 \u00a0 \u00a0 \u00a0 \u00a0<span style=\"text-decoration: underline;\">Mayorista Orient<\/span><\/h2>\n<p>&nbsp;<\/p>\n<p>&nbsp;<\/p>","protected":false},"excerpt":{"rendered":"<p>Comment faire pour &lt;&lt;commander&gt;&gt;? &nbsp; &nbsp; 1.Commande L&rsquo;acheteur devra choisir directement sur le site les articles\u00a0en y indiquant le\u00a0nombre de lot voulut, celui-ci s&rsquo;engage \u00e0 bien remplir le bon de commande en inscrivant toutes les informations demand\u00e9s. 2.Tarif et factures Les tarifs pr\u00e9sent sur le site sont exprim\u00e9s en TTC. Nous fournissons pour chaque commande [&#8230;]\n","protected":false},"author":1,"featured_media":0,"parent":0,"menu_order":0,"comment_status":"open","ping_status":"open","template":"","meta":{"footnotes":""},"class_list":["post-1771","page","type-page","status-publish","hentry"],"_links":{"self":[{"href":"https:\/\/ventesengros.fr\/es\/wp-json\/wp\/v2\/pages\/1771","targetHints":{"allow":["GET"]}}],"collection":[{"href":"https:\/\/ventesengros.fr\/es\/wp-json\/wp\/v2\/pages"}],"about":[{"href":"https:\/\/ventesengros.fr\/es\/wp-json\/wp\/v2\/types\/page"}],"author":[{"embeddable":true,"href":"https:\/\/ventesengros.fr\/es\/wp-json\/wp\/v2\/users\/1"}],"replies":[{"embeddable":true,"href":"https:\/\/ventesengros.fr\/es\/wp-json\/wp\/v2\/comments?post=1771"}],"version-history":[{"count":0,"href":"https:\/\/ventesengros.fr\/es\/wp-json\/wp\/v2\/pages\/1771\/revisions"}],"wp:attachment":[{"href":"https:\/\/ventesengros.fr\/es\/wp-json\/wp\/v2\/media?parent=1771"}],"curies":[{"name":"wp","href":"https:\/\/api.w.org\/{rel}","templated":true}]}}