{"id":81472,"date":"2026-04-29T12:15:19","date_gmt":"2026-04-29T11:15:19","guid":{"rendered":"https:\/\/ventesengros.fr\/?post_type=product&#038;p=81472"},"modified":"2026-04-29T12:15:57","modified_gmt":"2026-04-29T11:15:57","slug":"lait-de-chamelle-en-poudre-en-gros","status":"publish","type":"product","link":"https:\/\/ventesengros.fr\/de\/grossiste\/kamelmilchpulver-im-groshandel\/","title":{"rendered":"Kamelmilchpulver Gro\u00dfhandel"},"content":{"rendered":"<p>Der&nbsp;<strong>Kamelmilchpulver im Gro\u00dfhandel<\/strong> richtet sich an Fachleute, die ein originelles, praktisch zu lagerndes und begehrtes Produkt in der Welt der Naturkost anbieten m\u00f6chten. Dank seines trockenen Formats bietet es eine einfache L\u00f6sung f\u00fcr den Kauf, die Lagerung und den Wiederverkauf, insbesondere f\u00fcr Feinkostl\u00e4den, orientalische Boutiquen, Biol\u00e4den, Concept Stores f\u00fcr Lebensmittel, E-Commerce-H\u00e4ndler und spezialisierte Gro\u00dfh\u00e4ndler.<\/p>\n<p>Auf Ventes en Gros begleiten wir Fachleute auf der Suche nach einem <strong>gro\u00dfh\u00e4ndler f\u00fcr kamelmilchpulver<\/strong> mit einem Angebot, das f\u00fcr Mengenk\u00e4ufe, regelm\u00e4\u00dfigen Bedarf und Verteilungsprojekte gedacht ist. Das Produkt kann lose, kiloweise oder in angepassten Verpackungen je nach Marktbedarf angeboten werden.<\/p>\n<h2>Kauf von Kamelmilchpulver pro Kilo<\/h2>\n<p>Die\u2019<strong>Kauf von Kamelmilchpulver pro Kilo<\/strong> ist eine interessante L\u00f6sung f\u00fcr Wiederverk\u00e4ufer, die ihre Kosten unter Kontrolle halten, ein neues Sortiment testen oder einen flexiblen Lagerbestand aufbauen m\u00f6chten. Das Kilo-Format erm\u00f6glicht verschiedene professionelle Verwendungszwecke: Umverpackung, Verkauf in Gesch\u00e4ften, Erstellung von Entdecker-Packs oder Integration in ein Premium-Lebensmittelangebot.<\/p>\n<p>Diese Art von Produkten zieht eine neugierige Kundschaft an, die auf traditionelle Produkte und Ern\u00e4hrungsalternativen aus dem Nahen Osten, Nordafrika oder den W\u00fcstenregionen achtet. Die pulverf\u00f6rmige Darreichungsform erleichtert die Aufbewahrung und verringert den logistischen Aufwand, der mit fl\u00fcssigen Produkten verbunden ist.<\/p>\n<h2>Gro\u00dfh\u00e4ndler Kamelmilchpulver f\u00fcr Gewerbetreibende<\/h2>\n<p>Als Berufst\u00e4tiger einen <strong>gro\u00dfh\u00e4ndler kamelmilchpulver<\/strong> Das zuverl\u00e4ssige Kamelmilchpulver erm\u00f6glicht es, die Versorgung zu sichern und ein differenzierendes Produkt anzubieten. Kamelmilchpulver kann eine Reihe von Naturprodukten, orientalischen Lebensmitteln, Superfoods, Lebensmittelpulvern oder Premiumprodukten mit hohem Wahrnehmungswert perfekt erg\u00e4nzen.<\/p>\n<p>Die Nachfrage nach diesem Produkttyp wird in einigen franz\u00f6sischsprachigen M\u00e4rkten noch kaum ausgesch\u00f6pft. Gerade hier kann man eine Karte ausspielen: eine seltene Referenz anbieten, gut pr\u00e4sentiert, mit einer klaren Positionierung und einem beruhigenden Produktblatt. Es ist nicht n\u00f6tig, Wunder zu erz\u00e4hlen, das Produkt fasziniert schon von selbst genug.<\/p>\n<h2>Warum bieten Sie Kamelmilchpulver in Ihrem Katalog an?<\/h2>\n<p>Kamelmilchpulver hat f\u00fcr Gewerbetreibende mehrere Vorteile. Es ist einfacher zu transportieren als fl\u00fcssige Milch, leichter zu lagern und l\u00e4sst sich besser in eine Verkaufsstrategie im Internet oder in physischen Gesch\u00e4ften integrieren. Das Pulverformat erm\u00f6glicht es au\u00dferdem, gr\u00f6\u00dfere Mengen zu verarbeiten und gleichzeitig bestimmte Lagerungszw\u00e4nge zu reduzieren.<\/p>\n<p>F\u00fcr einen Einzelh\u00e4ndler ist es ein Produkt, das ein Sortiment mit einer unverwechselbaren Referenz bereichern kann. Es kann bei einer Kundschaft hervorgehoben werden, die an originellen Lebensmitteln, nomadischen Traditionen, W\u00fcstenprodukten oder ungew\u00f6hnlichen Premiumzutaten interessiert ist.<\/p>\n<h2>Ein passendes Angebot f\u00fcr Wiederverk\u00e4ufer und Fachgesch\u00e4fte<\/h2>\n<p>Unser Angebot von <strong>Kamelmilchpulver im Gro\u00dfhandel<\/strong> richtet sich an Gewerbetreibende, die ein Produkt mit hohem Marktpotenzial suchen. Egal, ob Sie ein Lebensmittelgesch\u00e4ft, ein Online-H\u00e4ndler, ein orientalisches Lebensmittelgesch\u00e4ft oder ein Einzelh\u00e4ndler sind, der Gro\u00dfeinkauf erm\u00f6glicht es Ihnen, eine komfortablere Gewinnspanne aufzubauen und eine gezielte Nachfrage zu befriedigen.<\/p>\n<p>Kamelmilchpulver kann auch mit anderen Produkten mit starker kulinarischer Identit\u00e4t kombiniert werden. Um Ihr Sortiment zu erweitern, k\u00f6nnen Sie auch unser Angebot an <a href=\"https:\/\/ventesengros.fr\/de\/grossiste\/marokkanischer-sellou-groshandel\/\">marokkanischer sellou Gro\u00dfhandel<\/a>, Ein traditioneller und beliebter Bezugspunkt in der Welt der marokkanischen und orientalischen Produkte.<\/p>\n<h2>Kamelmilchpulver: Ein differenzierendes Produkt f\u00fcr den Gro\u00dfhandel<\/h2>\n<p>In einem Markt, in dem viele Gesch\u00e4fte die gleichen Produkte anbieten, ist der <strong>Kamelmilchpulver pro Kilo<\/strong> erm\u00f6glicht es, sich von der Masse abzuheben. Es ist eine Referenz, die Aufmerksamkeit erregt, die Tiefe eines Sortiments verbessert und die Premium-Positionierung eines Gesch\u00e4fts st\u00e4rken kann.<\/p>\n<p>F\u00fcr eine E-Commerce-Strategie kann dieses Produkt mit p\u00e4dagogischen Inhalten, klaren Beschreibungen, n\u00fcchternen Bildern und einer Argumentation bearbeitet werden, die sich auf die Herkunft, die Praktikabilit\u00e4t, das Pulverformat und den professionellen Kauf konzentriert. Das Ziel ist einfach: beruhigen, erkl\u00e4ren und konvertieren.<\/p>\n<h2>Sicher online bestellen<\/h2>\n<p>Sie m\u00f6chten kaufen von <strong>Kamelmilchpulver im Gro\u00dfhandel<\/strong> oder ein Angebot f\u00fcr einen kiloweisen Einkauf erhalten? Ventes en Gros bietet geeignete L\u00f6sungen f\u00fcr Gewerbetreibende, die ihren Katalog mit originellen und differenzierenden Lebensmittelprodukten erweitern m\u00f6chten.<\/p>\n<p>F\u00fcr Preis-, Mengen- oder Verpackungsanfragen k\u00f6nnen Sie uns kontaktieren, um einen Vorschlag zu erhalten, der auf Ihre beruflichen Bed\u00fcrfnisse zugeschnitten ist.<\/p>\n<h2>FAQ - Kamelmilchpulver im Gro\u00dfhandel<\/h2>\n<div itemscope=\"\" itemtype=\"https:\/\/schema.org\/FAQPage\">\n<div itemprop=\"mainEntity\" itemscope=\"\" itemtype=\"https:\/\/schema.org\/Question\">\n<h3 itemprop=\"name\">Kann man Kamelmilchpulver kiloweise kaufen?<\/h3>\n<div itemprop=\"acceptedAnswer\" itemscope=\"\" itemtype=\"https:\/\/schema.org\/Answer\">\n<p itemprop=\"text\">Ja, der Kauf von Kamelmilchpulver in Kilopackungen ist f\u00fcr Gewerbetreibende je nach Verf\u00fcgbarkeit, gew\u00fcnschter Menge und Verpackungsbedarf m\u00f6glich.<\/p>\n<\/div>\n<\/div>\n<div itemprop=\"mainEntity\" itemscope=\"\" itemtype=\"https:\/\/schema.org\/Question\">\n<h3 itemprop=\"name\">F\u00fcr wen ist Kamelmilchpulver im Gro\u00dfhandel geeignet?<\/h3>\n<div itemprop=\"acceptedAnswer\" itemscope=\"\" itemtype=\"https:\/\/schema.org\/Answer\">\n<p itemprop=\"text\">Kamelmilchpulver im Gro\u00dfhandel richtet sich an orientalische Lebensmittelgesch\u00e4fte, Biol\u00e4den, E-Commerce-H\u00e4ndler, Lebensmittelgro\u00dfh\u00e4ndler, Concept Stores und Gewerbetreibende, die ein originelles Produkt in ihrem Katalog anbieten m\u00f6chten.<\/p>\n<\/div>\n<\/div>\n<div itemprop=\"mainEntity\" itemscope=\"\" itemtype=\"https:\/\/schema.org\/Question\">\n<h3 itemprop=\"name\">Warum sollten Sie einen Gro\u00dfh\u00e4ndler f\u00fcr Kamelmilchpulver w\u00e4hlen?<\/h3>\n<div itemprop=\"acceptedAnswer\" itemscope=\"\" itemtype=\"https:\/\/schema.org\/Answer\">\n<p itemprop=\"text\">Der Weg \u00fcber einen Gro\u00dfh\u00e4ndler erm\u00f6glicht es, in gro\u00dfen Mengen einzukaufen, die Beschaffungskosten zu optimieren und ein Produkt zu erhalten, das f\u00fcr den professionellen Wiederverkauf geeignet ist.<\/p>\n<\/div>\n<\/div>\n<div itemprop=\"mainEntity\" itemscope=\"\" itemtype=\"https:\/\/schema.org\/Question\">\n<h3 itemprop=\"name\">Ist Kamelmilchpulver praktisch f\u00fcr den Weiterverkauf?<\/h3>\n<div itemprop=\"acceptedAnswer\" itemscope=\"\" itemtype=\"https:\/\/schema.org\/Answer\">\n<p itemprop=\"text\">Ja, sein Pulverformat erleichtert die Lagerung, den Transport und das Volumenmanagement, was es zu einer praktischen Option f\u00fcr Gesch\u00e4fte und Wiederverk\u00e4ufer macht.<\/p>\n<\/div>\n<\/div>\n<\/div>","protected":false},"excerpt":{"rendered":"<p><strong>Eigenschaften :<\/strong><\/p>\n<ul>\n<li><strong>Herkunft<\/strong> : U.A.E. (Vereinigte Arabische Emirate.<\/li>\n<li><strong>Fassungsverm\u00f6gen<\/strong> : 100g-Beutel - 1 Kilo.<\/li>\n<\/ul>","protected":false},"featured_media":81474,"template":"","meta":[],"product_brand":[],"product_cat":[206,1571],"product_tag":[],"class_list":{"0":"post-81472","1":"product","2":"type-product","3":"status-publish","4":"has-post-thumbnail","6":"product_cat-alimentation","7":"product_cat-grossiste-produits-nabaty","9":"first","10":"instock","11":"shipping-taxable","12":"purchasable","13":"product-type-variable","14":"has-default-attributes"},"_links":{"self":[{"href":"https:\/\/ventesengros.fr\/de\/wp-json\/wp\/v2\/product\/81472","targetHints":{"allow":["GET"]}}],"collection":[{"href":"https:\/\/ventesengros.fr\/de\/wp-json\/wp\/v2\/product"}],"about":[{"href":"https:\/\/ventesengros.fr\/de\/wp-json\/wp\/v2\/types\/product"}],"wp:featuredmedia":[{"embeddable":true,"href":"https:\/\/ventesengros.fr\/de\/wp-json\/wp\/v2\/media\/81474"}],"wp:attachment":[{"href":"https:\/\/ventesengros.fr\/de\/wp-json\/wp\/v2\/media?parent=81472"}],"wp:term":[{"taxonomy":"product_brand","embeddable":true,"href":"https:\/\/ventesengros.fr\/de\/wp-json\/wp\/v2\/product_brand?post=81472"},{"taxonomy":"product_cat","embeddable":true,"href":"https:\/\/ventesengros.fr\/de\/wp-json\/wp\/v2\/product_cat?post=81472"},{"taxonomy":"product_tag","embeddable":true,"href":"https:\/\/ventesengros.fr\/de\/wp-json\/wp\/v2\/product_tag?post=81472"}],"curies":[{"name":"wp","href":"https:\/\/api.w.org\/{rel}","templated":true}]}}