{"id":77707,"date":"2025-12-16T19:42:32","date_gmt":"2025-12-16T18:42:32","guid":{"rendered":"https:\/\/ventesengros.fr\/?post_type=product&#038;p=77707"},"modified":"2026-04-20T16:17:58","modified_gmt":"2026-04-20T15:17:58","slug":"sauge-sechee-en-gros-lot-de-6","status":"publish","type":"product","link":"https:\/\/ventesengros.fr\/de\/grossiste\/getrockneter-salbei-im-6er-pack\/","title":{"rendered":"Getrockneter Salbei im Gro\u00dfhandel \u2013 50 g (6er-Pack)"},"content":{"rendered":"","protected":false},"excerpt":{"rendered":"<p>Wir bieten Ihnen diesen getrockneten Salbei aus Marokko an, der aufgrund seiner reinigenden und beruhigenden Eigenschaften sorgf\u00e4ltig ausgew\u00e4hlt wurde. Er eignet sich ideal f\u00fcr Aufg\u00fcsse. Verkauft in Packungen zu je 6 Beuteln \u00e0 50 g.<\/p>\n<p>Einzelpreis: 0,65 \u20ac<\/p>\n<p>Preis des Loses: 3,90 \u20ac<\/p>","protected":false},"featured_media":77708,"template":"","meta":[],"product_brand":[],"product_cat":[1571,606],"product_tag":[],"class_list":{"0":"post-77707","1":"product","2":"type-product","3":"status-publish","4":"has-post-thumbnail","6":"product_cat-grossiste-produits-nabaty","7":"product_cat-vrac-par-litre","9":"first","10":"instock","11":"shipping-taxable","12":"purchasable","13":"product-type-simple"},"_links":{"self":[{"href":"https:\/\/ventesengros.fr\/de\/wp-json\/wp\/v2\/product\/77707","targetHints":{"allow":["GET"]}}],"collection":[{"href":"https:\/\/ventesengros.fr\/de\/wp-json\/wp\/v2\/product"}],"about":[{"href":"https:\/\/ventesengros.fr\/de\/wp-json\/wp\/v2\/types\/product"}],"wp:featuredmedia":[{"embeddable":true,"href":"https:\/\/ventesengros.fr\/de\/wp-json\/wp\/v2\/media\/77708"}],"wp:attachment":[{"href":"https:\/\/ventesengros.fr\/de\/wp-json\/wp\/v2\/media?parent=77707"}],"wp:term":[{"taxonomy":"product_brand","embeddable":true,"href":"https:\/\/ventesengros.fr\/de\/wp-json\/wp\/v2\/product_brand?post=77707"},{"taxonomy":"product_cat","embeddable":true,"href":"https:\/\/ventesengros.fr\/de\/wp-json\/wp\/v2\/product_cat?post=77707"},{"taxonomy":"product_tag","embeddable":true,"href":"https:\/\/ventesengros.fr\/de\/wp-json\/wp\/v2\/product_tag?post=77707"}],"curies":[{"name":"wp","href":"https:\/\/api.w.org\/{rel}","templated":true}]}}