{"id":76628,"date":"2025-10-31T20:26:17","date_gmt":"2025-10-31T19:26:17","guid":{"rendered":"https:\/\/ventesengros.fr\/?post_type=product&#038;p=76628"},"modified":"2025-10-31T20:28:39","modified_gmt":"2025-10-31T19:28:39","slug":"huile-essentielle-dorange-en-gros","status":"publish","type":"product","link":"https:\/\/ventesengros.fr\/de\/grossiste\/orangenol-im-groshandel\/","title":{"rendered":"\u00c4therisches Orangen\u00f6l im Gro\u00dfhandel \u2013 10 ml (12er-Pack)"},"content":{"rendered":"","protected":false},"excerpt":{"rendered":"<p>Gro\u00dfhandel: 12 Flaschen \u00e4therisches Orangen\u00f6l. Verdauungsf\u00f6rdernd und nervenberuhigend.<\/p>\n<ul>\n<li>Einzelpreis: 1,99 \u20ac<\/li>\n<li>Preis des Sets: 23,88 \u20ac<\/li>\n<\/ul>","protected":false},"featured_media":76610,"template":"","meta":[],"product_brand":[],"product_cat":[937],"product_tag":[],"class_list":{"0":"post-76628","1":"product","2":"type-product","3":"status-publish","4":"has-post-thumbnail","6":"product_cat-huile-essentielle","8":"first","9":"instock","10":"shipping-taxable","11":"purchasable","12":"product-type-simple"},"_links":{"self":[{"href":"https:\/\/ventesengros.fr\/de\/wp-json\/wp\/v2\/product\/76628","targetHints":{"allow":["GET"]}}],"collection":[{"href":"https:\/\/ventesengros.fr\/de\/wp-json\/wp\/v2\/product"}],"about":[{"href":"https:\/\/ventesengros.fr\/de\/wp-json\/wp\/v2\/types\/product"}],"wp:featuredmedia":[{"embeddable":true,"href":"https:\/\/ventesengros.fr\/de\/wp-json\/wp\/v2\/media\/76610"}],"wp:attachment":[{"href":"https:\/\/ventesengros.fr\/de\/wp-json\/wp\/v2\/media?parent=76628"}],"wp:term":[{"taxonomy":"product_brand","embeddable":true,"href":"https:\/\/ventesengros.fr\/de\/wp-json\/wp\/v2\/product_brand?post=76628"},{"taxonomy":"product_cat","embeddable":true,"href":"https:\/\/ventesengros.fr\/de\/wp-json\/wp\/v2\/product_cat?post=76628"},{"taxonomy":"product_tag","embeddable":true,"href":"https:\/\/ventesengros.fr\/de\/wp-json\/wp\/v2\/product_tag?post=76628"}],"curies":[{"name":"wp","href":"https:\/\/api.w.org\/{rel}","templated":true}]}}