{"id":76625,"date":"2025-10-31T19:56:27","date_gmt":"2025-10-31T18:56:27","guid":{"rendered":"https:\/\/ventesengros.fr\/?post_type=product&#038;p=76625"},"modified":"2025-10-31T20:01:06","modified_gmt":"2025-10-31T19:01:06","slug":"huile-essentielle-de-lavande-en-gros","status":"publish","type":"product","link":"https:\/\/ventesengros.fr\/de\/grossiste\/lavendelol-im-groshandel-2\/","title":{"rendered":"\u00c4therisches Lavendel\u00f6l im Gro\u00dfhandel \u2013 10 ml (12er-Pack)"},"content":{"rendered":"","protected":false},"excerpt":{"rendered":"<p>Dieses beruhigende und entspannende \u00e4therische \u00d6l aus echtem Lavendel eignet sich perfekt zur Entspannung, zum Einschlafen und zur Hautpflege. Herkunft: Marokko.<\/p>\n<ul>\n<li>Einzelpreis: 1,99 \u20ac<\/li>\n<li>Preis des Sets: 23,88 \u20ac<\/li>\n<\/ul>","protected":false},"featured_media":76606,"template":"","meta":[],"product_brand":[],"product_cat":[937],"product_tag":[],"class_list":{"0":"post-76625","1":"product","2":"type-product","3":"status-publish","4":"has-post-thumbnail","6":"product_cat-huile-essentielle","8":"first","9":"instock","10":"shipping-taxable","11":"purchasable","12":"product-type-simple"},"_links":{"self":[{"href":"https:\/\/ventesengros.fr\/de\/wp-json\/wp\/v2\/product\/76625","targetHints":{"allow":["GET"]}}],"collection":[{"href":"https:\/\/ventesengros.fr\/de\/wp-json\/wp\/v2\/product"}],"about":[{"href":"https:\/\/ventesengros.fr\/de\/wp-json\/wp\/v2\/types\/product"}],"wp:featuredmedia":[{"embeddable":true,"href":"https:\/\/ventesengros.fr\/de\/wp-json\/wp\/v2\/media\/76606"}],"wp:attachment":[{"href":"https:\/\/ventesengros.fr\/de\/wp-json\/wp\/v2\/media?parent=76625"}],"wp:term":[{"taxonomy":"product_brand","embeddable":true,"href":"https:\/\/ventesengros.fr\/de\/wp-json\/wp\/v2\/product_brand?post=76625"},{"taxonomy":"product_cat","embeddable":true,"href":"https:\/\/ventesengros.fr\/de\/wp-json\/wp\/v2\/product_cat?post=76625"},{"taxonomy":"product_tag","embeddable":true,"href":"https:\/\/ventesengros.fr\/de\/wp-json\/wp\/v2\/product_tag?post=76625"}],"curies":[{"name":"wp","href":"https:\/\/api.w.org\/{rel}","templated":true}]}}