{"id":76614,"date":"2025-10-31T18:56:37","date_gmt":"2025-10-31T17:56:37","guid":{"rendered":"https:\/\/ventesengros.fr\/?post_type=product&#038;p=76614"},"modified":"2025-10-31T19:29:10","modified_gmt":"2025-10-31T18:29:10","slug":"huile-essentielle-de-cedre-de-latlas-en-gros","status":"publish","type":"product","link":"https:\/\/ventesengros.fr\/de\/grossiste\/atherisches-ol-der-atlaszeder-im-groshandel-2\/","title":{"rendered":"\u00c4therisches \u00d6l Atlaszeder im Gro\u00dfhandel \u2013 10 ml (12er-Pack)"},"content":{"rendered":"","protected":false},"excerpt":{"rendered":"<p> Dieses \u00d6l wird aus der Atlaszeder Marokkos gewonnen und eignet sich ideal zur F\u00f6rderung der Entspannung und zur Reinigung der Raumluft.<\/p>\n<ul>\n<li>Einzelpreis: 1,99 \u20ac<\/li>\n<li>Preis des Sets: 23,88 \u20ac<\/li>\n<\/ul>","protected":false},"featured_media":76615,"template":"","meta":[],"product_brand":[],"product_cat":[937],"product_tag":[],"class_list":{"0":"post-76614","1":"product","2":"type-product","3":"status-publish","4":"has-post-thumbnail","6":"product_cat-huile-essentielle","8":"first","9":"instock","10":"shipping-taxable","11":"purchasable","12":"product-type-simple"},"_links":{"self":[{"href":"https:\/\/ventesengros.fr\/de\/wp-json\/wp\/v2\/product\/76614","targetHints":{"allow":["GET"]}}],"collection":[{"href":"https:\/\/ventesengros.fr\/de\/wp-json\/wp\/v2\/product"}],"about":[{"href":"https:\/\/ventesengros.fr\/de\/wp-json\/wp\/v2\/types\/product"}],"wp:featuredmedia":[{"embeddable":true,"href":"https:\/\/ventesengros.fr\/de\/wp-json\/wp\/v2\/media\/76615"}],"wp:attachment":[{"href":"https:\/\/ventesengros.fr\/de\/wp-json\/wp\/v2\/media?parent=76614"}],"wp:term":[{"taxonomy":"product_brand","embeddable":true,"href":"https:\/\/ventesengros.fr\/de\/wp-json\/wp\/v2\/product_brand?post=76614"},{"taxonomy":"product_cat","embeddable":true,"href":"https:\/\/ventesengros.fr\/de\/wp-json\/wp\/v2\/product_cat?post=76614"},{"taxonomy":"product_tag","embeddable":true,"href":"https:\/\/ventesengros.fr\/de\/wp-json\/wp\/v2\/product_tag?post=76614"}],"curies":[{"name":"wp","href":"https:\/\/api.w.org\/{rel}","templated":true}]}}