{"id":71405,"date":"2025-04-04T16:03:22","date_gmt":"2025-04-04T15:03:22","guid":{"rendered":"https:\/\/ventesengros.fr\/?post_type=product&#038;p=71405"},"modified":"2025-04-04T16:03:23","modified_gmt":"2025-04-04T15:03:23","slug":"gelules-de-sene-makki","status":"publish","type":"product","link":"https:\/\/ventesengros.fr\/de\/grossiste\/sene-makki-kapseln\/","title":{"rendered":"60 Kapseln Senna Makki Gro\u00dfpackung \u2013 (6er-Pack)"},"content":{"rendered":"","protected":false},"excerpt":{"rendered":"<p>Wir bieten Ihnen Kapseln aus Senna Maki an. Herkunft: Marokko, verkauft in Packungen zu 6 Beuteln \u00e0 100 g.<\/p>\n<p style=\"font-weight: 400;\">Detox-Kr\u00e4utertee, starkes Abf\u00fchrmittel, nat\u00fcrliches Laxativum, f\u00f6rdert die Darmt\u00e4tigkeit und die Darmreinigung.<\/p>","protected":false},"featured_media":71406,"template":"","meta":[],"product_brand":[],"product_cat":[1554],"product_tag":[],"class_list":{"0":"post-71405","1":"product","2":"type-product","3":"status-publish","4":"has-post-thumbnail","6":"product_cat-grossiste-gelules","8":"first","9":"instock","10":"shipping-taxable","11":"purchasable","12":"product-type-simple"},"_links":{"self":[{"href":"https:\/\/ventesengros.fr\/de\/wp-json\/wp\/v2\/product\/71405","targetHints":{"allow":["GET"]}}],"collection":[{"href":"https:\/\/ventesengros.fr\/de\/wp-json\/wp\/v2\/product"}],"about":[{"href":"https:\/\/ventesengros.fr\/de\/wp-json\/wp\/v2\/types\/product"}],"wp:featuredmedia":[{"embeddable":true,"href":"https:\/\/ventesengros.fr\/de\/wp-json\/wp\/v2\/media\/71406"}],"wp:attachment":[{"href":"https:\/\/ventesengros.fr\/de\/wp-json\/wp\/v2\/media?parent=71405"}],"wp:term":[{"taxonomy":"product_brand","embeddable":true,"href":"https:\/\/ventesengros.fr\/de\/wp-json\/wp\/v2\/product_brand?post=71405"},{"taxonomy":"product_cat","embeddable":true,"href":"https:\/\/ventesengros.fr\/de\/wp-json\/wp\/v2\/product_cat?post=71405"},{"taxonomy":"product_tag","embeddable":true,"href":"https:\/\/ventesengros.fr\/de\/wp-json\/wp\/v2\/product_tag?post=71405"}],"curies":[{"name":"wp","href":"https:\/\/api.w.org\/{rel}","templated":true}]}}