{"id":69990,"date":"2025-02-20T10:34:02","date_gmt":"2025-02-20T09:34:02","guid":{"rendered":"https:\/\/ventesengros.fr\/?post_type=product&#038;p=69990"},"modified":"2025-02-20T10:34:02","modified_gmt":"2025-02-20T09:34:02","slug":"huile-darmoise-en-gros-30ml","status":"publish","type":"product","link":"https:\/\/ventesengros.fr\/de\/grossiste\/darmoseol-grospackung-30-ml\/","title":{"rendered":"Beifu\u00df\u00f6l im Gro\u00dfhandel \u2013 30 ml \u2013 12er-Pack"},"content":{"rendered":"","protected":false},"excerpt":{"rendered":"<p>Wir bieten Ihnen Beifu\u00df\u00f6l an. Herkunft: Marokko, verkauft in Packungen zu 12 Flaschen \u00e0 30 ml.<\/p>\n<p>15,00 \u20ac \/Set mit 12 Flaschen<\/p>\n<p>Einzelpreis: 1,25 \u20ac \/St\u00fcck.<\/p>","protected":false},"featured_media":69991,"template":"","meta":[],"product_brand":[],"product_cat":[201],"product_tag":[],"class_list":{"0":"post-69990","1":"product","2":"type-product","3":"status-publish","4":"has-post-thumbnail","6":"product_cat-huiles-soin-et-bien-etre","8":"first","9":"instock","10":"shipping-taxable","11":"purchasable","12":"product-type-simple"},"_links":{"self":[{"href":"https:\/\/ventesengros.fr\/de\/wp-json\/wp\/v2\/product\/69990","targetHints":{"allow":["GET"]}}],"collection":[{"href":"https:\/\/ventesengros.fr\/de\/wp-json\/wp\/v2\/product"}],"about":[{"href":"https:\/\/ventesengros.fr\/de\/wp-json\/wp\/v2\/types\/product"}],"wp:featuredmedia":[{"embeddable":true,"href":"https:\/\/ventesengros.fr\/de\/wp-json\/wp\/v2\/media\/69991"}],"wp:attachment":[{"href":"https:\/\/ventesengros.fr\/de\/wp-json\/wp\/v2\/media?parent=69990"}],"wp:term":[{"taxonomy":"product_brand","embeddable":true,"href":"https:\/\/ventesengros.fr\/de\/wp-json\/wp\/v2\/product_brand?post=69990"},{"taxonomy":"product_cat","embeddable":true,"href":"https:\/\/ventesengros.fr\/de\/wp-json\/wp\/v2\/product_cat?post=69990"},{"taxonomy":"product_tag","embeddable":true,"href":"https:\/\/ventesengros.fr\/de\/wp-json\/wp\/v2\/product_tag?post=69990"}],"curies":[{"name":"wp","href":"https:\/\/api.w.org\/{rel}","templated":true}]}}