{"id":68748,"date":"2025-01-16T17:25:42","date_gmt":"2025-01-16T16:25:42","guid":{"rendered":"https:\/\/ventesengros.fr\/?post_type=product&#038;p=68748"},"modified":"2025-01-16T17:25:42","modified_gmt":"2025-01-16T16:25:42","slug":"huile-de-nigelle-dethiopie-abu-jamal","status":"publish","type":"product","link":"https:\/\/ventesengros.fr\/de\/grossiste\/nigellaol-aus-athiopien-abu-jamal\/","title":{"rendered":"Nigella\u00f6l aus \u00c4thiopien (Habachia) Abu Jamal \u2013 250 ml \u2013 6er-Pack"},"content":{"rendered":"","protected":false},"excerpt":{"rendered":"<p>Wir bieten Ihnen \u00e4thiopisches \u00d6l (Habachia) an. Herkunft: \u00c4thiopien, verkauft in Packungen zu 6 Gl\u00e4sern \u00e0 250 ml.<\/p>\n<p>Einzelpreis: 9,50 \u20ac \/St\u00fcck<\/p>","protected":false},"featured_media":68749,"template":"","meta":[],"product_brand":[],"product_cat":[1371],"product_tag":[],"class_list":{"0":"post-68748","1":"product","2":"type-product","3":"status-publish","4":"has-post-thumbnail","6":"product_cat-huile-de-nigelle","8":"first","9":"instock","10":"shipping-taxable","11":"purchasable","12":"product-type-simple"},"_links":{"self":[{"href":"https:\/\/ventesengros.fr\/de\/wp-json\/wp\/v2\/product\/68748","targetHints":{"allow":["GET"]}}],"collection":[{"href":"https:\/\/ventesengros.fr\/de\/wp-json\/wp\/v2\/product"}],"about":[{"href":"https:\/\/ventesengros.fr\/de\/wp-json\/wp\/v2\/types\/product"}],"wp:featuredmedia":[{"embeddable":true,"href":"https:\/\/ventesengros.fr\/de\/wp-json\/wp\/v2\/media\/68749"}],"wp:attachment":[{"href":"https:\/\/ventesengros.fr\/de\/wp-json\/wp\/v2\/media?parent=68748"}],"wp:term":[{"taxonomy":"product_brand","embeddable":true,"href":"https:\/\/ventesengros.fr\/de\/wp-json\/wp\/v2\/product_brand?post=68748"},{"taxonomy":"product_cat","embeddable":true,"href":"https:\/\/ventesengros.fr\/de\/wp-json\/wp\/v2\/product_cat?post=68748"},{"taxonomy":"product_tag","embeddable":true,"href":"https:\/\/ventesengros.fr\/de\/wp-json\/wp\/v2\/product_tag?post=68748"}],"curies":[{"name":"wp","href":"https:\/\/api.w.org\/{rel}","templated":true}]}}