{"id":60367,"date":"2024-04-12T11:50:45","date_gmt":"2024-04-12T10:50:45","guid":{"rendered":"https:\/\/ventesengros.fr\/?post_type=product&#038;p=60367"},"modified":"2024-12-19T21:19:35","modified_gmt":"2024-12-19T20:19:35","slug":"hiltite-en-morceaux","status":"publish","type":"product","link":"https:\/\/ventesengros.fr\/de\/grossiste\/hiltit-in-stucken\/","title":{"rendered":"Haltit in St\u00fccken \u2013 Asafoetida \u2013 Hantit \u2013 Hiltit (6er-Pack \u00e0 100 g)"},"content":{"rendered":"<p>Gesundheitliche Probleme mit ungekl\u00e4rter Ursache sind keine Seltenheit und k\u00f6nnen f\u00fcr die Betroffenen sehr belastend sein. Die\u2019<strong>Asafoetida<\/strong>, auch bekannt unter dem Namen\u00a0<strong>Haltyt<\/strong>, ist ein Harz, das seit der Antike in zahlreichen Behandlungen verwendet wird, darunter auch bei Beschwerden \u00fcbernat\u00fcrlichen Ursprungs, wie beispielsweise Krankheiten, die durch\u00a0<strong>Dschinns<\/strong>\u00a0oder das verborgene B\u00f6se. In diesem Artikel werden wir die Vorz\u00fcge dieser Pflanze untersuchen, indem wir ihre verschiedenen therapeutischen Eigenschaften behandeln.<\/p>\n<h2><strong>Vorstellung von Asafoetida oder Haltyt<\/strong><\/h2>\n<p>Dieses Harz, das aus Pflanzen der Familie der Apiaceae gewonnen wird, stammt haupts\u00e4chlich aus dem Iran und Afghanistan. Sein starker, unangenehmer Geruch hat ihm den Namen \u00abTeufelsmist\u00bb eingebracht, aber lassen Sie sich davon nicht t\u00e4uschen! Hinter diesem wenig einladenden \u00c4u\u00dferen verbergen sich zahlreiche gesundheitsf\u00f6rdernde Eigenschaften. Asafoetida wird seit Jahrhunderten in der ayurvedischen und traditionellen Medizin verwendet und hat insbesondere krampfl\u00f6sende, antimikrobielle, entz\u00fcndungshemmende und schleiml\u00f6sende Eigenschaften.<\/p>\n<h3><strong>Seine Vorteile f\u00fcr die Verdauung<\/strong><\/h3>\n<p>Bauchschmerzen, Bl\u00e4hungen, Verstopfung... Haltyt ist ein wertvoller Verb\u00fcndeter f\u00fcr alle, die unter Verdauungsst\u00f6rungen leiden. Dank seiner karminativen und krampfl\u00f6senden Eigenschaften hilft es bei der <a href=\"https:\/\/ventesengros.fr\/de\/grossiste\/sene-maki-blatter-5-kg-lose\/\"><strong>Verdauung<\/strong><\/a> indem es das V\u00f6llegef\u00fchl und Darmkr\u00e4mpfe lindert. Dar\u00fcber hinaus f\u00f6rdert es die Ausscheidung von Gasen und beugt Verstopfung vor, indem es die Darmt\u00e4tigkeit anregt.<\/p>\n<h2><strong>Haltyt Asafoetida bei der Behandlung okkulter Krankheiten<\/strong><\/h2>\n<p>Es ist wichtig zu beachten, dass Asafoetida keinen Arztbesuch ersetzt und dass vor der Anwendung solcher Behandlungen ein Arzt konsultiert werden sollte.<\/p>\n<p>Infektionen unbekannter Ursache, wie beispielsweise <a href=\"https:\/\/www.la-librairie-musulmane.com\/produit\/les-djinns\/\" target=\"_blank\" rel=\"noopener\"><strong>durch Dschinns verursacht<\/strong><\/a> oder das verborgene B\u00f6se k\u00f6nnen zahlreiche Gesundheitsprobleme verursachen. Haltyt ist eine nat\u00fcrliche L\u00f6sung, die dank ihrer therapeutischen Eigenschaften und ihrer F\u00e4higkeit, das Immunsystem zu st\u00e4rken, zur Linderung dieser Beschwerden beitragen kann.<\/p>\n<h3><strong>St\u00e4rkung des Immunsystems<\/strong><\/h3>\n<p>Durch die Stimulierung der Produktion wei\u00dfer Blutk\u00f6rperchen tr\u00e4gt Haltyt zur St\u00e4rkung des Immunsystems und zur besseren Bek\u00e4mpfung von Infektionen bei. Dar\u00fcber hinaus besitzt es entz\u00fcndungshemmende und schmerzstillende Eigenschaften, die Schmerzen und Beschwerden lindern, die mit gesundheitlichen Problemen aufgrund \u00fcbernat\u00fcrlicher Ursachen verbunden sind.<\/p>\n<h3><strong>Behandlung der psychologischen Symptome im Zusammenhang mit okkulten \u00dcbeln<\/strong><\/h3>\n<p>Opfer okkulter \u00dcbel k\u00f6nnen unter psychischen Symptomen wie Angstzust\u00e4nden, Depressionen oder Schlaflosigkeit leiden. Dank seiner beruhigenden und entspannenden Wirkung kann Haltyt dazu beitragen, diese Symptome zu lindern, indem es f\u00fcr mehr Gelassenheit und eine bessere Kontrolle der Emotionen sorgt.<\/p>\n<h2><strong>Weitere medizinische Anwendungen von Haltyt<\/strong><\/h2>\n<p>Neben der Behandlung von versteckten Krankheiten und Verdauungsst\u00f6rungen ist Asafoetida auch bekannt f\u00fcr:<\/p>\n<ul>\n<li>Linderung der Symptome bestimmter Atemwegserkrankungen wie Bronchitis, chronischer Husten und Asthma dank seiner schleiml\u00f6senden Eigenschaften.<\/li>\n<li>Bek\u00e4mpft bakterielle, pilzliche und parasit\u00e4re Infektionen dank seiner antimikrobiellen Eigenschaften.<\/li>\n<li>Den Blutdruck regulieren und Herzrisiken vorbeugen, indem auf die Durchblutung eingewirkt wird.<\/li>\n<li>Linderung von Menstruationsbeschwerden und F\u00f6rderung eines regelm\u00e4\u00dfigen Zyklus bei Frauen.<\/li>\n<li>Behandlung von Kopfschmerzen, Migr\u00e4ne und Zahnschmerzen.<\/li>\n<\/ul>\n<p>Um die Vorteile von Haltyt Asafoetida voll auszusch\u00f6pfen, sollte es in verschiedenen Formen verwendet werden, beispielsweise als Nahrungserg\u00e4nzungsmittel, als Pulver zum Hinzuf\u00fcgen zu Ihren Gerichten oder als \u00e4therisches \u00d6l f\u00fcr gezielte Massagen.<\/p>","protected":false},"excerpt":{"rendered":"<p><span style=\"color: #777777;\">Wir bieten Ihnen Hantie in St\u00fccken an,\u00a0<\/span><span style=\"color: #45818e;\"><b>Verkauft in Packungen zu je 6 Dosen \u00e0 100 g<\/b>.<\/span><\/p>\n<div>\n<div dir=\"ltr\">\n<p><b>Preis pro Packung: 2,70 \u20ac<\/b><\/p>\n<\/div>\n<div>\n<p>1 Set: 2,70 \u20ac \/ Schachtel x 6 = 16,20 \u20ac<\/p>\n<\/div>\n<\/div>","protected":false},"featured_media":60368,"template":"","meta":[],"product_brand":[],"product_cat":[1372,59],"product_tag":[],"class_list":{"0":"post-60367","1":"product","2":"type-product","3":"status-publish","4":"has-post-thumbnail","6":"product_cat-roqya","7":"product_cat-soin-et-bien-etre","9":"first","10":"instock","11":"shipping-taxable","12":"purchasable","13":"product-type-simple"},"_links":{"self":[{"href":"https:\/\/ventesengros.fr\/de\/wp-json\/wp\/v2\/product\/60367","targetHints":{"allow":["GET"]}}],"collection":[{"href":"https:\/\/ventesengros.fr\/de\/wp-json\/wp\/v2\/product"}],"about":[{"href":"https:\/\/ventesengros.fr\/de\/wp-json\/wp\/v2\/types\/product"}],"wp:featuredmedia":[{"embeddable":true,"href":"https:\/\/ventesengros.fr\/de\/wp-json\/wp\/v2\/media\/60368"}],"wp:attachment":[{"href":"https:\/\/ventesengros.fr\/de\/wp-json\/wp\/v2\/media?parent=60367"}],"wp:term":[{"taxonomy":"product_brand","embeddable":true,"href":"https:\/\/ventesengros.fr\/de\/wp-json\/wp\/v2\/product_brand?post=60367"},{"taxonomy":"product_cat","embeddable":true,"href":"https:\/\/ventesengros.fr\/de\/wp-json\/wp\/v2\/product_cat?post=60367"},{"taxonomy":"product_tag","embeddable":true,"href":"https:\/\/ventesengros.fr\/de\/wp-json\/wp\/v2\/product_tag?post=60367"}],"curies":[{"name":"wp","href":"https:\/\/api.w.org\/{rel}","templated":true}]}}