{"id":59077,"date":"2024-02-27T18:22:36","date_gmt":"2024-02-27T17:22:36","guid":{"rendered":"https:\/\/ventesengros.fr\/?post_type=product&#038;p=59077"},"modified":"2024-02-27T18:23:00","modified_gmt":"2024-02-27T17:23:00","slug":"graines-de-pollen","status":"publish","type":"product","link":"https:\/\/ventesengros.fr\/de\/grossiste\/pollen\/","title":{"rendered":"Pollensamen \u2013 1 kg"},"content":{"rendered":"<p>Die Welt der\u00a0<strong>Pollen<\/strong> ist ein spannendes Universum, das viele Experten f\u00fcr Frischprodukte anzieht. Obst, Gem\u00fcse und andere Lebensmittel auf Pollenbasis werden wegen ihrer gesundheitsf\u00f6rdernden Wirkung und ihres k\u00f6stlichen Geschmacks gesch\u00e4tzt. Wenn Sie ein Fachmann aus der Branche oder einfach nur neugierig sind, tauchen Sie ein in diesen Artikel, der sich speziell an Gro\u00dfh\u00e4ndler richtet.<\/p>\n<h2><strong>Qualit\u00e4tsbeschaffung: Wie w\u00e4hlt man seine Lieferanten aus?<\/strong><\/h2>\n<p>Der Kauf von\u00a0<strong>Pollen<\/strong>\u00a0Der Einkauf bei Gro\u00dfh\u00e4ndlern ist f\u00fcr Unternehmen, die sich auf den Verkauf von Frischprodukten spezialisiert haben, von entscheidender Bedeutung. Es gibt mehrere Kriterien f\u00fcr die Auswahl eines guten Lieferanten:<\/p>\n<ul>\n<li><strong>Die Herkunft der Samen:<\/strong>\u00a0Es wird empfohlen, lokale Produzenten zu bevorzugen, um Transportkosten zu sparen und die lokale Wirtschaft zu unterst\u00fctzen. Au\u00dferdem kann so die vollst\u00e4ndige R\u00fcckverfolgbarkeit gew\u00e4hrleistet und die Herkunft der Samen nachvollzogen werden.<\/li>\n<li><strong>Die Zertifizierungen:<\/strong>\u00a0Um die Qualit\u00e4t des Saatguts zu gew\u00e4hrleisten, sollte \u00fcberpr\u00fcft werden, ob der Lieferant \u00fcber eine Bio-Zertifizierung (AB, Ecocert\u2026) verf\u00fcgt.<\/li>\n<li><strong>Die angebotene Vielfalt:<\/strong>\u00a0Ein Gro\u00dfh\u00e4ndler, der eine gro\u00dfe Auswahl an Pollensamen anbietet, hat den Vorteil, dass er auf die spezifischen Bed\u00fcrfnisse jedes Kunden eingehen kann.<\/li>\n<li><strong>Lagerverwaltung:<\/strong>\u00a0Ein guter Lieferant muss in der Lage sein, sich an Marktschwankungen anzupassen und seine Lagerbest\u00e4nde effizient zu verwalten, um Lieferengp\u00e4sse zu vermeiden.<\/li>\n<\/ul>\n<h3><strong>Neuheiten und Trends im Bereich Pollensamen<\/strong><\/h3>\n<p>Die Nachfrage nach frischen Pollenprodukten steigt stetig. Die Verbraucher sind immer auf der Suche nach neuen Geschmacksrichtungen und N\u00e4hrwerten. Um sich auf diesem Wachstumsmarkt abzuheben, muss der Pollen-Gro\u00dfh\u00e4ndler daher \u00fcber die neuesten Trends und Innovationen informiert bleiben, um ein passendes Angebot anbieten zu k\u00f6nnen.<\/p>\n<h2><strong>Die vielf\u00e4ltigen Anwendungsm\u00f6glichkeiten von Pollensamen<\/strong><\/h2>\n<p>\u00dcber ihre Hauptverwendung als nat\u00fcrliches Nahrungserg\u00e4nzungsmittel hinaus\u00a0<strong>Pollen<\/strong>\u00a0haben ihren Platz in verschiedenen Bereichen gefunden:<\/p>\n<ul>\n<li><strong>Die Gastronomie:<\/strong>\u00a0Diese Samen lassen sich harmonisch in zahlreiche Kochrezepte integrieren und verleihen den zubereiteten Gerichten eine originelle und schmackhafte Note.<\/li>\n<li><strong>Getr\u00e4nke:<\/strong> Einige Fruchtsafthersteller f\u00fcgen ihren Rezepten Samen hinzu, um den N\u00e4hrwert ihrer Produkte zu steigern.<\/li>\n<li><strong>Kosmetika:<\/strong>\u00a0Dank ihres Reichtums an Vitaminen, Mineralstoffen und Antioxidantien werden Pollensamen auch in der Kosmetikindustrie gesch\u00e4tzt. Man findet sie in <a href=\"https:\/\/ventesengros.fr\/de\/grossiste\/creme-descargot-hemani\/\"><strong>Feuchtigkeitscremes,<\/strong><\/a> Haarpflegeprodukte oder Lippenbalsam.<\/li>\n<\/ul>\n<h3><strong>Die Rolle des Gro\u00dfh\u00e4ndlers bei der Verwertung von franz\u00f6sischem Pollen<\/strong><\/h3>\n<p>Aufgrund seiner strategischen Position zwischen Produzenten und Einzelh\u00e4ndlern spielt der Pollen-Gro\u00dfh\u00e4ndler eine wichtige Rolle bei der F\u00f6rderung von Samen aus der franz\u00f6sischen Imkerei. Indem er lokale Produzenten bevorzugt, tr\u00e4gt er zu folgenden Punkten bei:<\/p>\n<ol>\n<li><strong>F\u00f6rderung der lokalen Wirtschaft:<\/strong>\u00a0Durch die Auswahl von Produkten aus Frankreich tr\u00e4gt der Gro\u00dfh\u00e4ndler zur Entwicklung der nationalen Imkerei bei.;<\/li>\n<li><strong>R\u00fcckverfolgbarkeit gew\u00e4hrleisten:<\/strong> Durch die Zusammenarbeit mit lokalen Partnern kann der Pollen-Gro\u00dfh\u00e4ndler die Qualit\u00e4t und Herkunft der zum Verkauf angebotenen Samen gew\u00e4hrleisten.;<\/li>\n<li><strong>Begrenzung der Umweltauswirkungen:<\/strong>\u00a0Durch die Bevorzugung lokaler Bezugsquellen reduziert der Kunde die mit dem Transport verbundenen Treibhausgasemissionen.<\/li>\n<\/ol>","protected":false},"excerpt":{"rendered":"<p>Le monde des\u00a0graines de pollen est un univers passionnant qui attire de nombreux experts en produits frais. Les fruits, l\u00e9gumes et autres aliments \u00e0 base de pollen sont appr\u00e9ci\u00e9s pour leurs bienfaits sur la sant\u00e9 et leur go\u00fbt savoureux. Si vous \u00eates un professionnel du secteur ou un simple curieux, plongez au c\u0153ur de cet [&#8230;]\n","protected":false},"featured_media":59078,"template":"","meta":[],"product_brand":[],"product_cat":[1495],"product_tag":[],"class_list":{"0":"post-59077","1":"product","2":"type-product","3":"status-publish","4":"has-post-thumbnail","6":"product_cat-vrac","8":"first","9":"instock","10":"shipping-taxable","11":"purchasable","12":"product-type-simple"},"_links":{"self":[{"href":"https:\/\/ventesengros.fr\/de\/wp-json\/wp\/v2\/product\/59077","targetHints":{"allow":["GET"]}}],"collection":[{"href":"https:\/\/ventesengros.fr\/de\/wp-json\/wp\/v2\/product"}],"about":[{"href":"https:\/\/ventesengros.fr\/de\/wp-json\/wp\/v2\/types\/product"}],"wp:featuredmedia":[{"embeddable":true,"href":"https:\/\/ventesengros.fr\/de\/wp-json\/wp\/v2\/media\/59078"}],"wp:attachment":[{"href":"https:\/\/ventesengros.fr\/de\/wp-json\/wp\/v2\/media?parent=59077"}],"wp:term":[{"taxonomy":"product_brand","embeddable":true,"href":"https:\/\/ventesengros.fr\/de\/wp-json\/wp\/v2\/product_brand?post=59077"},{"taxonomy":"product_cat","embeddable":true,"href":"https:\/\/ventesengros.fr\/de\/wp-json\/wp\/v2\/product_cat?post=59077"},{"taxonomy":"product_tag","embeddable":true,"href":"https:\/\/ventesengros.fr\/de\/wp-json\/wp\/v2\/product_tag?post=59077"}],"curies":[{"name":"wp","href":"https:\/\/api.w.org\/{rel}","templated":true}]}}