{"id":57846,"date":"2024-01-16T10:01:13","date_gmt":"2024-01-16T09:01:13","guid":{"rendered":"https:\/\/ventesengros.fr\/?post_type=product&#038;p=57846"},"modified":"2024-11-08T08:47:46","modified_gmt":"2024-11-08T07:47:46","slug":"yara-rose-en-gros","status":"publish","type":"product","link":"https:\/\/ventesengros.fr\/de\/grossiste\/yara-rose-im-groshandel\/","title":{"rendered":"Yara Rose Gro\u00dfhandel 100 ml \u2013 Lattafa"},"content":{"rendered":"<p>Entdecken Sie endlich das\u2019<strong>Eau de Parfum Yara Rose<\/strong>, ein Gro\u00dfhandelsduft von Ihrem Gro\u00dfh\u00e4ndler! Er f\u00e4ngt die Zartheit und Eleganz von Amber und Vanille in einem charmanten Flakon ein. Diese blumige Essenz ist im Set oder einzeln erh\u00e4ltlich und wird Ihre Kunden mit ihrem raffinierten und bezaubernden Duft begeistern und ihnen ein unvergleichliches Dufterlebnis bieten.<\/p>\n<h2><strong>Ihr Gro\u00dfh\u00e4ndler bietet Ihnen Yara Rose im Gro\u00dfhandel als Set oder einzeln an.<\/strong><\/h2>\n<p>Entdecken Sie das Eau de Parfum\u00a0<strong>Yara Rose, im Gro\u00dfhandel erh\u00e4ltlich<\/strong>\u00a0bei Ihrem Parf\u00fcmgro\u00dfh\u00e4ndler. Ihr Gro\u00dfh\u00e4ndler bietet Ihnen die M\u00f6glichkeit, diesen Duft als Set oder einzeln zu erwerben. Bereichern Sie Ihre Parf\u00fcmsammlung mit diesem <a href=\"https:\/\/luxurious-fragrances.com\/categorie-produit\/lattafa-perfumes\/\" target=\"_blank\" rel=\"noopener\"><strong>Entwurf Lattafa<\/strong><\/a>, Sie k\u00f6nnen Ihren Kunden ein raffiniertes und elegantes Dufterlebnis bieten und so die zeitlose Sch\u00f6nheit von Amber in einem bezaubernden Flakon einfangen.<\/p>\n<h2><strong>Der Duft Yara Rose im Gro\u00dfhandel und sein Duft werden Ihren Kunden gefallen!<\/strong><\/h2>\n<p>Dieser bezaubernde Duft wird insbesondere Liebhaber von Blumend\u00fcften mit seiner Zartheit und Raffinesse begeistern. Mit seinen bet\u00f6renden Blumennoten bietet dieses Eau de Parfum Ihren Kunden ein unvergleichliches Dufterlebnis. Es entf\u00fchrt sie in einen Garten voller bl\u00fchender Rosen. Mit dieser Kreation bieten Sie\u00a0<strong>Lattafa im Gro\u00dfhandel<\/strong>, bieten Sie Ihren Kunden einen zarten und eleganten Duft, der sie begeistern wird.<\/p>\n<h3><strong>Zahlreiche D\u00fcfte erwarten Sie!<\/strong><\/h3>\n<p>Genau wie der <strong>Orientalischer Duft im Gro\u00dfhandel<\/strong>\u00a0<a href=\"https:\/\/ventesengros.fr\/de\/grossiste\/ameerat-al-arab-im-groshandel\/\"><strong>Ameerat Al Arab<\/strong><\/a>, Yara Rose ist als Set oder einzeln erh\u00e4ltlich! Dieser Duft verk\u00f6rpert die Exzellenz orientalischer D\u00fcfte und bietet ein raffiniertes und faszinierendes Dufterlebnis. Mit seinen zarten Noten entf\u00fchrt Yara Rose Sie in eine Welt voller Raffinesse und Verf\u00fchrung.<\/p>\n<p>Lassen Sie sich vom unwiderstehlichen Charme orientalischer Parfums im Gro\u00dfhandel verzaubern und genie\u00dfen Sie ein unvergleichliches und bezauberndes Dufterlebnis. Z\u00f6gern Sie nicht l\u00e4nger und besuchen Sie schnell Ihren Online-Parf\u00fcmgro\u00dfh\u00e4ndler!<\/p>","protected":false},"excerpt":{"rendered":"<p><strong>Duftnoten:<\/strong><\/p>\n<p><strong>Kopfnote:\u00a0<\/strong>Bernstein<br \/>\n<strong>Herz-Note:\u00a0<\/strong>Sandelholz<br \/>\n<strong>Hintergrundinformation:\u00a0<\/strong>Vanille<\/p>\n<p><strong>Geschlecht<\/strong>\u00a0: Weiblich.<\/p>","protected":false},"featured_media":57847,"template":"","meta":[],"product_brand":[],"product_cat":[237,1555,1517],"product_tag":[],"class_list":{"0":"post-57846","1":"product","2":"type-product","3":"status-publish","4":"has-post-thumbnail","6":"product_cat-parfummusk","7":"product_cat-grossiste-parfum-lattafa","8":"product_cat-grossiste-parfums-de-dubai","10":"first","11":"instock","12":"shipping-taxable","13":"purchasable","14":"product-type-simple"},"_links":{"self":[{"href":"https:\/\/ventesengros.fr\/de\/wp-json\/wp\/v2\/product\/57846","targetHints":{"allow":["GET"]}}],"collection":[{"href":"https:\/\/ventesengros.fr\/de\/wp-json\/wp\/v2\/product"}],"about":[{"href":"https:\/\/ventesengros.fr\/de\/wp-json\/wp\/v2\/types\/product"}],"wp:featuredmedia":[{"embeddable":true,"href":"https:\/\/ventesengros.fr\/de\/wp-json\/wp\/v2\/media\/57847"}],"wp:attachment":[{"href":"https:\/\/ventesengros.fr\/de\/wp-json\/wp\/v2\/media?parent=57846"}],"wp:term":[{"taxonomy":"product_brand","embeddable":true,"href":"https:\/\/ventesengros.fr\/de\/wp-json\/wp\/v2\/product_brand?post=57846"},{"taxonomy":"product_cat","embeddable":true,"href":"https:\/\/ventesengros.fr\/de\/wp-json\/wp\/v2\/product_cat?post=57846"},{"taxonomy":"product_tag","embeddable":true,"href":"https:\/\/ventesengros.fr\/de\/wp-json\/wp\/v2\/product_tag?post=57846"}],"curies":[{"name":"wp","href":"https:\/\/api.w.org\/{rel}","templated":true}]}}