{"id":53595,"date":"2023-07-27T12:45:23","date_gmt":"2023-07-27T11:45:23","guid":{"rendered":"https:\/\/ventesengros.fr\/?post_type=product&#038;p=53595"},"modified":"2024-03-13T10:05:47","modified_gmt":"2024-03-13T09:05:47","slug":"huile-a-barbe-lot-de-6-flacons-30ml-hemani","status":"publish","type":"product","link":"https:\/\/ventesengros.fr\/de\/grossiste\/bartol-6er-set-flaschen-a-30-ml-hemani\/","title":{"rendered":"Bart\u00f6l (6er-Set \u00e0 30 ml) \u2013 Hemani"},"content":{"rendered":"","protected":false},"excerpt":{"rendered":"<div>Wir bieten Ihnen dieses pflegende Bart\u00f6l von Hemani an, das in einer Packung mit 6 Flaschen \u00e0 30 ml erh\u00e4ltlich ist.<\/div>\n<div><\/div>\n<div><\/div>\n<h4><span style=\"color: #ed1c24; font-size: 80%;\">Einzelpreis: 3,50 \u20ac<\/span><\/h4>\n<div>\n<span style=\"font-size: 115%;\"><b><span style=\"color: #38761d;\">1 Set: 3,50 \u20ac \/ St\u00fcck x 6 = 21 \u20ac<\/span><\/b><\/span><\/div>\n<div><b><span style=\"color: #38761d;\">\u00a0<\/span><\/b><\/div>\n<p>&nbsp;<\/p>","protected":false},"featured_media":53596,"template":"","meta":[],"product_brand":[],"product_cat":[59,1557],"product_tag":[],"class_list":{"0":"post-53595","1":"product","2":"type-product","3":"status-publish","4":"has-post-thumbnail","6":"product_cat-soin-et-bien-etre","7":"product_cat-grossiste-a-huile-a-barbe","9":"first","10":"instock","11":"shipping-taxable","12":"purchasable","13":"product-type-simple"},"_links":{"self":[{"href":"https:\/\/ventesengros.fr\/de\/wp-json\/wp\/v2\/product\/53595","targetHints":{"allow":["GET"]}}],"collection":[{"href":"https:\/\/ventesengros.fr\/de\/wp-json\/wp\/v2\/product"}],"about":[{"href":"https:\/\/ventesengros.fr\/de\/wp-json\/wp\/v2\/types\/product"}],"wp:featuredmedia":[{"embeddable":true,"href":"https:\/\/ventesengros.fr\/de\/wp-json\/wp\/v2\/media\/53596"}],"wp:attachment":[{"href":"https:\/\/ventesengros.fr\/de\/wp-json\/wp\/v2\/media?parent=53595"}],"wp:term":[{"taxonomy":"product_brand","embeddable":true,"href":"https:\/\/ventesengros.fr\/de\/wp-json\/wp\/v2\/product_brand?post=53595"},{"taxonomy":"product_cat","embeddable":true,"href":"https:\/\/ventesengros.fr\/de\/wp-json\/wp\/v2\/product_cat?post=53595"},{"taxonomy":"product_tag","embeddable":true,"href":"https:\/\/ventesengros.fr\/de\/wp-json\/wp\/v2\/product_tag?post=53595"}],"curies":[{"name":"wp","href":"https:\/\/api.w.org\/{rel}","templated":true}]}}