{"id":45824,"date":"2022-03-02T07:54:48","date_gmt":"2022-03-02T06:54:48","guid":{"rendered":"https:\/\/ventesengros.fr\/?post_type=product&#038;p=45824"},"modified":"2023-05-22T19:16:24","modified_gmt":"2023-05-22T18:16:24","slug":"ventouses-pour-hijama-7-cm","status":"publish","type":"product","link":"https:\/\/ventesengros.fr\/de\/grossiste\/saugglocken-fur-hijama-7-cm-2\/","title":{"rendered":"Hijama-Saugn\u00e4pfe 7 cm (100er-Pack)"},"content":{"rendered":"<p>Saugn\u00e4pfe f\u00fcr Hijama 7 cm<\/p>\n<p>Foto unverbindlich<\/p>\n<p>Gr\u00f6\u00dfe kann um einige Millimeter variieren<\/p>\n<p>Hijama ist eine sehr alte medizinische Praxis, die auch heute noch angewendet wird und weltweit immer bekannter wird. Dabei wird schlechtes Blut mithilfe von Schr\u00f6pfgl\u00e4sern abgesaugt, die auf die zuvor eingeschnittene Haut aufgesetzt werden, damit das Blut abgesaugt werden kann.<\/p>\n<p>Hijama kann vorbeugend angewendet werden, um das Blut zu erneuern und das Immunsystem zu st\u00e4rken. Es kann auch zur Behandlung bestimmter Krankheiten oder zur Linderung bestimmter Beschwerden eingesetzt werden, wie z. B. schmerzhafte Regelblutungen, Migr\u00e4ne, Unfruchtbarkeit, R\u00fcckenschmerzen, Bluthochdruck usw.<\/p>\n<p><strong>Orient Gro\u00dfh\u00e4ndler<\/strong> bietet Ihnen an der <strong>Gro\u00dfhandel<\/strong> die <strong>Saugglocken f\u00fcr Hijama 7 cm <\/strong>Verkauft in 100er-Packs zu 35,00 \u20ac, also 0,35 \u20ac pro St\u00fcck, mit Mengenrabatt ab 3 gekauften Packs.<\/p>\n<p>Gro\u00dfh\u00e4ndler und Einzelh\u00e4ndler k\u00f6nnen dieses Produkt zum empfohlenen Verkaufspreis von 1,50 \u20ac weiterverkaufen.<\/p>\n<p>Diese Schr\u00f6pfgl\u00e4ser eignen sich f\u00fcr bestimmte K\u00f6rperstellen. In der Kategorie \u201ePflege und Wellness\u201d finden Sie auf unserer Website verschiedene Artikel f\u00fcr die Hijama-Behandlung, darunter Sets oder Produkte wie Schr\u00f6pfgl\u00e4ser in verschiedenen Gr\u00f6\u00dfen, Klingen und spezielle Pumpen, die zu den Schr\u00f6pfgl\u00e4sern passen.<\/p>\n<p>Die prophetische Medizin empfiehlt diese Heilmethode und gibt mehrere Hinweise, wie beispielsweise bestimmte Stellen, die bei verschiedenen Beschwerden behandelt werden sollten, sowie Jahres- und Monatszeiten, zu denen die Hijama am wirksamsten ist.<\/p>\n<p>Wir weisen darauf hin, dass Hijama eine eigenst\u00e4ndige Heilmethode ist und dass man sich an Fachleute wenden sollte, um sie sicher anzuwenden.<\/p>\n<p>Ihr Online-Gro\u00dfh\u00e4ndler mit Sitz in <strong>Marokko<\/strong> garantiert Ihnen Lieferungen innerhalb Frankreichs und ins Ausland.<\/p>\n<p>F\u00fcr weitere Informationen zu diesem Produkt oder einem anderen Produkt auf unserer Website k\u00f6nnen Sie sich an unseren Kundenservice wenden.<\/p>\n<p>&nbsp;<\/p>\n<p><strong>Innendurchmesser:<\/strong> 7 cm<\/p>","protected":false},"excerpt":{"rendered":"<p>Wir bieten Ihnen diese\u00a0<strong>Saugnapf f\u00fcr Hijama 7 cm \u00a0<\/strong>Verkaufseinheit: 100 St\u00fcck. .<\/p>\n<p><span style=\"color: #003366;\"><strong>Empfohlener Verkaufspreis 1,50 Euro.<\/strong><\/span><\/p>\n<p><strong>1 Los:\u00a0<span style=\"color: #0ad227;\">0,35 \u20ac \/ St\u00fcck x 100 = 35 \u20ac<\/span><\/strong><\/p>","protected":false},"featured_media":34562,"template":"","meta":[],"product_brand":[],"product_cat":[60,234],"product_tag":[258,974,688,768],"class_list":{"0":"post-45824","1":"product","2":"type-product","3":"status-publish","4":"has-post-thumbnail","6":"product_cat-bazar","7":"product_cat-kit-hijama","8":"product_tag-en-gros","9":"product_tag-grossiste","10":"product_tag-maroc","11":"product_tag-ventouses-pour-hijama-58cm","13":"first","14":"instock","15":"shipping-taxable","16":"purchasable","17":"product-type-simple"},"_links":{"self":[{"href":"https:\/\/ventesengros.fr\/de\/wp-json\/wp\/v2\/product\/45824","targetHints":{"allow":["GET"]}}],"collection":[{"href":"https:\/\/ventesengros.fr\/de\/wp-json\/wp\/v2\/product"}],"about":[{"href":"https:\/\/ventesengros.fr\/de\/wp-json\/wp\/v2\/types\/product"}],"wp:featuredmedia":[{"embeddable":true,"href":"https:\/\/ventesengros.fr\/de\/wp-json\/wp\/v2\/media\/34562"}],"wp:attachment":[{"href":"https:\/\/ventesengros.fr\/de\/wp-json\/wp\/v2\/media?parent=45824"}],"wp:term":[{"taxonomy":"product_brand","embeddable":true,"href":"https:\/\/ventesengros.fr\/de\/wp-json\/wp\/v2\/product_brand?post=45824"},{"taxonomy":"product_cat","embeddable":true,"href":"https:\/\/ventesengros.fr\/de\/wp-json\/wp\/v2\/product_cat?post=45824"},{"taxonomy":"product_tag","embeddable":true,"href":"https:\/\/ventesengros.fr\/de\/wp-json\/wp\/v2\/product_tag?post=45824"}],"curies":[{"name":"wp","href":"https:\/\/api.w.org\/{rel}","templated":true}]}}