{"id":42755,"date":"2021-05-23T18:29:26","date_gmt":"2021-05-23T17:29:26","guid":{"rendered":"https:\/\/ventesengros.fr\/?post_type=product&#038;p=42755"},"modified":"2023-05-20T10:56:56","modified_gmt":"2023-05-20T09:56:56","slug":"ser-al-ameer","status":"publish","type":"product","link":"https:\/\/ventesengros.fr\/de\/grossiste\/ser-al-ameer\/","title":{"rendered":"Ser Al Ameer Eau de Parfum 100 ml \u2013 Lattafa"},"content":{"rendered":"","protected":false},"excerpt":{"rendered":"<p><strong>Eigenschaften:<\/strong><\/p>\n<ul>\n<li>Parf\u00fcm f\u00fcr M\u00e4nner und Frauen.<\/li>\n<li>Der Duft enth\u00e4lt Noten von Zitrusfr\u00fcchten, Holz und Gew\u00fcrzen.<\/li>\n<\/ul>","protected":false},"featured_media":42756,"template":"","meta":[],"product_brand":[],"product_cat":[1517,237],"product_tag":[],"class_list":{"0":"post-42755","1":"product","2":"type-product","3":"status-publish","4":"has-post-thumbnail","6":"product_cat-grossiste-parfums-de-dubai","7":"product_cat-parfummusk","9":"first","10":"instock","11":"shipping-taxable","12":"purchasable","13":"product-type-simple"},"_links":{"self":[{"href":"https:\/\/ventesengros.fr\/de\/wp-json\/wp\/v2\/product\/42755","targetHints":{"allow":["GET"]}}],"collection":[{"href":"https:\/\/ventesengros.fr\/de\/wp-json\/wp\/v2\/product"}],"about":[{"href":"https:\/\/ventesengros.fr\/de\/wp-json\/wp\/v2\/types\/product"}],"wp:featuredmedia":[{"embeddable":true,"href":"https:\/\/ventesengros.fr\/de\/wp-json\/wp\/v2\/media\/42756"}],"wp:attachment":[{"href":"https:\/\/ventesengros.fr\/de\/wp-json\/wp\/v2\/media?parent=42755"}],"wp:term":[{"taxonomy":"product_brand","embeddable":true,"href":"https:\/\/ventesengros.fr\/de\/wp-json\/wp\/v2\/product_brand?post=42755"},{"taxonomy":"product_cat","embeddable":true,"href":"https:\/\/ventesengros.fr\/de\/wp-json\/wp\/v2\/product_cat?post=42755"},{"taxonomy":"product_tag","embeddable":true,"href":"https:\/\/ventesengros.fr\/de\/wp-json\/wp\/v2\/product_tag?post=42755"}],"curies":[{"name":"wp","href":"https:\/\/api.w.org\/{rel}","templated":true}]}}