{"id":41277,"date":"2022-05-19T16:19:55","date_gmt":"2022-05-19T15:19:55","guid":{"rendered":"https:\/\/ventesengros.fr\/?post_type=product&#038;p=41277"},"modified":"2026-02-06T15:12:27","modified_gmt":"2026-02-06T14:12:27","slug":"organic-honey-aphrodisiaque-pour-homme","status":"publish","type":"product","link":"https:\/\/ventesengros.fr\/de\/grossiste\/bio-honig-als-aphrodisiakum-fur-manner\/","title":{"rendered":"Bio-Honig Aphrodisiakum f\u00fcr M\u00e4nner (24 Beutel \u00e0 10 g)"},"content":{"rendered":"","protected":false},"excerpt":{"rendered":"<p>Wir bieten Ihnen diesen aphrodisierenden Honig f\u00fcr 35 Euro pro Schachtel mit 24 Beuteln an.<\/p>\n<p class=\"-fs20 -pts -pbxs\">","protected":false},"featured_media":46755,"template":"","meta":[],"product_brand":[],"product_cat":[930],"product_tag":[],"class_list":{"0":"post-41277","1":"product","2":"type-product","3":"status-publish","4":"has-post-thumbnail","6":"product_cat-aphrodisiaque","8":"first","9":"instock","10":"shipping-taxable","11":"purchasable","12":"product-type-simple"},"_links":{"self":[{"href":"https:\/\/ventesengros.fr\/de\/wp-json\/wp\/v2\/product\/41277","targetHints":{"allow":["GET"]}}],"collection":[{"href":"https:\/\/ventesengros.fr\/de\/wp-json\/wp\/v2\/product"}],"about":[{"href":"https:\/\/ventesengros.fr\/de\/wp-json\/wp\/v2\/types\/product"}],"wp:featuredmedia":[{"embeddable":true,"href":"https:\/\/ventesengros.fr\/de\/wp-json\/wp\/v2\/media\/46755"}],"wp:attachment":[{"href":"https:\/\/ventesengros.fr\/de\/wp-json\/wp\/v2\/media?parent=41277"}],"wp:term":[{"taxonomy":"product_brand","embeddable":true,"href":"https:\/\/ventesengros.fr\/de\/wp-json\/wp\/v2\/product_brand?post=41277"},{"taxonomy":"product_cat","embeddable":true,"href":"https:\/\/ventesengros.fr\/de\/wp-json\/wp\/v2\/product_cat?post=41277"},{"taxonomy":"product_tag","embeddable":true,"href":"https:\/\/ventesengros.fr\/de\/wp-json\/wp\/v2\/product_tag?post=41277"}],"curies":[{"name":"wp","href":"https:\/\/api.w.org\/{rel}","templated":true}]}}