{"id":39619,"date":"2020-08-31T23:32:34","date_gmt":"2020-08-31T22:32:34","guid":{"rendered":"https:\/\/ventesengros.fr\/?post_type=product&#038;p=39619"},"modified":"2022-06-30T22:56:21","modified_gmt":"2022-06-30T21:56:21","slug":"encensoir-non-electrique-vendu-par-lot-de-6","status":"publish","type":"product","link":"https:\/\/ventesengros.fr\/de\/grossiste\/nicht-elektrisches-rauchergefas-verkauft-im-6er-set\/","title":{"rendered":"Nicht elektrisches R\u00e4uchergef\u00e4\u00df (Verkauf im 6er-Set)"},"content":{"rendered":"","protected":false},"excerpt":{"rendered":"<p>Wir bieten Ihnen das nicht-elektrische R\u00e4uchergef\u00e4\u00df zum Verkauf an.\u00a0<strong><span style=\"color: #0000ff;\">im 6er-Pack.<\/span><\/strong><\/p>\n<p><strong>Gr\u00f6\u00dfe:<\/strong>\u00a0<span style=\"color: #ff0000;\"><strong>15 x 15 x 15 cm<\/strong><\/span><\/p>\n<p><b>Einzelhandelspreis f\u00fcr nicht-elektrisches R\u00e4uchergef\u00e4\u00df:<\/b>\u00a0<strong><span style=\"color: #ff0000;\">11,70<\/span><\/strong><strong><span style=\"color: #ff0000;\">\u20ac<\/span><\/strong><\/p>","protected":false},"featured_media":39620,"template":"","meta":[],"product_brand":[],"product_cat":[207],"product_tag":[],"class_list":{"0":"post-39619","1":"product","2":"type-product","3":"status-publish","4":"has-post-thumbnail","6":"product_cat-encensoires","8":"first","9":"instock","10":"shipping-taxable","11":"purchasable","12":"product-type-simple"},"_links":{"self":[{"href":"https:\/\/ventesengros.fr\/de\/wp-json\/wp\/v2\/product\/39619","targetHints":{"allow":["GET"]}}],"collection":[{"href":"https:\/\/ventesengros.fr\/de\/wp-json\/wp\/v2\/product"}],"about":[{"href":"https:\/\/ventesengros.fr\/de\/wp-json\/wp\/v2\/types\/product"}],"wp:featuredmedia":[{"embeddable":true,"href":"https:\/\/ventesengros.fr\/de\/wp-json\/wp\/v2\/media\/39620"}],"wp:attachment":[{"href":"https:\/\/ventesengros.fr\/de\/wp-json\/wp\/v2\/media?parent=39619"}],"wp:term":[{"taxonomy":"product_brand","embeddable":true,"href":"https:\/\/ventesengros.fr\/de\/wp-json\/wp\/v2\/product_brand?post=39619"},{"taxonomy":"product_cat","embeddable":true,"href":"https:\/\/ventesengros.fr\/de\/wp-json\/wp\/v2\/product_cat?post=39619"},{"taxonomy":"product_tag","embeddable":true,"href":"https:\/\/ventesengros.fr\/de\/wp-json\/wp\/v2\/product_tag?post=39619"}],"curies":[{"name":"wp","href":"https:\/\/api.w.org\/{rel}","templated":true}]}}