{"id":39602,"date":"2020-08-31T14:24:36","date_gmt":"2020-08-31T13:24:36","guid":{"rendered":"https:\/\/ventesengros.fr\/?post_type=product&#038;p=39602"},"modified":"2023-05-05T12:16:47","modified_gmt":"2023-05-05T11:16:47","slug":"titan-gel-gel-intime-special-penis-gel-augmentant-50ml-vendu-par-lot-de-6","status":"publish","type":"product","link":"https:\/\/ventesengros.fr\/de\/grossiste\/titan-gel-intimgel-spezial-penisgel-zur-penisvergroserung-50-ml-verkauft-im-6er-pack\/","title":{"rendered":"Titan Gel \u2013 Intimgel speziell f\u00fcr den Penis \u2013 Gel zur Penisvergr\u00f6\u00dferung \u2013 50 ml (Verkauf im 6er-Set)"},"content":{"rendered":"<p>Sorgt f\u00fcr Komfort beim Geschlechtsverkehr und wirkt sich positiv auf die Qualit\u00e4t des Sexuallebens aus.<br \/>\nVerbessert das pers\u00f6nliche Potenzial und f\u00f6rdert neue intensive Empfindungen.<br \/>\nSorgt f\u00fcr eine gute Schmierung.<br \/>\nHinterl\u00e4sst keine Flecken, l\u00e4sst sich leicht mit Wasser entfernen, ohne R\u00fcckst\u00e4nde.<\/p>","protected":false},"excerpt":{"rendered":"<p>Wir bieten Ihnen dieses spezielle Intimgel f\u00fcr den Penis zum Verkauf an.\u00a0<strong><span style=\"color: #0000ff;\">im 6er-Pack.<\/span><\/strong><\/p>\n<p><b>Verkaufspreis des Gels:<\/b>\u00a0<strong><span style=\"color: #ff0000;\">13<\/span><\/strong><strong><span style=\"color: #ff0000;\">\u20ac<\/span><\/strong><\/p>","protected":false},"featured_media":39603,"template":"","meta":[],"product_brand":[],"product_cat":[930],"product_tag":[],"class_list":{"0":"post-39602","1":"product","2":"type-product","3":"status-publish","4":"has-post-thumbnail","6":"product_cat-aphrodisiaque","8":"first","9":"instock","10":"shipping-taxable","11":"purchasable","12":"product-type-simple"},"_links":{"self":[{"href":"https:\/\/ventesengros.fr\/de\/wp-json\/wp\/v2\/product\/39602","targetHints":{"allow":["GET"]}}],"collection":[{"href":"https:\/\/ventesengros.fr\/de\/wp-json\/wp\/v2\/product"}],"about":[{"href":"https:\/\/ventesengros.fr\/de\/wp-json\/wp\/v2\/types\/product"}],"wp:featuredmedia":[{"embeddable":true,"href":"https:\/\/ventesengros.fr\/de\/wp-json\/wp\/v2\/media\/39603"}],"wp:attachment":[{"href":"https:\/\/ventesengros.fr\/de\/wp-json\/wp\/v2\/media?parent=39602"}],"wp:term":[{"taxonomy":"product_brand","embeddable":true,"href":"https:\/\/ventesengros.fr\/de\/wp-json\/wp\/v2\/product_brand?post=39602"},{"taxonomy":"product_cat","embeddable":true,"href":"https:\/\/ventesengros.fr\/de\/wp-json\/wp\/v2\/product_cat?post=39602"},{"taxonomy":"product_tag","embeddable":true,"href":"https:\/\/ventesengros.fr\/de\/wp-json\/wp\/v2\/product_tag?post=39602"}],"curies":[{"name":"wp","href":"https:\/\/api.w.org\/{rel}","templated":true}]}}