{"id":39514,"date":"2020-08-24T19:21:12","date_gmt":"2020-08-24T18:21:12","guid":{"rendered":"https:\/\/ventesengros.fr\/?post_type=product&#038;p=39514"},"modified":"2026-03-24T12:45:09","modified_gmt":"2026-03-24T11:45:09","slug":"7-huiles-pour-la-roqya-lot-de-6","status":"publish","type":"product","link":"https:\/\/ventesengros.fr\/de\/grossiste\/7-ole-fur-die-roqya-6er-set\/","title":{"rendered":"7 \u00d6le f\u00fcr die Roqya (6er-Set)"},"content":{"rendered":"","protected":false},"excerpt":{"rendered":"<p>Wir bieten Ihnen dieses \u00d6l f\u00fcr die Roqya an. <strong><span style=\"color: #0000ff;\">Verkauft im 6er-Pack.<\/span><\/strong><\/p>\n<p><b>Einzelhandelspreis f\u00fcr \u00d6l\u00a0<span class=\"Apple-converted-space\">\u00a0 <\/span>:<\/b>\u00a0<strong><span style=\"color: #ff0000;\">3,15<\/span><\/strong><strong><span style=\"color: #ff0000;\">\u20ac<\/span><\/strong><\/p>","protected":false},"featured_media":39515,"template":"","meta":[],"product_brand":[],"product_cat":[606,201,1372],"product_tag":[],"class_list":{"0":"post-39514","1":"product","2":"type-product","3":"status-publish","4":"has-post-thumbnail","6":"product_cat-vrac-par-litre","7":"product_cat-huiles-soin-et-bien-etre","8":"product_cat-roqya","10":"first","11":"instock","12":"shipping-taxable","13":"purchasable","14":"product-type-simple"},"_links":{"self":[{"href":"https:\/\/ventesengros.fr\/de\/wp-json\/wp\/v2\/product\/39514","targetHints":{"allow":["GET"]}}],"collection":[{"href":"https:\/\/ventesengros.fr\/de\/wp-json\/wp\/v2\/product"}],"about":[{"href":"https:\/\/ventesengros.fr\/de\/wp-json\/wp\/v2\/types\/product"}],"wp:featuredmedia":[{"embeddable":true,"href":"https:\/\/ventesengros.fr\/de\/wp-json\/wp\/v2\/media\/39515"}],"wp:attachment":[{"href":"https:\/\/ventesengros.fr\/de\/wp-json\/wp\/v2\/media?parent=39514"}],"wp:term":[{"taxonomy":"product_brand","embeddable":true,"href":"https:\/\/ventesengros.fr\/de\/wp-json\/wp\/v2\/product_brand?post=39514"},{"taxonomy":"product_cat","embeddable":true,"href":"https:\/\/ventesengros.fr\/de\/wp-json\/wp\/v2\/product_cat?post=39514"},{"taxonomy":"product_tag","embeddable":true,"href":"https:\/\/ventesengros.fr\/de\/wp-json\/wp\/v2\/product_tag?post=39514"}],"curies":[{"name":"wp","href":"https:\/\/api.w.org\/{rel}","templated":true}]}}