{"id":38956,"date":"2020-06-12T17:27:36","date_gmt":"2020-06-12T16:27:36","guid":{"rendered":"https:\/\/ventesengros.fr\/?post_type=product&#038;p=38956"},"modified":"2026-04-21T14:24:59","modified_gmt":"2026-04-21T13:24:59","slug":"shajarat-mariam-5-kilos-en-vrac","status":"publish","type":"product","link":"https:\/\/ventesengros.fr\/de\/grossiste\/shajarat-mariam-5-kg-lose\/","title":{"rendered":"Shajarat Mariam \u2013 Rose von Jericho \u2013 5 kg lose"},"content":{"rendered":"<p>Sie sind ein Profi und haben eine besondere Vorliebe f\u00fcr\u00a0<strong>Naturprodukte<\/strong>\u00a0? Dann sind Sie hier genau richtig! Wir bieten Ihnen insbesondere eine gro\u00dfe Auswahl an\u00a0<strong>Nat\u00fcrliche L\u00f6sungen gegen Unfruchtbarkeit<\/strong>. Ihr\u00a0<strong>Gro\u00dfh\u00e4ndler Chajarat Mariam<\/strong>\u00a0empfiehlt diese nat\u00fcrliche Pflanze 100% f\u00fcr diejenigen, die versuchen m\u00f6chten, bestimmte Beschwerden zu lindern.\u00a0<strong>intime Probleme<\/strong>.<\/p>\n<h2><strong>Gro\u00dfh\u00e4ndler Chajarat Mariam: Wir m\u00f6chten mehr erfahren!\u00a0<\/strong><\/h2>\n<p>Beziehungsprobleme k\u00f6nnen mit der\u2019<a href=\"https:\/\/www.tijara-partenaire.com\/musc-intime\/\" target=\"_blank\" rel=\"noopener\"><strong>Intimit\u00e4t<\/strong><\/a> : wie die\u00a0<strong>Libidoverlust<\/strong>, Schwierigkeiten, Kinder zu bekommen, und vieles mehr. Dies f\u00fchrt dann zu einem Mangel an Selbstvertrauen. Deshalb ist es wichtig, dass Sie\u00a0<strong>Gro\u00dfh\u00e4ndler Chajarat Mariam<\/strong>\u00a0\u00fcbernimmt die F\u00fchrung und bietet Ihnen ein Naturprodukt an, das daf\u00fcr bekannt ist, dass es hilft,\u00a0<strong>die Fruchtbarkeit steigern<\/strong>\u00a0!<\/p>\n<p><strong>Unfruchtbarkeit<\/strong>\u00a0ist keine Seltenheit und kann sowohl bei M\u00e4nnern als auch bei Frauen auftreten. In manchen F\u00e4llen sogar bei beiden Partnern. Dieses sexuelle Problem ist jedoch kein unabwendbares Schicksal.<\/p>\n<p>Aus diesen Gr\u00fcnden ist Ihr\u00a0<strong>Online-Gro\u00dfh\u00e4ndler<\/strong>\u00a0bietet Ihnen die\u00a0<strong>Chajarat Mariam im Gro\u00dfhandel<\/strong>, in\u00a0<strong>g\u00fcnstiger Preis<\/strong>. Damit wir alle Ihre Kundenw\u00fcnsche erf\u00fcllen k\u00f6nnen!<\/p>\n<h2><strong>Gro\u00dfh\u00e4ndler Chajarat Mariam: seine unglaublichen Vorteile!\u00a0<\/strong><\/h2>\n<p>Diese aus dem Nahen Osten stammende Pflanze hat sowohl f\u00fcr Frauen als auch f\u00fcr M\u00e4nner zahlreiche positive Eigenschaften.<\/p>\n<ul>\n<li>Sie ist bekannt daf\u00fcr, dass sie hilft bei\u00a0<strong>die Menstruation regulieren<\/strong><\/li>\n<li>Kann bei Bindehautentz\u00fcndungen hilfreich sein<\/li>\n<li>Diese Pflanze hat blutzuckersenkende Eigenschaften und kann somit helfen,\u00a0<strong>den Blutzuckerspiegel regulieren\u00a0<\/strong><\/li>\n<li>Kann ein Vorteil f\u00fcr die Geburt sein<\/li>\n<li>Auch bekannt f\u00fcr seine Hilfe bei<strong>\u00a0die Fruchtbarkeit steigern<\/strong><\/li>\n<\/ul>\n<h3><strong>Ein paar Tipps zur Anwendung vielleicht?\u00a0<\/strong><\/h3>\n<p>Um diese wunderbare Pflanze zu genie\u00dfen, k\u00f6nnen Sie sie als Aufguss trinken. Genauso wie<strong>\u00a0<a href=\"https:\/\/ventesengros.fr\/de\/grossiste\/kamille-pro-kilo-2\/\">Kamille im Gro\u00dfhandel<\/a>,<\/strong>\u00a0oder auch\u00a0<a href=\"https:\/\/ventesengros.fr\/de\/grossiste\/getrockneter-thymian-5-kg-lose\/\"><strong>Thymian<\/strong><\/a>. Aber auch als kalter oder hei\u00dfer Sud.<\/p>\n<p>Sie haben es verstanden: Sich dank<strong>\u00a0nat\u00fcrliche Produkte 100%<\/strong>\u00a0Das beruhigt nicht nur den Geist, sondern f\u00f6rdert auch das Wohlbefinden.<\/p>","protected":false},"excerpt":{"rendered":"<p>Vous \u00eates un professionnel et vous affectionnez particuli\u00e8rement les\u00a0produits naturels\u00a0? Vous \u00eates ainsi au bon endroit ! Nous vous proposons notamment du choix en mati\u00e8re de\u00a0solutions naturelles contre l\u2019infertilit\u00e9. Votre\u00a0Grossiste Chajarat mariam\u00a0met en avant cette plante 100% naturelle pour celles qui souhaitent essayer de pallier \u00e0 certains\u00a0probl\u00e8mes intimes. Grossiste Chajarat mariam : on veut en [&#8230;]\n","protected":false},"featured_media":75489,"template":"","meta":[],"product_brand":[],"product_cat":[1495,1571],"product_tag":[],"class_list":{"0":"post-38956","1":"product","2":"type-product","3":"status-publish","4":"has-post-thumbnail","6":"product_cat-vrac","7":"product_cat-grossiste-produits-nabaty","9":"first","10":"instock","11":"shipping-taxable","12":"purchasable","13":"product-type-simple"},"_links":{"self":[{"href":"https:\/\/ventesengros.fr\/de\/wp-json\/wp\/v2\/product\/38956","targetHints":{"allow":["GET"]}}],"collection":[{"href":"https:\/\/ventesengros.fr\/de\/wp-json\/wp\/v2\/product"}],"about":[{"href":"https:\/\/ventesengros.fr\/de\/wp-json\/wp\/v2\/types\/product"}],"wp:featuredmedia":[{"embeddable":true,"href":"https:\/\/ventesengros.fr\/de\/wp-json\/wp\/v2\/media\/75489"}],"wp:attachment":[{"href":"https:\/\/ventesengros.fr\/de\/wp-json\/wp\/v2\/media?parent=38956"}],"wp:term":[{"taxonomy":"product_brand","embeddable":true,"href":"https:\/\/ventesengros.fr\/de\/wp-json\/wp\/v2\/product_brand?post=38956"},{"taxonomy":"product_cat","embeddable":true,"href":"https:\/\/ventesengros.fr\/de\/wp-json\/wp\/v2\/product_cat?post=38956"},{"taxonomy":"product_tag","embeddable":true,"href":"https:\/\/ventesengros.fr\/de\/wp-json\/wp\/v2\/product_tag?post=38956"}],"curies":[{"name":"wp","href":"https:\/\/api.w.org\/{rel}","templated":true}]}}