{"id":38926,"date":"2020-06-12T15:52:30","date_gmt":"2020-06-12T14:52:30","guid":{"rendered":"https:\/\/ventesengros.fr\/?post_type=product&#038;p=38926"},"modified":"2026-04-21T14:25:16","modified_gmt":"2026-04-21T13:25:16","slug":"huile-de-nigelle-dethiopie-habachia-5-litres-en-vrac","status":"publish","type":"product","link":"https:\/\/ventesengros.fr\/de\/grossiste\/nigellaol-aus-athiopien-habachia-5-liter-lose\/","title":{"rendered":"\u00c4thiopisches Schwarzk\u00fcmmel\u00f6l (Habachia) 5 Liter lose"},"content":{"rendered":"","protected":false},"excerpt":{"rendered":"","protected":false},"featured_media":75503,"template":"","meta":[],"product_brand":[],"product_cat":[1495,1371,1571],"product_tag":[],"class_list":{"0":"post-38926","1":"product","2":"type-product","3":"status-publish","4":"has-post-thumbnail","6":"product_cat-vrac","7":"product_cat-huile-de-nigelle","8":"product_cat-grossiste-produits-nabaty","10":"first","11":"instock","12":"shipping-taxable","13":"purchasable","14":"product-type-simple"},"_links":{"self":[{"href":"https:\/\/ventesengros.fr\/de\/wp-json\/wp\/v2\/product\/38926","targetHints":{"allow":["GET"]}}],"collection":[{"href":"https:\/\/ventesengros.fr\/de\/wp-json\/wp\/v2\/product"}],"about":[{"href":"https:\/\/ventesengros.fr\/de\/wp-json\/wp\/v2\/types\/product"}],"wp:featuredmedia":[{"embeddable":true,"href":"https:\/\/ventesengros.fr\/de\/wp-json\/wp\/v2\/media\/75503"}],"wp:attachment":[{"href":"https:\/\/ventesengros.fr\/de\/wp-json\/wp\/v2\/media?parent=38926"}],"wp:term":[{"taxonomy":"product_brand","embeddable":true,"href":"https:\/\/ventesengros.fr\/de\/wp-json\/wp\/v2\/product_brand?post=38926"},{"taxonomy":"product_cat","embeddable":true,"href":"https:\/\/ventesengros.fr\/de\/wp-json\/wp\/v2\/product_cat?post=38926"},{"taxonomy":"product_tag","embeddable":true,"href":"https:\/\/ventesengros.fr\/de\/wp-json\/wp\/v2\/product_tag?post=38926"}],"curies":[{"name":"wp","href":"https:\/\/api.w.org\/{rel}","templated":true}]}}