{"id":38577,"date":"2020-05-30T15:53:58","date_gmt":"2020-05-30T14:53:58","guid":{"rendered":"https:\/\/ventesengros.fr\/?post_type=product&#038;p=38577"},"modified":"2026-04-21T14:28:33","modified_gmt":"2026-04-21T13:28:33","slug":"huile-dargan-bio-ecocert-5-litres-en-vrac","status":"publish","type":"product","link":"https:\/\/ventesengros.fr\/de\/grossiste\/bio-arganol-ecocert-zertifiziert-5-liter-lose\/","title":{"rendered":"Bio-Argan\u00f6l f\u00fcr Kosmetikzwecke (\u00c9cocert) 5 Liter lose"},"content":{"rendered":"","protected":false},"excerpt":{"rendered":"<p>Wir bieten Ihnen dieses Bio-Argan\u00f6l f\u00fcr kosmetische Zwecke (Ecocert-zertifiziert) an. , <strong>Verkaufseinheit: 5 Liter<\/strong><\/p>","protected":false},"featured_media":75535,"template":"","meta":[],"product_brand":[],"product_cat":[1495,1571],"product_tag":[],"class_list":{"0":"post-38577","1":"product","2":"type-product","3":"status-publish","4":"has-post-thumbnail","6":"product_cat-vrac","7":"product_cat-grossiste-produits-nabaty","9":"first","10":"instock","11":"shipping-taxable","12":"purchasable","13":"product-type-simple"},"_links":{"self":[{"href":"https:\/\/ventesengros.fr\/de\/wp-json\/wp\/v2\/product\/38577","targetHints":{"allow":["GET"]}}],"collection":[{"href":"https:\/\/ventesengros.fr\/de\/wp-json\/wp\/v2\/product"}],"about":[{"href":"https:\/\/ventesengros.fr\/de\/wp-json\/wp\/v2\/types\/product"}],"wp:featuredmedia":[{"embeddable":true,"href":"https:\/\/ventesengros.fr\/de\/wp-json\/wp\/v2\/media\/75535"}],"wp:attachment":[{"href":"https:\/\/ventesengros.fr\/de\/wp-json\/wp\/v2\/media?parent=38577"}],"wp:term":[{"taxonomy":"product_brand","embeddable":true,"href":"https:\/\/ventesengros.fr\/de\/wp-json\/wp\/v2\/product_brand?post=38577"},{"taxonomy":"product_cat","embeddable":true,"href":"https:\/\/ventesengros.fr\/de\/wp-json\/wp\/v2\/product_cat?post=38577"},{"taxonomy":"product_tag","embeddable":true,"href":"https:\/\/ventesengros.fr\/de\/wp-json\/wp\/v2\/product_tag?post=38577"}],"curies":[{"name":"wp","href":"https:\/\/api.w.org\/{rel}","templated":true}]}}