{"id":38301,"date":"2020-04-18T18:03:32","date_gmt":"2020-04-18T17:03:32","guid":{"rendered":"https:\/\/ventesengros.fr\/?post_type=product&#038;p=38301"},"modified":"2025-01-16T13:23:40","modified_gmt":"2025-01-16T12:23:40","slug":"huile-de-nigelle-habachia-en-gros","status":"publish","type":"product","link":"https:\/\/ventesengros.fr\/de\/grossiste\/habachia-schwarzkummelol-im-groshandel\/","title":{"rendered":"Nigella\u00f6l aus \u00c4thiopien (Habachia) (pro Liter oder Flasche \u00e0 60 ml)"},"content":{"rendered":"<p>Habachia-Schwarzk\u00fcmmel\u00f6l ist das Nonplusultra unter den Schwarzk\u00fcmmel\u00f6len. Dank traditionellem Know-how ist es das beste \u00d6l f\u00fcr Kosmetik- und Lebensmittelzwecke der Serie. Wir erkl\u00e4ren Ihnen, warum Habachya-Schwarzk\u00fcmmel\u00f6l seine Konkurrenten \u00fcbertrifft. Und wir verraten Ihnen, worin der Schl\u00fcssel zum Erfolg des Labels liegt.<\/p>\n<h2><b>Habachia-Schwarzk\u00fcmmel\u00f6l: ein regionales Produkt<\/b><\/h2>\n<p>Das Habachya-Schwarzk\u00fcmmel\u00f6l entspricht in etwa den Produkten, die in Frankreich unter dem Label AOP (Appellation d'Origine Prot\u00e9g\u00e9e) vertrieben werden. Es ist das genaue Gegenteil eines industriell hergestellten Produkts. Es handelt sich um ein anerkanntes traditionelles Know-how, das sich in einer handwerklichen Extraktionsmethode widerspiegelt.<\/p>\n<p>Das Habachya-Schwarzk\u00fcmmel\u00f6l steht somit im Gegensatz zur industriellen Massenproduktion. Es ist typisch f\u00fcr \u00c4thiopien, da in dieser Region Ostafrikas die Nigella sativa-Blume reichlich w\u00e4chst. Der \u00dcberfluss an Schwarzk\u00fcmmelbl\u00fcten ist ein Gl\u00fccksfall f\u00fcr die Produktion von Habachya-Schwarzk\u00fcmmel\u00f6l. Sie erm\u00f6glichen auch die Entwicklung der Produktion von Schwarzk\u00fcmmelhonig. Im \u00e4thiopischen Hochland ist es \u00fcbrigens \u00fcblich, dem Morgenkaffee einige Tropfen Schwarzk\u00fcmmel\u00f6l beizuf\u00fcgen. Diese beiden Produkte stehen f\u00fcr die kulturelle Identit\u00e4t dieses Landes, das fr\u00fcher \u00abHabacha\u00bb genannt wurde. Ein Land, das zu Unter\u00e4gypten geh\u00f6rte und den Pharaonen die Geheimnisse des Schwarzk\u00fcmmel\u00f6ls offenbarte.<\/p>\n<h2><b>Kaltpressung, das gut geh\u00fctete Geheimnis des ber\u00fchmten \u00e4thiopischen \u00d6ls<\/b><\/h2>\n<p>Habachya-Schwarzk\u00fcmmel\u00f6l wird ausschlie\u00dflich kaltgepresst. Dadurch bleiben alle Eigenschaften und N\u00e4hrstoffe dieses interessanten Produkts erhalten. Es wird ohne jegliche Ver\u00e4nderung ausschlie\u00dflich aus Schwarzk\u00fcmmelsamen hergestellt. Der Herstellungsprozess ist einfach. Die Samen <a href=\"https:\/\/www.la-nigelle.com\/produit-categorie\/graine-de-nigelle\/\" target=\"_blank\" rel=\"noopener noreferrer\"><strong>Habba Sawda<\/strong><\/a> werden auf eine Temperatur von unter 80 Grad erhitzt. Denn oberhalb dieser Schwelle verdunstet der Wirkstoff des Habachia-Schwarzk\u00fcmmel\u00f6ls. Dieses wichtige Geheimnis ist das authentische Rezept, das sich \u00fcber die Zeit bew\u00e4hrt hat. Tats\u00e4chlich sind die meisten Schwarzk\u00fcmmel\u00f6le aufgrund zu hoher Temperaturen unbrauchbar.<\/p>\n<p>Diese gut erhaltene Technik erm\u00f6glicht es, die \u00f6ligen Substanzen an der Oberfl\u00e4che gro\u00dfz\u00fcgig hervorzuheben. In diesem entscheidenden Moment werden die Nigellasamen gepresst, um das reichhaltige \u00d6l freizusetzen, das wir alle kennen.<\/p>\n<p>Habachya-Schwarzk\u00fcmmel\u00f6l ist nichts anderes als ein kontrollierter Kochprozess. Hinzu kommt ein f\u00fcr den Anbau der Schwarzk\u00fcmmelpflanze g\u00fcnstiges \u00d6kosystem.<\/p>\n<p>All dies ist die Grundlage f\u00fcr den extrem hohen Gehalt an Vitamin E, Thymochinon und Nigellon im \u00e4thiopischen Schwarzk\u00fcmmel\u00f6l.<\/p>\n<p>Obwohl Habachia-Nigella\u00f6l noch weitere N\u00e4hrstoffe enth\u00e4lt, sind diese drei Komponenten die wichtigsten Bestandteile des Rezepts. Denn allein sie sorgen in Kosmetika f\u00fcr die Regeneration und Feuchtigkeitsversorgung der Haut. Und in Bezug auf die Gesundheit stimulieren sie in Form einer Trinkl\u00f6sung das Immunsystem.<\/p>\n<p>Alle Vorz\u00fcge dieses wertvollen \u00d6ls sind in diesem \u00e4thiopischen Rezept enthalten. Das macht es zu einem wahren Heilmittel f\u00fcr den K\u00f6rper.<\/p>\n<p>Foto unverbindlich<\/p>\n<p>Alle unsere Produkte sind als White-Label-Produkte erh\u00e4ltlich (<a href=\"https:\/\/ventesengros.fr\/de\/kontakt\/\"><strong>auf Anfrage<\/strong><\/a>)<\/p>\n<p>Staffelpreis ab 10 St\u00fcck: 10% Rabatt (<a href=\"https:\/\/ventesengros.fr\/de\/kontakt\/\"><strong>auf Kostenvoranschlag<\/strong><\/a>)<\/p>","protected":false},"excerpt":{"rendered":"<p>Wir bieten Ihnen dieses Habachia-Schwarzk\u00fcmmel\u00f6l in <strong><span style=\"color: #0000ff;\">1-Liter-Flasche oder 12 Flaschen \u00e0 60 ml<\/span><\/strong>. <strong>Staffelpreis.<\/strong><\/p>\n<ul>\n<li><b>Preis pro Liter Flasche <span class=\"Apple-converted-space\">\u00a0 <\/span>: <\/b>\u00a0<strong><span style=\"color: #ff0000;\">55 \u20ac<\/span><\/strong><\/li>\n<li><b>Preis pro Flasche \u00e0 60 ml\u00a0<span class=\"Apple-converted-space\">\u00a0 <\/span>: <\/b>\u00a0<span style=\"color: #ff0000;\"><strong>6,49 \u20ac<\/strong><\/span><\/li>\n<\/ul>\n<p><span style=\"color: #ff0000;\"><b>Bei mehr als 3 Paketen w\u00e4hlen Sie bitte die gew\u00fcnschte Menge im Warenkorb aus.<\/b><\/span><\/p>\n<p>Profitieren Sie von einem Rabatt von 10% bei mehr als 10 Losen (<span style=\"color: #ff0000;\"><a style=\"color: #ff0000;\" href=\"https:\/\/ventesengros.fr\/de\/kontakt\/\"><strong>Kontaktieren Sie uns<\/strong><\/a><\/span>).<\/p>","protected":false},"featured_media":38392,"template":"","meta":[],"product_brand":[],"product_cat":[59,290,1371,201,606],"product_tag":[],"class_list":{"0":"post-38301","1":"product","2":"type-product","3":"status-publish","4":"has-post-thumbnail","6":"product_cat-soin-et-bien-etre","7":"product_cat-autre","8":"product_cat-huile-de-nigelle","9":"product_cat-huiles-soin-et-bien-etre","10":"product_cat-vrac-par-litre","11":"pa_lot-1-lot-1-litre-56e-le-litre","12":"pa_lot-1-lot-12-bouteilles-60ml-699e-la-bouteille","13":"pa_lot-2-lot-2-litres-3240e-le-litre","14":"pa_lot-2-lots-24-bouteilles-60ml-669e-la-bouteille","15":"pa_lot-3-lots-3-litres-3190e-le-litre","16":"pa_lot-3-lots-36-bouteilles-60ml-649e-la-bouteille","18":"first","19":"instock","20":"shipping-taxable","21":"purchasable","22":"product-type-variable"},"_links":{"self":[{"href":"https:\/\/ventesengros.fr\/de\/wp-json\/wp\/v2\/product\/38301","targetHints":{"allow":["GET"]}}],"collection":[{"href":"https:\/\/ventesengros.fr\/de\/wp-json\/wp\/v2\/product"}],"about":[{"href":"https:\/\/ventesengros.fr\/de\/wp-json\/wp\/v2\/types\/product"}],"wp:featuredmedia":[{"embeddable":true,"href":"https:\/\/ventesengros.fr\/de\/wp-json\/wp\/v2\/media\/38392"}],"wp:attachment":[{"href":"https:\/\/ventesengros.fr\/de\/wp-json\/wp\/v2\/media?parent=38301"}],"wp:term":[{"taxonomy":"product_brand","embeddable":true,"href":"https:\/\/ventesengros.fr\/de\/wp-json\/wp\/v2\/product_brand?post=38301"},{"taxonomy":"product_cat","embeddable":true,"href":"https:\/\/ventesengros.fr\/de\/wp-json\/wp\/v2\/product_cat?post=38301"},{"taxonomy":"product_tag","embeddable":true,"href":"https:\/\/ventesengros.fr\/de\/wp-json\/wp\/v2\/product_tag?post=38301"}],"curies":[{"name":"wp","href":"https:\/\/api.w.org\/{rel}","templated":true}]}}