{"id":38240,"date":"2020-04-14T11:29:15","date_gmt":"2020-04-14T10:29:15","guid":{"rendered":"https:\/\/ventesengros.fr\/?post_type=product&#038;p=38240"},"modified":"2023-02-28T10:23:50","modified_gmt":"2023-02-28T09:23:50","slug":"huile-dail","status":"publish","type":"product","link":"https:\/\/ventesengros.fr\/de\/grossiste\/tagesol\/","title":{"rendered":"Knoblauch\u00f6l (pro Liter oder Flasche \u00e0 60 ml\/120 ml)"},"content":{"rendered":"<p>\u00d6lige Kosmetikstoffe sind au\u00dfergew\u00f6hnlich. Jeden Tag entdeckt man neue. Dazu geh\u00f6rt auch Knoblauch\u00f6l. Es handelt sich um ein \u00d6l, das durch Mazeration von Knoblauchzehen gewonnen wird, denen\u2019<a href=\"https:\/\/www.amlou.fr\/huile-d-olive-bio\/\" target=\"_blank\" rel=\"noopener noreferrer\"><strong>Oliven\u00f6l<\/strong><\/a> kam hinzu.<\/p>\n<h2><b>Knoblauch\u00f6l: Der Verb\u00fcndete f\u00fcr sch\u00f6nes, kr\u00e4ftiges Haar<\/b><\/h2>\n<p>Mit diesem \u00d6l wird Ihr Haar gl\u00fccklich sein. Denn dieses majest\u00e4tische, noch wenig bekannte \u00d6l hat die F\u00e4higkeit, die Kopfhaut zu beruhigen. Knoblauch\u00f6l ist ein hervorragendes Mittel gegen Juckreiz auf der Kopfhaut. Es bek\u00e4mpft idealerweise Schuppen, die durch Stress oder eine schlechte Kopfhautatmung entstehen.<\/p>\n<p>Seine antimikrobiellen und abschwellenden Wirkungen sind beeindruckend. Diese kleine \u00f6lige L\u00f6sung auf Basis von Allium wird einfach Neider hervorrufen.<span class=\"Apple-converted-space\">\u00a0<\/span><\/p>\n<p>Es reinigt die Haarfaser dort, wo Sie es nicht erwartet h\u00e4tten. Wenn Sie nach einer Reihe erfolgloser Shampoo-Behandlungen immer noch keine L\u00f6sung gefunden haben, ist Knoblauch\u00f6l sicherlich der letzte Ausweg, der Ihnen noch bleibt. Aber muss man es \u00fcberhaupt kennen?<\/p>\n<h2><b>Und wie sieht es mit dem Geruch aus?<\/b><\/h2>\n<p>Wer Knoblauch\u00f6l sagt, meint zwangsl\u00e4ufig Knoblauchgeruch. Sein ausgepr\u00e4gter Geruch verleiht Gerichten zwar Geschmack, aber es ist sicher, dass das Haar trotzdem stark riechen wird.<\/p>\n<p>Um diese Ger\u00fcche zu mildern, stellen wir Ihnen eine ganze Reihe von Gegenma\u00dfnahmen vor, mit denen Sie den Knoblauchgeruch wunderbar \u00fcberdecken k\u00f6nnen.<\/p>\n<p>Zun\u00e4chst empfehlen wir Ihnen, dieses \u00d6l abends anzuwenden. Wickeln Sie Ihr Haar anschlie\u00dfend in ein Handtuch, bevor Sie schlafen gehen. Am n\u00e4chsten Morgen waschen Sie Ihr Haar einfach mit Shampoo. Verwenden Sie anschlie\u00dfend eine L\u00f6sung aus Wasser und frisch gepresstem Zitronensaft, um den Geruch wirksam zu beseitigen.<\/p>\n<p>Mit diesem Trick k\u00f6nnen Sie sich von den Unw\u00e4gbarkeiten dieses \u00d6ls verabschieden. Denken Sie jedoch daran, dass Ihnen eine der besten nat\u00fcrlichen L\u00f6sungen zur Bek\u00e4mpfung von Kopfhautproblemen zur Verf\u00fcgung steht.<\/p>\n<p>Foto unverbindlich<\/p>\n<p>Alle unsere Produkte sind als White-Label-Produkte erh\u00e4ltlich (<a href=\"https:\/\/ventesengros.fr\/de\/kontakt\/\"><strong>auf Anfrage<\/strong><\/a>)<\/p>\n<p>Staffelpreis ab 10 St\u00fcck: 10% Rabatt (<a href=\"https:\/\/ventesengros.fr\/de\/kontakt\/\"><strong>auf Kostenvoranschlag<\/strong><\/a>)<\/p>","protected":false},"excerpt":{"rendered":"<p>Wir bieten Ihnen dieses Knoblauch\u00f6l in <strong><span style=\"color: #0000ff;\">1-Liter-Flasche oder 12 Flaschen \u00e0 60 ml \/ 120 ml. <span style=\"color: #000000;\">Preis\u00a0<\/span><\/span><\/strong><span style=\"color: #000000;\"><span style=\"color: #0000ff;\"><span style=\"caret-color: #0000ff;\"><b><span style=\"color: #000000;\">degressiv<\/span>.<\/b><\/span><\/span><\/span><\/p>\n<ul>\n<li><b>Preis pro Liter Flasche <span class=\"Apple-converted-space\">\u00a0 <\/span>:<\/b>\u00a0<span style=\"color: #ff0000;\"><strong>22,90\u20ac<\/strong><\/span><\/li>\n<li><b>Preis pro Flasche 120 ml   :<\/b>\u00a0<strong><span style=\"color: #ff0000;\">5,39\u20ac<\/span><\/strong><\/li>\n<li><b>Preis pro Flasche 60 ml   :<\/b>\u00a0<span style=\"color: #ff0000;\"><strong>3,49\u20ac<\/strong><\/span><\/li>\n<\/ul>\n<p><span style=\"color: #ff0000;\"><b>Bei mehr als 3 Paketen w\u00e4hlen Sie bitte die gew\u00fcnschte Menge im Warenkorb aus.<\/b><\/span><\/p>\n<p>Profitieren Sie von einem Rabatt von 10% bei mehr als 10 Losen (<span style=\"color: #ff0000;\"><a style=\"color: #ff0000;\" href=\"https:\/\/ventesengros.fr\/de\/kontakt\/\"><strong>Kontaktieren Sie uns<\/strong><\/a><\/span>).<\/p>","protected":false},"featured_media":38252,"template":"","meta":[],"product_brand":[],"product_cat":[59,290,201,606],"product_tag":[],"class_list":{"0":"post-38240","1":"product","2":"type-product","3":"status-publish","4":"has-post-thumbnail","6":"product_cat-soin-et-bien-etre","7":"product_cat-autre","8":"product_cat-huiles-soin-et-bien-etre","9":"product_cat-vrac-par-litre","10":"pa_lot-1-lot-1-litre-2490e-le-litre","11":"pa_lot-1-lot-12-bouteilles-120ml-589e-la-bouteille","12":"pa_lot-1-lot-12-bouteilles-60ml-389e-la-bouteille","13":"pa_lot-2-lots-2-litres-2390e-le-litre","14":"pa_lot-2-lots-24-bouteilles-369e-la-bouteille","15":"pa_lot-2-lot-24-bouteilles-120ml-569e-la-bouteille","16":"pa_lot-3-lots-3-litres-2290e-le-litre","17":"pa_lot-3-lot-36-bouteilles-120ml-539e-la-bouteille","18":"pa_lot-3-lots-36-bouteilles-60ml-349e-la-bouteille","20":"first","21":"instock","22":"shipping-taxable","23":"purchasable","24":"product-type-variable"},"_links":{"self":[{"href":"https:\/\/ventesengros.fr\/de\/wp-json\/wp\/v2\/product\/38240","targetHints":{"allow":["GET"]}}],"collection":[{"href":"https:\/\/ventesengros.fr\/de\/wp-json\/wp\/v2\/product"}],"about":[{"href":"https:\/\/ventesengros.fr\/de\/wp-json\/wp\/v2\/types\/product"}],"wp:featuredmedia":[{"embeddable":true,"href":"https:\/\/ventesengros.fr\/de\/wp-json\/wp\/v2\/media\/38252"}],"wp:attachment":[{"href":"https:\/\/ventesengros.fr\/de\/wp-json\/wp\/v2\/media?parent=38240"}],"wp:term":[{"taxonomy":"product_brand","embeddable":true,"href":"https:\/\/ventesengros.fr\/de\/wp-json\/wp\/v2\/product_brand?post=38240"},{"taxonomy":"product_cat","embeddable":true,"href":"https:\/\/ventesengros.fr\/de\/wp-json\/wp\/v2\/product_cat?post=38240"},{"taxonomy":"product_tag","embeddable":true,"href":"https:\/\/ventesengros.fr\/de\/wp-json\/wp\/v2\/product_tag?post=38240"}],"curies":[{"name":"wp","href":"https:\/\/api.w.org\/{rel}","templated":true}]}}