{"id":37124,"date":"2018-10-19T16:23:34","date_gmt":"2018-10-19T15:23:34","guid":{"rendered":"https:\/\/ventesengros.fr\/?post_type=product&#038;p=37124"},"modified":"2024-09-29T12:58:30","modified_gmt":"2024-09-29T11:58:30","slug":"gelule-de-sidr-feuille-de-jujubier","status":"publish","type":"product","link":"https:\/\/ventesengros.fr\/de\/grossiste\/sidr-kapsel-jujubebaumblatt\/","title":{"rendered":"Sidr-Kapsel (Jujubeblatt)"},"content":{"rendered":"<p><strong>Vorstellung des Sidr:<\/strong><\/p>\n<p>Sidr ist eine andere Bezeichnung f\u00fcr das Blatt des Jujubebaums, einem Obstbaum aus der Familie der Rhamnaceae, der in Ostasien und Nordafrika beheimatet ist.<\/p>\n<p>Der Jujubebaum wird insbesondere in der traditionellen chinesischen und arabischen Medizin verwendet.  Die getrockneten Fr\u00fcchte und ger\u00f6steten Samen (Sanjoin) bilden die Grundlage f\u00fcr verschiedene Kr\u00e4uterzubereitungen, die <strong>Jujubebl\u00e4tter (Sidr)<\/strong> sind dennoch nicht ohne au\u00dfergew\u00f6hnliche Tugenden.<\/p>\n<p><strong>Die Vorz\u00fcge und Vorteile von Sidr<\/strong><\/p>\n<p>Sidr wird in Form von Kapseln angeboten und hat in vielen F\u00e4llen positive Eigenschaften f\u00fcr den K\u00f6rper. Die Einnahme von Sidr-Kapseln verz\u00f6gert insbesondere die Zellalterung und f\u00f6rdert die Zellregeneration. Au\u00dferdem kann es gezielt auf bestimmte Bereiche wie die Kopfhaut angewendet werden und beugt so Haarausfall vor, indem es das Haar st\u00e4rkt. Die <strong>Sidr-Kapsel <\/strong>ist ein hervorragendes Mittel zur Vorbeugung bestimmter Brustkrankheiten wie Atemwegsprobleme, Asthma oder Bronchitis, aber auch von Erkrankungen des Verdauungssystems wie Magengeschw\u00fcren. Das Jujubeblatt (Sidr) ist auch f\u00fcr seine starke antioxidative Wirkung bekannt.<\/p>\n<p>Die <strong>Sidr-Kapsel (Jujubebaumblatt)<\/strong> ist eine ausgezeichnete Quelle f\u00fcr Vitamine (A, B2, C), aber auch f\u00fcr viele wichtige Mineralstoffe wie Eisen, Kalzium oder Phosphor.<\/p>\n<p>Die <strong>Sidr-Kapsel (Jujubebaumblatt)<\/strong> ist ein sorgf\u00e4ltig hergestelltes Naturprodukt, das Ihnen jeden Tag ein Gef\u00fchl des Wohlbefindens schenkt.<a href=\"https:\/\/ventesengros.fr\/wp-content\/uploads\/2018\/10\/G\u00e9lule-de-Sidr.jpg\"><img loading=\"lazy\" decoding=\"async\" class=\"aligncenter size-full wp-image-37125\" src=\"https:\/\/ventesengros.fr\/wp-content\/uploads\/2018\/10\/G\u00e9lule-de-Sidr.jpg\" alt=\"\" width=\"951\" height=\"618\" srcset=\"https:\/\/ventesengros.fr\/wp-content\/uploads\/2018\/10\/G\u00e9lule-de-Sidr.jpg 951w, https:\/\/ventesengros.fr\/wp-content\/uploads\/2018\/10\/G\u00e9lule-de-Sidr-600x390.jpg 600w, https:\/\/ventesengros.fr\/wp-content\/uploads\/2018\/10\/G\u00e9lule-de-Sidr-300x195.jpg 300w, https:\/\/ventesengros.fr\/wp-content\/uploads\/2018\/10\/G\u00e9lule-de-Sidr-768x499.jpg 768w, https:\/\/ventesengros.fr\/wp-content\/uploads\/2018\/10\/G\u00e9lule-de-Sidr-510x331.jpg 510w\" sizes=\"auto, (max-width: 951px) 100vw, 951px\" \/><\/a><\/p>","protected":false},"excerpt":{"rendered":"<p>Pr\u00e9sentation du sidr\u00a0: Le sidr est une autre appellation de la feuille du jujubier, un arbre fruitier faisant partie de la famille des Rhamnac\u00e9es et originaire de l\u2019Est de l\u2019Asie et de l\u2019Afrique du Nord. Le jujubier est utilis\u00e9 particuli\u00e8rement en m\u00e9decine traditionnelle chinoise et arabe.\u00a0 Si les fruits s\u00e9ch\u00e9s et les graines (sanjoin) grill\u00e9s, [&#8230;]\n","protected":false},"featured_media":37125,"template":"","meta":[],"product_brand":[],"product_cat":[59],"product_tag":[],"class_list":{"0":"post-37124","1":"product","2":"type-product","3":"status-publish","4":"has-post-thumbnail","6":"product_cat-soin-et-bien-etre","8":"first","9":"instock","10":"shipping-taxable","11":"product-type-simple"},"_links":{"self":[{"href":"https:\/\/ventesengros.fr\/de\/wp-json\/wp\/v2\/product\/37124","targetHints":{"allow":["GET"]}}],"collection":[{"href":"https:\/\/ventesengros.fr\/de\/wp-json\/wp\/v2\/product"}],"about":[{"href":"https:\/\/ventesengros.fr\/de\/wp-json\/wp\/v2\/types\/product"}],"wp:featuredmedia":[{"embeddable":true,"href":"https:\/\/ventesengros.fr\/de\/wp-json\/wp\/v2\/media\/37125"}],"wp:attachment":[{"href":"https:\/\/ventesengros.fr\/de\/wp-json\/wp\/v2\/media?parent=37124"}],"wp:term":[{"taxonomy":"product_brand","embeddable":true,"href":"https:\/\/ventesengros.fr\/de\/wp-json\/wp\/v2\/product_brand?post=37124"},{"taxonomy":"product_cat","embeddable":true,"href":"https:\/\/ventesengros.fr\/de\/wp-json\/wp\/v2\/product_cat?post=37124"},{"taxonomy":"product_tag","embeddable":true,"href":"https:\/\/ventesengros.fr\/de\/wp-json\/wp\/v2\/product_tag?post=37124"}],"curies":[{"name":"wp","href":"https:\/\/api.w.org\/{rel}","templated":true}]}}