{"id":37116,"date":"2018-10-19T16:17:16","date_gmt":"2018-10-19T15:17:16","guid":{"rendered":"https:\/\/ventesengros.fr\/?post_type=product&#038;p=37116"},"modified":"2024-10-14T09:06:04","modified_gmt":"2024-10-14T08:06:04","slug":"gelule-de-nigelle-et-de-costus-indien","status":"publish","type":"product","link":"https:\/\/ventesengros.fr\/de\/grossiste\/kapseln-mit-schwarzkummel-und-indischem-costus\/","title":{"rendered":"Kapseln mit Schwarzk\u00fcmmel und indischem Costus (60 Kapseln) \u2013 6er-Pack"},"content":{"rendered":"<p><strong>Die verschiedenen Eigenschaften beider Pflanzen vereint in einer Kapsel<\/strong><\/p>\n<p>Die <strong>Kapseln mit Schwarzk\u00fcmmel und indischem Costus<\/strong> ist ein sorgf\u00e4ltig entwickeltes Produkt, das eine ebenso erstaunliche wie wirksame Kombination bietet. Es wird in Form von Kapseln angeboten und ist ein zu 100 % nat\u00fcrliches Produkt, das die Wirkstoffe jeder Pflanze (<em>Schwarzk\u00fcmmel und indischer Costus<\/em>) unversehrt zu bleiben.<\/p>\n<p>Neben ihrer Essbarkeit besitzen beide Komponenten auch zahlreiche therapeutische Eigenschaften.<\/p>\n<p><strong>Die Kapsel mit Schwarzk\u00fcmmel und indischem Costus, Eigenschaften und Vorteile<\/strong><\/p>\n<p>Die <strong>Kapseln mit Schwarzk\u00fcmmel und indischem Costus<\/strong> ist doppelt wirksam und wirkt sich auf verschiedene Weise positiv auf die Gesundheit des K\u00f6rpers aus. Unter anderem kann man seine stimulierende und belebende Wirkung nennen. Die Kapsel hat auch schmerzstillende, karminative, krampfl\u00f6sende, harntreibende, schleiml\u00f6sende, prophylaktische, adstringierende, antiallergische und auch anthelminthische Eigenschaften. Die verschiedenen Bestandteile der beiden Pflanzen verleihen der Kapsel in Kombination auch <strong>Kapseln mit Schwarzk\u00fcmmel und indischem Costus<\/strong> Magenst\u00e4rkende Eigenschaften (St\u00e4rkung und Stimulierung des Verdauungssystems, Schutz des Magens) und beugen bestimmten Erkrankungen der Atemwege vor (Asthma, Bronchitis, Husten usw.).<\/p>\n<p>Der Konsum von <strong>Kapseln mit Schwarzk\u00fcmmel und indischem Costus<\/strong> ist auch ein hervorragendes Mittel, um die Abwehrkr\u00e4fte des K\u00f6rpers und die Abwehrkr\u00e4fte der lebenswichtigen Organe gegen verschiedene Krankheiten und Infektionen zu st\u00e4rken. Es f\u00f6rdert au\u00dferdem die Durchblutung und reguliert den Zucker- und Cholesterinspiegel.<\/p>\n<p>Mit der <strong>Kapseln mit Schwarzk\u00fcmmel und indischem Costus<\/strong>.<a href=\"https:\/\/ventesengros.fr\/wp-content\/uploads\/2018\/10\/Fiche-produit-G\u00e9lule-de-nigelle-et-de-costus-indien.docx\">Produktdatenblatt \u2013 Kapseln mit Schwarzk\u00fcmmel und indischem Costus<\/a> <a href=\"https:\/\/ventesengros.fr\/wp-content\/uploads\/2018\/10\/G\u00e9lule-de-Nigelle-Costus.jpg\"><img loading=\"lazy\" decoding=\"async\" class=\"aligncenter size-full wp-image-37119\" src=\"https:\/\/ventesengros.fr\/wp-content\/uploads\/2018\/10\/G\u00e9lule-de-Nigelle-Costus.jpg\" alt=\"\" width=\"951\" height=\"618\" srcset=\"https:\/\/ventesengros.fr\/wp-content\/uploads\/2018\/10\/G\u00e9lule-de-Nigelle-Costus.jpg 951w, https:\/\/ventesengros.fr\/wp-content\/uploads\/2018\/10\/G\u00e9lule-de-Nigelle-Costus-600x390.jpg 600w, https:\/\/ventesengros.fr\/wp-content\/uploads\/2018\/10\/G\u00e9lule-de-Nigelle-Costus-300x195.jpg 300w, https:\/\/ventesengros.fr\/wp-content\/uploads\/2018\/10\/G\u00e9lule-de-Nigelle-Costus-768x499.jpg 768w, https:\/\/ventesengros.fr\/wp-content\/uploads\/2018\/10\/G\u00e9lule-de-Nigelle-Costus-510x331.jpg 510w\" sizes=\"auto, (max-width: 951px) 100vw, 951px\" \/><\/a><\/p>","protected":false},"excerpt":{"rendered":"<div>\n<p>Wir bieten Ihnen diese Kapseln mit Schwarzk\u00fcmmelsamen  aus indischem Costus (60 Kapseln) an. Die beiden Produkte sind gemischt, 50% Schwarzk\u00fcmmelpulver und 50% Costuspulver.,\u00a0 <strong>Verkauf im 6er-Set<\/strong>.<\/p>\n<p><span style=\"color: #ff0000; font-size: xx-small;\">Einzelpreis: 4,50 \u20ac<\/span><\/p>\n<\/div>\n<div>\n<p>1 Set: 4,50 \u20ac \/ St\u00fcck X6 = 27 \u20ac<em>Empfohlener Verkaufspreis:  9,00  Euro<\/em><\/p>\n<\/div>","protected":false},"featured_media":37119,"template":"","meta":[],"product_brand":[],"product_cat":[1509],"product_tag":[],"class_list":{"0":"post-37116","1":"product","2":"type-product","3":"status-publish","4":"has-post-thumbnail","6":"product_cat-huiles-de-ricin-en-gros","8":"first","9":"instock","10":"shipping-taxable","11":"purchasable","12":"product-type-simple"},"_links":{"self":[{"href":"https:\/\/ventesengros.fr\/de\/wp-json\/wp\/v2\/product\/37116","targetHints":{"allow":["GET"]}}],"collection":[{"href":"https:\/\/ventesengros.fr\/de\/wp-json\/wp\/v2\/product"}],"about":[{"href":"https:\/\/ventesengros.fr\/de\/wp-json\/wp\/v2\/types\/product"}],"wp:featuredmedia":[{"embeddable":true,"href":"https:\/\/ventesengros.fr\/de\/wp-json\/wp\/v2\/media\/37119"}],"wp:attachment":[{"href":"https:\/\/ventesengros.fr\/de\/wp-json\/wp\/v2\/media?parent=37116"}],"wp:term":[{"taxonomy":"product_brand","embeddable":true,"href":"https:\/\/ventesengros.fr\/de\/wp-json\/wp\/v2\/product_brand?post=37116"},{"taxonomy":"product_cat","embeddable":true,"href":"https:\/\/ventesengros.fr\/de\/wp-json\/wp\/v2\/product_cat?post=37116"},{"taxonomy":"product_tag","embeddable":true,"href":"https:\/\/ventesengros.fr\/de\/wp-json\/wp\/v2\/product_tag?post=37116"}],"curies":[{"name":"wp","href":"https:\/\/api.w.org\/{rel}","templated":true}]}}