{"id":37108,"date":"2018-10-19T16:00:49","date_gmt":"2018-10-19T15:00:49","guid":{"rendered":"https:\/\/ventesengros.fr\/?post_type=product&#038;p=37108"},"modified":"2022-06-30T23:04:49","modified_gmt":"2022-06-30T22:04:49","slug":"gelule-de-fenouil","status":"publish","type":"product","link":"https:\/\/ventesengros.fr\/de\/grossiste\/fenchelkapsel\/","title":{"rendered":"Fenchelkapsel"},"content":{"rendered":"<p><strong>Fenchel, <\/strong><\/p>\n<p>Der <strong>Fenchel<\/strong> (<em>Fenchel<\/em>) ist eine mehrj\u00e4hrige Pflanze aus der Familie der Doldenbl\u00fctler (Apiaceae).<\/p>\n<p>Fr\u00fcher wurde Fenchel als Pflanze mit magischen Kr\u00e4ften angesehen (verbunden  mit wei\u00dfer Magie), doch seine therapeutischen Tugenden haben sich im Laufe der Jahre bew\u00e4hrt und sind nun in verschiedenen  Formen erh\u00e4ltlich, darunter auch in Kapseln.<\/p>\n<p><strong>Fenchelkapseln, echte Vorteile, eine nat\u00fcrliche Formel 100%<\/strong><\/p>\n<p>Mit gr\u00f6\u00dfter Sorgfalt entworfen und entwickelt, ist die <strong>Fenchelkapsel<\/strong> bietet Ihnen das Beste aus der Natur. Ein Konzentrat spezifischer Wohltaten, die Sie t\u00e4glich genie\u00dfen k\u00f6nnen.<\/p>\n<p>Fenchel ist f\u00fcr seine medizinische Verwendung bekannt. Die <strong>Fenchelkapsel<\/strong> beugt insbesondere bestimmten Erkrankungen der Atemwege und des Verdauungstrakts vor. Sie eignet sich beispielsweise zur Behandlung von Verdauungsst\u00f6rungen. Dank der entz\u00fcndungshemmenden Wirkung von Fenchel lindert die Kapsel Entz\u00fcndungen der Atemwege. Die wohltuende Wirkung der Fenchelkapsel zeigt sich auch in ihrer \u00f6strogenen Wirkung, die sich bei Frauen als \u00e4u\u00dferst wirksam erweist (Dysmenorrh\u00f6, Amenorrh\u00f6, Hirsutismus).<\/p>\n<p>Die <strong>Fenchelkapsel<\/strong> ist eine nat\u00fcrliche 100 %-Formel (Fenchelfruchtpulver und pflanzliche H\u00fclle) mit verschiedenen Eigenschaften, die es zu einem ausgezeichneten Nahrungserg\u00e4nzungsmittel machen und besonders f\u00fcr Menschen geeignet ist, die ihre Muskelmasse erh\u00f6hen m\u00f6chten. Das Produkt ist au\u00dferdem f\u00fcr seine appetitanregende Wirkung bekannt (steigert den Appetit). Der t\u00e4gliche Verzehr sollte jedoch keine ausgewogene und abwechslungsreiche Ern\u00e4hrung ersetzen.<a href=\"https:\/\/ventesengros.fr\/wp-content\/uploads\/2018\/10\/G\u00e9lule-de-Fenouil.jpg\"><img loading=\"lazy\" decoding=\"async\" class=\"aligncenter size-full wp-image-37109\" src=\"https:\/\/ventesengros.fr\/wp-content\/uploads\/2018\/10\/G\u00e9lule-de-Fenouil.jpg\" alt=\"\" width=\"951\" height=\"618\" srcset=\"https:\/\/ventesengros.fr\/wp-content\/uploads\/2018\/10\/G\u00e9lule-de-Fenouil.jpg 951w, https:\/\/ventesengros.fr\/wp-content\/uploads\/2018\/10\/G\u00e9lule-de-Fenouil-600x390.jpg 600w, https:\/\/ventesengros.fr\/wp-content\/uploads\/2018\/10\/G\u00e9lule-de-Fenouil-300x195.jpg 300w, https:\/\/ventesengros.fr\/wp-content\/uploads\/2018\/10\/G\u00e9lule-de-Fenouil-768x499.jpg 768w, https:\/\/ventesengros.fr\/wp-content\/uploads\/2018\/10\/G\u00e9lule-de-Fenouil-510x331.jpg 510w\" sizes=\"auto, (max-width: 951px) 100vw, 951px\" \/><\/a><\/p>","protected":false},"excerpt":{"rendered":"<p>Le fenouil, Le fenouil (foeniculum vulgare) est une plante vivace faisant partie de la famille des apiac\u00e9es ou ombillif\u00e8res. Si le fenouil \u00e9tait jadis consid\u00e9r\u00e9 comme une plante aux pouvoirs magiques (associ\u00e9e\u00a0 \u00e0 la magie blanche), ses vertus th\u00e9rapeutiques ont belles et bien fait leur preuve au fil des ann\u00e9es et sont d\u00e9sormais repr\u00e9sent\u00e9es sous [&#8230;]\n","protected":false},"featured_media":37109,"template":"","meta":[],"product_brand":[],"product_cat":[1509],"product_tag":[],"class_list":{"0":"post-37108","1":"product","2":"type-product","3":"status-publish","4":"has-post-thumbnail","6":"product_cat-huiles-de-ricin-en-gros","8":"first","9":"instock","10":"shipping-taxable","11":"product-type-simple"},"_links":{"self":[{"href":"https:\/\/ventesengros.fr\/de\/wp-json\/wp\/v2\/product\/37108","targetHints":{"allow":["GET"]}}],"collection":[{"href":"https:\/\/ventesengros.fr\/de\/wp-json\/wp\/v2\/product"}],"about":[{"href":"https:\/\/ventesengros.fr\/de\/wp-json\/wp\/v2\/types\/product"}],"wp:featuredmedia":[{"embeddable":true,"href":"https:\/\/ventesengros.fr\/de\/wp-json\/wp\/v2\/media\/37109"}],"wp:attachment":[{"href":"https:\/\/ventesengros.fr\/de\/wp-json\/wp\/v2\/media?parent=37108"}],"wp:term":[{"taxonomy":"product_brand","embeddable":true,"href":"https:\/\/ventesengros.fr\/de\/wp-json\/wp\/v2\/product_brand?post=37108"},{"taxonomy":"product_cat","embeddable":true,"href":"https:\/\/ventesengros.fr\/de\/wp-json\/wp\/v2\/product_cat?post=37108"},{"taxonomy":"product_tag","embeddable":true,"href":"https:\/\/ventesengros.fr\/de\/wp-json\/wp\/v2\/product_tag?post=37108"}],"curies":[{"name":"wp","href":"https:\/\/api.w.org\/{rel}","templated":true}]}}