{"id":34637,"date":"2016-05-23T09:58:49","date_gmt":"2016-05-23T08:58:49","guid":{"rendered":"https:\/\/ventesengros.fr\/grossiste\/chajarat-mariam-poudre-25g\/"},"modified":"2022-06-30T23:08:43","modified_gmt":"2022-06-30T22:08:43","slug":"chajarat-mariam-poudre-25g","status":"publish","type":"product","link":"https:\/\/ventesengros.fr\/de\/grossiste\/chajarat-mariam-pulver-25-g\/","title":{"rendered":"Chajarat Mariam in Pulverform (pro Kilogramm oder in 25-g-Beuteln)"},"content":{"rendered":"<p>Die<span class=\"Apple-converted-space\">\u00a0<\/span>Chajarat Mariam in Pulverform ist die bequemste Art, dieses Heilmittel anzuwenden. Obwohl die Verwendung von <a href=\"https:\/\/www.amlou.fr\/rose-de-jericho\/\" target=\"_blank\" rel=\"noopener noreferrer\"><strong>Jerichobl\u00fcte<\/strong><\/a> an sich genauso wirksam ist. Manche Menschen werden aus Gr\u00fcnden der Schnelligkeit und Einfachheit eher dazu neigen, Chajarat Maryam in Pulverform zu verwenden.<\/p>\n<h2><b>Chajarat Mariam Pulver: alle Vorteile des Farns in Granulatform<\/b><\/h2>\n<p><span class=\"Apple-converted-space\">\u00a0<\/span>Die direkt zu Pulver zermahlene Pflanze erm\u00f6glicht die Zubereitung von Abkochungen ohne Probleme. Diese Technik ist sehr einfach. Eine Sch\u00fcssel oder Tasse mit hei\u00dfem Wasser reicht aus, um einen Kr\u00e4utertee zuzubereiten. Geben Sie zwei Teel\u00f6ffel Chajarat Maryam-Pulver hinzu. Die zu erwartende Wirkung entspricht der der getrockneten Pflanze.<\/p>\n<p><span class=\"Apple-converted-space\">\u00a0<\/span>Die Rose von Jericho ist zwar Gegenstand vieler Aberglauben, doch tats\u00e4chlich ist es ihre Wirkung auf die Fruchtbarkeit, die Frauen sch\u00e4tzen. Die verschiedenen heidnischen Legenden \u00fcber die Pflanze sind \u00fcbertrieben und entbehren jeder Grundlage. Das Pulver der Chajarat Maryam ist also ein Farn, dessen Wirkung die Befruchtung und den Eisprung anregen k\u00f6nnte. Vor allem dieses Ergebnis wird durch die Einnahme von Kr\u00e4utertees aus der Rinde von Jericho angestrebt.<\/p>\n<h2><b>Weitere Vorteile von gemahlener Rose von Jericho<\/b><\/h2>\n<p>Zu den weiteren Vorz\u00fcgen des Chajarat Mariam-Pulvers z\u00e4hlt seine blutzuckersenkende Wirkung. Als Kr\u00e4utertee getrunken reguliert es den glyk\u00e4mischen Index. Damit mildert es die unerw\u00fcnschten Auswirkungen von Diabetes.<span class=\"Apple-converted-space\">\u00a0<\/span><\/p>\n<p><span class=\"Apple-converted-space\">\u00a0<\/span>Dar\u00fcber hinaus ist Chajarat Maryam in Pulverform auch wirksam bei der Behandlung von Bindehautentz\u00fcndungen und anderen Augenallergien. An sich sind diese Infektionen der Augen oft vor\u00fcbergehend oder saisonbedingt. Sie verursachen jedoch sehr unangenehmen Juckreiz, den die Pflanze aus Jericho lindert. In Krisenzeiten ist es daher ratsam, einmal t\u00e4glich einen Kr\u00e4utertee aus Chajarat Maryam zu trinken.<\/p>\n<p>Foto unverbindlich.<\/p>","protected":false},"excerpt":{"rendered":"<p>Wir bieten Ihnen Chajarat Mariam in Pulverform an.\u00a0<span style=\"color: #0000ff;\"><strong>Verkauft pro Kilogramm oder in 25-g-Beuteln<\/strong><\/span>. Mit oder ohne Etikett.<\/p>\n<p><b>Preis pro Kilogramm:<\/b>\u00a0<span style=\"color: #ff0000;\"><strong>52\u20ac<\/strong><\/span><\/p>\n<p><b>Preis pro Beutel<span class=\"Apple-converted-space\">\u00a0<\/span>:<\/b>\u00a0<strong><span style=\"color: #ff0000;\">2,69\u20ac<\/span><\/strong><\/p>\n<p>&nbsp;<\/p>","protected":false},"featured_media":38048,"template":"","meta":[],"product_brand":[],"product_cat":[206,285,59],"product_tag":[1020,1184,258,974,688,268],"class_list":{"0":"post-34637","1":"product","2":"type-product","3":"status-publish","4":"has-post-thumbnail","6":"product_cat-alimentation","7":"product_cat-autres","8":"product_cat-soin-et-bien-etre","9":"product_tag-chajarat-mariam-25g","10":"product_tag-en","11":"product_tag-en-gros","12":"product_tag-grossiste","13":"product_tag-maroc","14":"product_tag-poudre","15":"pa_lot-1-lot-1-kg-59e-soit-59e-le-kilo","16":"pa_lot-1-lot-12-sachets-3588e-2-99e-le-sachet","17":"pa_lot-2-lots-2-kg-112e-soit-56e-le-kilo","18":"pa_lot-2-lot-24-sachets-6936e-2-89e-le-sachet","19":"pa_lot-3-lots-3-kg-56e-soit-56e-le-kilo","20":"pa_lot-3-lot-36-sachets-9684e-2-69e-le-sachet","22":"first","23":"instock","24":"featured","25":"shipping-taxable","26":"purchasable","27":"product-type-variable"},"_links":{"self":[{"href":"https:\/\/ventesengros.fr\/de\/wp-json\/wp\/v2\/product\/34637","targetHints":{"allow":["GET"]}}],"collection":[{"href":"https:\/\/ventesengros.fr\/de\/wp-json\/wp\/v2\/product"}],"about":[{"href":"https:\/\/ventesengros.fr\/de\/wp-json\/wp\/v2\/types\/product"}],"wp:featuredmedia":[{"embeddable":true,"href":"https:\/\/ventesengros.fr\/de\/wp-json\/wp\/v2\/media\/38048"}],"wp:attachment":[{"href":"https:\/\/ventesengros.fr\/de\/wp-json\/wp\/v2\/media?parent=34637"}],"wp:term":[{"taxonomy":"product_brand","embeddable":true,"href":"https:\/\/ventesengros.fr\/de\/wp-json\/wp\/v2\/product_brand?post=34637"},{"taxonomy":"product_cat","embeddable":true,"href":"https:\/\/ventesengros.fr\/de\/wp-json\/wp\/v2\/product_cat?post=34637"},{"taxonomy":"product_tag","embeddable":true,"href":"https:\/\/ventesengros.fr\/de\/wp-json\/wp\/v2\/product_tag?post=34637"}],"curies":[{"name":"wp","href":"https:\/\/api.w.org\/{rel}","templated":true}]}}