{"id":34520,"date":"2016-05-12T07:13:59","date_gmt":"2016-05-12T06:13:59","guid":{"rendered":"https:\/\/ventesengros.fr\/grossiste\/gant-de-gommage-haute-qualite-rouge-carmin\/"},"modified":"2023-08-15T10:07:23","modified_gmt":"2023-08-15T09:07:23","slug":"gant-de-gommage-haute-qualite-rouge-carmin","status":"publish","type":"product","link":"https:\/\/ventesengros.fr\/de\/grossiste\/hochwertiger-peeling-handschuh-in-karminrot\/","title":{"rendered":"Hochwertiger Peeling-Handschuh, karminrot, 12 St\u00fcck"},"content":{"rendered":"<p>In einer Zeit, in der der Mode- und Sch\u00f6nheitsmarkt seinen H\u00f6hepunkt erreicht hat, in der Unternehmen ihre Anstrengungen verdoppeln und astronomische Summen investieren, um das beste Produkt zu pr\u00e4sentieren und weltweit bekannt und anerkannt zu sein, gibt es Sch\u00f6nheits- und Hygieneprodukte, die ihre Wirksamkeit bereits seit langer Zeit unter Beweis gestellt haben, wie beispielsweise der hochwertige Peeling-Handschuh von Orient Grossiste.<\/p>\n<p>Dies ist der Fall bei <b>Peeling-Handschuh<\/b> Urspr\u00fcnglich wurde er in den Hammams orientalischer L\u00e4nder verwendet, hat sich seitdem jedoch weit verbreitet und ist aus unseren westlichen Badezimmern nicht mehr wegzudenken. Dieser Peelinghandschuh l\u00e4sst sich mit dem <b>Kessa-Handschuh<\/b>, da es den K\u00f6rper gr\u00fcndlich reinigt. <b>Sich um seinen K\u00f6rper k\u00fcmmern<\/b> ist wichtig, sowohl f\u00fcr die k\u00f6rperliche als auch f\u00fcr die geistige Gesundheit.<\/p>\n<h2><strong>Der hochwertige Peeling-Handschuh, Komponenten, die Sie zufriedenstellen werden:\u00a0<\/strong><\/h2>\n<p>Hergestellt aus einem Kreppmaterial, das ideal ist, um abgestorbene Hautzellen gr\u00fcndlich zu entfernen und die Haut weich und seidig zu machen, befreit von allen Unreinheiten. Das Reiben der Haut auf diese Weise ist auch eine hervorragende Methode, um die Durchblutung anzuregen und so die Haut leichter zu regenerieren.<\/p>\n<p>In Bezug auf unsere <b>Anwendungshinweise<\/b> F\u00fcr den Endkunden empfehlen wir, das Badezimmer vorab auf eine hohe Temperatur zu heizen und beispielsweise schwarze Seife auf dem gesamten K\u00f6rper anzuwenden, diese 1 bis 2 Minuten einwirken zu lassen und anschlie\u00dfend mit warmem Wasser abzusp\u00fclen. Nach diesem Schritt k\u00f6nnen Sie Ihren Waschhandschuh verwenden, um Ihren gesamten K\u00f6rper kr\u00e4ftig zu schrubben, und anschlie\u00dfend alles mit Ihrem \u00fcblichen Duschgel absp\u00fclen.<\/p>\n<h3><strong>Ein sehr gutes Preis-Leistungs-Verh\u00e4ltnis aus Marokko:<\/strong><\/h3>\n<p>Ihr <b>Gro\u00dfh\u00e4ndler <\/b>Sie<b> <\/b>bietet zum Verkauf an <b>Hochwertige Peeling-Handschuhe <\/b>in rosa Farben, verkauft in 12er-Packungen, direkt aus Marokko und mit einem Nettogewicht von 410 g pro St\u00fcck.<\/p>\n<p>Sie k\u00f6nnen diese Handschuhe also kaufen. <b>im Gro\u00dfen und Ganzen<\/b>, zu einem sehr wettbewerbsf\u00e4higen Preis. Je gr\u00f6\u00dfer die gekaufte Menge, desto g\u00fcnstiger wird der Preis pro Set. Wir empfehlen Ihnen einen Wiederverkaufspreis, der sich nach den Marktpreisen richtet, um Ihnen die Arbeit zu erleichtern.<\/p>\n<p>Sie k\u00f6nnen als erg\u00e4nzendes Produkt schwarze Seife auf unserer Website in der Kategorie Pflege und Wellness erwerben.<\/p>\n<p><strong>SAUBER:<\/strong><\/p>\n<p><strong>Farbe:<\/strong>\u00a0Karminrot<\/p>","protected":false},"excerpt":{"rendered":"<p>Wir bieten Ihnen Folgendes an\u00a0<strong>Hochwertiger Peeling-Handschuh\u00a0<\/strong>Verkauft im 12er-Pack.<\/p>\n<p>Empfohlener Verkaufspreis: 3,90-4,90 Euro.<\/p>\n<p>1 Los:\u00a0<span style=\"color: #0ad227;\">1,29 \u20ac \/ St\u00fcck x 12 = 15,48 \u20ac<\/span><\/p>","protected":false},"featured_media":34545,"template":"","meta":[],"product_brand":[],"product_cat":[401],"product_tag":[258,386,974,274],"class_list":{"0":"post-34520","1":"product","2":"type-product","3":"status-publish","4":"has-post-thumbnail","6":"product_cat-produits-du-hammam","7":"product_tag-en-gros","8":"product_tag-gant-de-gommage-2","9":"product_tag-grossiste","10":"product_tag-qualite","11":"pa_lot-158","12":"pa_lot-160","13":"pa_lot-159","15":"first","16":"instock","17":"shipping-taxable","18":"purchasable","19":"product-type-simple"},"_links":{"self":[{"href":"https:\/\/ventesengros.fr\/de\/wp-json\/wp\/v2\/product\/34520","targetHints":{"allow":["GET"]}}],"collection":[{"href":"https:\/\/ventesengros.fr\/de\/wp-json\/wp\/v2\/product"}],"about":[{"href":"https:\/\/ventesengros.fr\/de\/wp-json\/wp\/v2\/types\/product"}],"wp:featuredmedia":[{"embeddable":true,"href":"https:\/\/ventesengros.fr\/de\/wp-json\/wp\/v2\/media\/34545"}],"wp:attachment":[{"href":"https:\/\/ventesengros.fr\/de\/wp-json\/wp\/v2\/media?parent=34520"}],"wp:term":[{"taxonomy":"product_brand","embeddable":true,"href":"https:\/\/ventesengros.fr\/de\/wp-json\/wp\/v2\/product_brand?post=34520"},{"taxonomy":"product_cat","embeddable":true,"href":"https:\/\/ventesengros.fr\/de\/wp-json\/wp\/v2\/product_cat?post=34520"},{"taxonomy":"product_tag","embeddable":true,"href":"https:\/\/ventesengros.fr\/de\/wp-json\/wp\/v2\/product_tag?post=34520"}],"curies":[{"name":"wp","href":"https:\/\/api.w.org\/{rel}","templated":true}]}}