{"id":34330,"date":"2016-04-19T11:43:37","date_gmt":"2016-04-19T10:43:37","guid":{"rendered":"https:\/\/ventesengros.fr\/grossiste\/gelules-de-curcuma-x60\/"},"modified":"2024-01-18T10:50:07","modified_gmt":"2024-01-18T09:50:07","slug":"gelules-de-curcuma-x60","status":"publish","type":"product","link":"https:\/\/ventesengros.fr\/de\/grossiste\/kurkuma-kapseln-x60\/","title":{"rendered":"Kurkuma-Kapseln (60 Kapseln) (6er-Pack)"},"content":{"rendered":"<div><strong>Eigentum:<\/strong><\/div>\n<div><\/div>\n<div><\/div>\n<div>Kurkuma, ein Schutzmittel f\u00fcr den Magen-Darm-Trakt und starkes Entz\u00fcndungshemmer, hat noch viele weitere Vorz\u00fcge, die \u00fcber seine Verwendung als Lebensmittel hinausgehen:<\/div>\n<div><\/div>\n<div>-Behandelt Verdauungsst\u00f6rungen<\/div>\n<div>-Lindert Schmerzen aufgrund von Gastritis und anderen Darmentz\u00fcndungen: Im Gegensatz zu bestimmten entz\u00fcndungshemmenden Medikamenten verursacht Kurkuma keine Geschw\u00fcre oder Risiken f\u00fcr innere Blutungen, sondern sch\u00fctzt im Gegenteil wirksam die Verdauungsorgane.<\/div>\n<div>-St\u00e4rkt das gesamte Immunsystem nachhaltig<\/div>\n<div>- Lindert chronische Entz\u00fcndungsschmerzen wie Arthritis, Arthrose, Sehnenentz\u00fcndungen, Ischias, Hexenschuss und Rheuma.<\/div>\n<div>-Reinigt sehr wirksam das Blut, die Lymphe, die Leber und die Gallenblase.<\/div>\n<div>-Wirkt gegen chronische Verstopfung, infekti\u00f6sen Durchfall und Gastroenteritis.<\/div>\n<div>-Bek\u00e4mpft sehr wirksam Parasiten und Darmw\u00fcrmer wie Candida albicans und Helicobacter pylori, die in direktem Zusammenhang mit bestimmten Suchterkrankungen und Essst\u00f6rungen, Bulimie und chronischen Entz\u00fcndungen stehen.<\/div>\n<div>-Etc.<\/div>\n<div>Kurkuma k\u00f6nnte sich dar\u00fcber hinaus als sehr wirksam bei der Vorbeugung bestimmter Krebsarten erweisen.<\/div>\n<div><\/div>\n<div><strong>Anwendungshinweise:<\/strong><\/div>\n<div><\/div>\n<div>Nehmen Sie morgens, mittags und abends zu den Mahlzeiten 1 Kapsel mit einem gro\u00dfen Glas Wasser ein.<\/div>\n<div>Die Kombination von Kurkuma-Kapseln mit Ingwer- oder Bockshornklee-Kapseln erh\u00f6ht die Aufnahmef\u00e4higkeit des Darms f\u00fcr Kurkuma.<\/div>\n<div><\/div>\n<div><strong>Zutaten:\u00a0<\/strong><\/div>\n<div><\/div>\n<div>Kurkuma-Rhizom (Curcuma longa), pflanzliche Kapsel (Hydroxypropylmethylcellulose).<\/div>\n<div><\/div>\n<div><strong>Vorsichtsma\u00dfnahmen bei der Anwendung:\u00a0<\/strong><\/div>\n<div><\/div>\n<div>An einem k\u00fchlen, trockenen und lichtgesch\u00fctzten Ort aufbewahren.<\/div>\n<div>Ein Nahrungserg\u00e4nzungsmittel sollte keine abwechslungsreiche und ausgewogene Ern\u00e4hrung und einen gesunden Lebensstil ersetzen.<\/div>\n<div>Bei medizinischer Behandlung wenden Sie sich bitte an Ihren Therapeuten.<\/div>\n<div>Die empfohlene Tagesdosis darf nicht \u00fcberschritten werden.<\/div>\n<div>Au\u00dferhalb der Reichweite von Kindern aufbewahren.<\/div>\n<div><\/div>\n<p>&nbsp;<\/p>","protected":false},"excerpt":{"rendered":"<p>Wir bieten Ihnen diese <strong>Kurkuma-Kapseln (60 Kapseln) <\/strong>Verkauft im 6er-Pack.<\/p>\n<p>1 Los: <span style=\"color: #ff0000;\">4,49 \u20ac \/ St\u00fcck x 6 = 26,94 \u20ac<\/span><\/p>\n<p>Empfohlener Verkaufspreis:  9,90  Euro.<\/p>","protected":false},"featured_media":57912,"template":"","meta":[],"product_brand":[],"product_cat":[206,285,1554,59],"product_tag":[],"class_list":{"0":"post-34330","1":"product","2":"type-product","3":"status-publish","4":"has-post-thumbnail","6":"product_cat-alimentation","7":"product_cat-autres","8":"product_cat-grossiste-gelules","9":"product_cat-soin-et-bien-etre","11":"first","12":"instock","13":"shipping-taxable","14":"purchasable","15":"product-type-simple"},"_links":{"self":[{"href":"https:\/\/ventesengros.fr\/de\/wp-json\/wp\/v2\/product\/34330","targetHints":{"allow":["GET"]}}],"collection":[{"href":"https:\/\/ventesengros.fr\/de\/wp-json\/wp\/v2\/product"}],"about":[{"href":"https:\/\/ventesengros.fr\/de\/wp-json\/wp\/v2\/types\/product"}],"wp:featuredmedia":[{"embeddable":true,"href":"https:\/\/ventesengros.fr\/de\/wp-json\/wp\/v2\/media\/57912"}],"wp:attachment":[{"href":"https:\/\/ventesengros.fr\/de\/wp-json\/wp\/v2\/media?parent=34330"}],"wp:term":[{"taxonomy":"product_brand","embeddable":true,"href":"https:\/\/ventesengros.fr\/de\/wp-json\/wp\/v2\/product_brand?post=34330"},{"taxonomy":"product_cat","embeddable":true,"href":"https:\/\/ventesengros.fr\/de\/wp-json\/wp\/v2\/product_cat?post=34330"},{"taxonomy":"product_tag","embeddable":true,"href":"https:\/\/ventesengros.fr\/de\/wp-json\/wp\/v2\/product_tag?post=34330"}],"curies":[{"name":"wp","href":"https:\/\/api.w.org\/{rel}","templated":true}]}}