{"id":34300,"date":"2016-04-15T16:19:22","date_gmt":"2016-04-15T15:19:22","guid":{"rendered":"https:\/\/ventesengros.fr\/?post_type=product&#038;p=34300"},"modified":"2023-04-07T02:31:32","modified_gmt":"2023-04-07T01:31:32","slug":"baton-de-reglisse","status":"publish","type":"product","link":"https:\/\/ventesengros.fr\/de\/grossiste\/lakritzstange\/","title":{"rendered":"Lakritzstangen (Packung mit 12 Dosen \u00e0 25 g \u2013 7 bis 9 Stangen)"},"content":{"rendered":"","protected":false},"excerpt":{"rendered":"<p>Wir bieten Ihnen diese Lakritzstangen in <span style=\"color: #0000ff;\"><b>Schachtel mit 25 g, was je nach Gr\u00f6\u00dfe 7 bis 9 St\u00e4bchen entspricht. Verkauf in Packungen zu 12 Schachteln.<\/b><\/span><\/p>\n<ul>\n<li><b>Preis pro St\u00fcck:<\/b>\u00a0<span style=\"color: #ff0000;\"><strong>0,99\u20ac<\/strong><\/span><\/li>\n<\/ul>\n<p>1 Los: <span style=\"color: #0ad227;\">0,99 \u20ac \/ St\u00fcck x 12 = 11,88 \u20ac<\/span><\/p>\n<p>&nbsp;<\/p>","protected":false},"featured_media":38489,"template":"","meta":[],"product_brand":[],"product_cat":[297,59],"product_tag":[1170,971,1171,974,688,191],"class_list":{"0":"post-34300","1":"product","2":"type-product","3":"status-publish","4":"has-post-thumbnail","6":"product_cat-siwak-siwakdentifrice","7":"product_cat-soin-et-bien-etre","8":"product_tag-baton-de-reglisse","9":"product_tag-casablanca","10":"product_tag-en-ligne","11":"product_tag-grossiste","12":"product_tag-maroc","13":"product_tag-pas-cher","14":"pa_lot-1-lot-12-boites-de-25g-1560e-soit-130e-lunite","15":"pa_lot-2-lots-24-boites-de-25g-2760e-soit-115e-lunite","16":"pa_lot-3-lots-24-boites-de-25g-3564e-soit-015e-lunite","18":"first","19":"instock","20":"shipping-taxable","21":"purchasable","22":"product-type-simple"},"_links":{"self":[{"href":"https:\/\/ventesengros.fr\/de\/wp-json\/wp\/v2\/product\/34300","targetHints":{"allow":["GET"]}}],"collection":[{"href":"https:\/\/ventesengros.fr\/de\/wp-json\/wp\/v2\/product"}],"about":[{"href":"https:\/\/ventesengros.fr\/de\/wp-json\/wp\/v2\/types\/product"}],"wp:featuredmedia":[{"embeddable":true,"href":"https:\/\/ventesengros.fr\/de\/wp-json\/wp\/v2\/media\/38489"}],"wp:attachment":[{"href":"https:\/\/ventesengros.fr\/de\/wp-json\/wp\/v2\/media?parent=34300"}],"wp:term":[{"taxonomy":"product_brand","embeddable":true,"href":"https:\/\/ventesengros.fr\/de\/wp-json\/wp\/v2\/product_brand?post=34300"},{"taxonomy":"product_cat","embeddable":true,"href":"https:\/\/ventesengros.fr\/de\/wp-json\/wp\/v2\/product_cat?post=34300"},{"taxonomy":"product_tag","embeddable":true,"href":"https:\/\/ventesengros.fr\/de\/wp-json\/wp\/v2\/product_tag?post=34300"}],"curies":[{"name":"wp","href":"https:\/\/api.w.org\/{rel}","templated":true}]}}