{"id":34275,"date":"2016-04-13T11:47:56","date_gmt":"2016-04-13T10:47:56","guid":{"rendered":"https:\/\/ventesengros.fr\/grossiste\/miel-doranger-250g-2\/"},"modified":"2022-06-30T23:10:34","modified_gmt":"2022-06-30T22:10:34","slug":"miel-d-eucalyptus-250g","status":"publish","type":"product","link":"https:\/\/ventesengros.fr\/de\/grossiste\/eukalyptushonig-250-g\/","title":{"rendered":"Eukalyptushonig \u2013 250 g Glas \u2013 (8er-Pack)"},"content":{"rendered":"<p>Der\u00a0<strong>Eukalyptushonig 250 g<\/strong> ist bekannt f\u00fcr seine zahlreichen positiven Auswirkungen auf unsere Gesundheit. Es gibt viele verschiedene Honigsorten, die sich durch ihren Geschmack, ihr Aussehen, ihre Farbe, ihre Herkunft, aber auch durch ihre spezifischen Eigenschaften unterscheiden. Jeder Honig ist also einzigartig und hat seine Besonderheiten.<\/p>\n<h2><strong>Eukalyptushonig 250 g, hochwertige lokale Herkunft:\u00a0<\/strong><\/h2>\n<p>Ihr <b>Gro\u00dfh\u00e4ndler<\/b> Orient Grossiste pr\u00e4sentiert Ihnen das <b>Eukalyptushonig 250 g aus Marokko <\/b>verkauft <b>im Gro\u00dfen und Ganzen<\/b> Pro Packung 8 Gl\u00e4ser \u00e0 250 Gramm.  Dieser charaktervolle Honig stammt aus Eukalyptusw\u00e4ldern, die vor allem in Spanien, Marokko, Algerien usw. zu finden sind.<\/p>\n<p>Eukalyptushonig 250 g hat einen fruchtigen Geschmack mit einer leicht minzigen Note. Er hat zahlreiche therapeutische Wirkungen und wird insbesondere bei Atemwegsinfektionen wie Schnupfen, Husten und Bronchitis empfohlen. Au\u00dferdem ist er sehr wirksam bei Harnwegs- und Darmproblemen.<\/p>\n<p>Der leichte und subtile Geschmack von Eukalyptushonig wird besonders in Kr\u00e4utertees bei Erk\u00e4ltungen gesch\u00e4tzt, kann aber auch in der K\u00fcche oder in der Kosmetik verwendet werden, da Honig allgemein f\u00fcr seine unglaublichen heilenden Eigenschaften bekannt ist.<\/p>\n<p>Honig ist in der traditionellen Medizin, aber auch in \u00e4lteren Heilmethoden, insbesondere in der prophetischen Medizin des Islam, anerkannt. Die Verwendung dieses Naturprodukts hat zahlreiche Vorteile.<\/p>\n<p><b>Orient Gro\u00dfh\u00e4ndler<\/b> bietet Ihnen diesen hochwertigen Honig direkt aus<b> Marokko<\/b> und in gro\u00dfen Mengen zu einem degressiven Preis verkauft.<\/p>\n<p>Dieses Produkt kann einzeln oder in gr\u00f6\u00dferen Mengen zum Weiterverkauf im Einzelhandel erworben werden.<\/p>\n<p>Unser Kundendienst steht Ihnen f\u00fcr alle Fragen oder Reklamationen gerne zur Verf\u00fcgung.<\/p>\n<p>&nbsp;<\/p>","protected":false},"excerpt":{"rendered":"<p>Wir bieten Ihnen Folgendes an\u00a0<strong>Eukalyptushonig 250 g\u00a0<\/strong>Verkauft im 8er-Set.<\/p>\n<p>1 Los: <span style=\"color: #0ad227;\">5,75 \u20ac \/ St\u00fcck x 8 = 46 \u20ac<\/span><\/p>\n<p>&nbsp;<\/p>","protected":false},"featured_media":34647,"template":"","meta":[],"product_brand":[],"product_cat":[206,596,59],"product_tag":[258,974,1168],"class_list":{"0":"post-34275","1":"product","2":"type-product","3":"status-publish","4":"has-post-thumbnail","6":"product_cat-alimentation","7":"product_cat-miel-alimentation","8":"product_cat-soin-et-bien-etre","9":"product_tag-en-gros","10":"product_tag-grossiste","11":"product_tag-miel-d-eucalyptus","13":"first","14":"instock","15":"shipping-taxable","16":"purchasable","17":"product-type-simple"},"_links":{"self":[{"href":"https:\/\/ventesengros.fr\/de\/wp-json\/wp\/v2\/product\/34275","targetHints":{"allow":["GET"]}}],"collection":[{"href":"https:\/\/ventesengros.fr\/de\/wp-json\/wp\/v2\/product"}],"about":[{"href":"https:\/\/ventesengros.fr\/de\/wp-json\/wp\/v2\/types\/product"}],"wp:featuredmedia":[{"embeddable":true,"href":"https:\/\/ventesengros.fr\/de\/wp-json\/wp\/v2\/media\/34647"}],"wp:attachment":[{"href":"https:\/\/ventesengros.fr\/de\/wp-json\/wp\/v2\/media?parent=34275"}],"wp:term":[{"taxonomy":"product_brand","embeddable":true,"href":"https:\/\/ventesengros.fr\/de\/wp-json\/wp\/v2\/product_brand?post=34275"},{"taxonomy":"product_cat","embeddable":true,"href":"https:\/\/ventesengros.fr\/de\/wp-json\/wp\/v2\/product_cat?post=34275"},{"taxonomy":"product_tag","embeddable":true,"href":"https:\/\/ventesengros.fr\/de\/wp-json\/wp\/v2\/product_tag?post=34275"}],"curies":[{"name":"wp","href":"https:\/\/api.w.org\/{rel}","templated":true}]}}