{"id":34119,"date":"2016-03-29T14:42:46","date_gmt":"2016-03-29T13:42:46","guid":{"rendered":"https:\/\/ventesengros.fr\/grossiste\/gelules-de-gingembre-de-palmier-x60\/"},"modified":"2024-01-18T10:53:07","modified_gmt":"2024-01-18T09:53:07","slug":"gelules-de-gingembre-de-palmier-x60","status":"publish","type":"product","link":"https:\/\/ventesengros.fr\/de\/grossiste\/ingwer-kapseln-aus-palmen-x60\/","title":{"rendered":"Ingwer-Kapseln (60 Kapseln) \u2013 6er-Pack"},"content":{"rendered":"<div><strong>Eigentum:<\/strong><\/div>\n<div>Ingwer ist seit \u00fcber 5000 Jahren in vielen L\u00e4ndern der Welt f\u00fcr seine therapeutischen Eigenschaften bekannt:<\/div>\n<div><\/div>\n<div>-Stimuliert das Immunsystem.<\/div>\n<div>-Entz\u00fcndungshemmend, antibakteriell und antiviral: hilft bei Fieber, grippalen Infekten und Allergien.<\/div>\n<div>-Lindert Schmerzen (Migr\u00e4ne, Muskelschmerzen, Regelschmerzen, Verdauungskr\u00e4mpfe, Magenbeschwerden).<\/div>\n<div>-Regt den Appetit an und wirkt gegen Darmbeschwerden wie \u00dcbelkeit, Bl\u00e4hungen, Gasbildung, Schmerzen und Durchfall.<\/div>\n<div>-Beugt postoperativem Erbrechen, Reisekrankheit oder \u00dcbelkeit w\u00e4hrend der Schwangerschaft vor.<\/div>\n<div>-Belebt, stimuliert und st\u00e4rkt den Organismus.<\/div>\n<div>-Starke antioxidative Eigenschaften.<\/div>\n<div>-Aphrodisiakum.<\/div>\n<p>&nbsp;<\/p>","protected":false},"excerpt":{"rendered":"<p>Wir bieten Ihnen diese <strong>Ingwer-Kapseln (60 St\u00fcck)\u00a0<\/strong>Verkauft im 12er-Pack.<\/p>\n<p>1 Los: <span style=\"color: #ff0000;\">4,19 \u20ac \/ St\u00fcck x 6 = 25,14 Euro<\/span><\/p>\n<p>&nbsp;<\/p>\n<p>Empfohlener Verkaufspreis:  9,90  Euro.<\/p>","protected":false},"featured_media":57915,"template":"","meta":[],"product_brand":[],"product_cat":[206,285,1554,59],"product_tag":[],"class_list":{"0":"post-34119","1":"product","2":"type-product","3":"status-publish","4":"has-post-thumbnail","6":"product_cat-alimentation","7":"product_cat-autres","8":"product_cat-grossiste-gelules","9":"product_cat-soin-et-bien-etre","11":"first","12":"instock","13":"shipping-taxable","14":"purchasable","15":"product-type-simple"},"_links":{"self":[{"href":"https:\/\/ventesengros.fr\/de\/wp-json\/wp\/v2\/product\/34119","targetHints":{"allow":["GET"]}}],"collection":[{"href":"https:\/\/ventesengros.fr\/de\/wp-json\/wp\/v2\/product"}],"about":[{"href":"https:\/\/ventesengros.fr\/de\/wp-json\/wp\/v2\/types\/product"}],"wp:featuredmedia":[{"embeddable":true,"href":"https:\/\/ventesengros.fr\/de\/wp-json\/wp\/v2\/media\/57915"}],"wp:attachment":[{"href":"https:\/\/ventesengros.fr\/de\/wp-json\/wp\/v2\/media?parent=34119"}],"wp:term":[{"taxonomy":"product_brand","embeddable":true,"href":"https:\/\/ventesengros.fr\/de\/wp-json\/wp\/v2\/product_brand?post=34119"},{"taxonomy":"product_cat","embeddable":true,"href":"https:\/\/ventesengros.fr\/de\/wp-json\/wp\/v2\/product_cat?post=34119"},{"taxonomy":"product_tag","embeddable":true,"href":"https:\/\/ventesengros.fr\/de\/wp-json\/wp\/v2\/product_tag?post=34119"}],"curies":[{"name":"wp","href":"https:\/\/api.w.org\/{rel}","templated":true}]}}