{"id":33993,"date":"2016-12-11T15:55:46","date_gmt":"2016-12-11T14:55:46","guid":{"rendered":"https:\/\/ventesengros.fr\/grossiste\/gelule-pollen-de-palmier\/"},"modified":"2025-01-03T11:38:24","modified_gmt":"2025-01-03T10:38:24","slug":"gelule-pollen-de-palmier","status":"publish","type":"product","link":"https:\/\/ventesengros.fr\/de\/grossiste\/palmenpollen-kapseln\/","title":{"rendered":"Palmenpollen-Kapseln \u2013 60 Kapseln (6er-Pack)"},"content":{"rendered":"<p>&nbsp;<\/p>\n<p>Palmenpollen ist ein vollkommen nat\u00fcrliches Produkt, das in der traditionellen arabischen Medizin als Heilmittel und Nahrungserg\u00e4nzungsmittel empfohlen wird.<\/p>\n<p>Moderne medizinische Forschungen haben seine zahlreichen Vorteile best\u00e4tigt, darunter seine konkrete Wirksamkeit bei der Behandlung von Unfruchtbarkeit bei M\u00e4nnern und Frauen. Diese Wirksamkeit l\u00e4sst sich durch das Vorhandensein des Hormons \u00d6stron im Pollen erkl\u00e4ren (Palmenpollen geh\u00f6ren zur Familie der Phyt\u00f6strogene), das sich auch als vorteilhaft f\u00fcr die Regulierung des Menstruationszyklus bei Frauen erweist.<\/p>\n<p>Sein hoher Fettgehalt in Verbindung mit dem Vorhandensein von \u00d6stron erkl\u00e4rt seine belebende und stimulierende Wirkung. Vor allem zu diesem Zweck wird Pollen in Arabien konsumiert, aber die Liste seiner Vorteile ist lang:<\/p>\n<p>F\u00f6rdert die Fruchtbarkeit, reinigt die Geb\u00e4rmutter w\u00e4hrend und nach der Menstruation, unterst\u00fctzt die Gonadenproduktion, bek\u00e4mpft Impotenz<\/p>","protected":false},"excerpt":{"rendered":"<p>Wir bieten Ihnen diese <strong>Palmenpollen-Kapseln (60 Kapseln) <\/strong>Verkauft im 6er-Set.<\/p>\n<p><strong><span style=\"color: #50b848;\">1 Set: 5,50 \u20ac \/ St\u00fcck x 6 = 33 \u20ac<\/span><\/strong><\/p>\n<p><em><span style=\"font-size: 75%;\">Empfohlener Verkaufspreis:  13,90  Euro<\/span><\/em><\/p>","protected":false},"featured_media":57907,"template":"","meta":[],"product_brand":[],"product_cat":[206,285,1515,1554,59],"product_tag":[],"class_list":{"0":"post-33993","1":"product","2":"type-product","3":"status-publish","4":"has-post-thumbnail","6":"product_cat-alimentation","7":"product_cat-autres","8":"product_cat-fertilite","9":"product_cat-grossiste-gelules","10":"product_cat-soin-et-bien-etre","12":"first","13":"instock","14":"shipping-taxable","15":"purchasable","16":"product-type-simple"},"_links":{"self":[{"href":"https:\/\/ventesengros.fr\/de\/wp-json\/wp\/v2\/product\/33993","targetHints":{"allow":["GET"]}}],"collection":[{"href":"https:\/\/ventesengros.fr\/de\/wp-json\/wp\/v2\/product"}],"about":[{"href":"https:\/\/ventesengros.fr\/de\/wp-json\/wp\/v2\/types\/product"}],"wp:featuredmedia":[{"embeddable":true,"href":"https:\/\/ventesengros.fr\/de\/wp-json\/wp\/v2\/media\/57907"}],"wp:attachment":[{"href":"https:\/\/ventesengros.fr\/de\/wp-json\/wp\/v2\/media?parent=33993"}],"wp:term":[{"taxonomy":"product_brand","embeddable":true,"href":"https:\/\/ventesengros.fr\/de\/wp-json\/wp\/v2\/product_brand?post=33993"},{"taxonomy":"product_cat","embeddable":true,"href":"https:\/\/ventesengros.fr\/de\/wp-json\/wp\/v2\/product_cat?post=33993"},{"taxonomy":"product_tag","embeddable":true,"href":"https:\/\/ventesengros.fr\/de\/wp-json\/wp\/v2\/product_tag?post=33993"}],"curies":[{"name":"wp","href":"https:\/\/api.w.org\/{rel}","templated":true}]}}