{"id":33927,"date":"2016-03-05T07:00:21","date_gmt":"2016-03-05T06:00:21","guid":{"rendered":"https:\/\/ventesengros.fr\/grossiste\/miel-de-sidr-250g\/"},"modified":"2023-12-21T10:25:59","modified_gmt":"2023-12-21T09:25:59","slug":"miel-de-sidr-250g","status":"publish","type":"product","link":"https:\/\/ventesengros.fr\/de\/grossiste\/sidr-honig-250-g\/","title":{"rendered":"Sidr-Honig im 250-g-Glas (8er-Pack)"},"content":{"rendered":"<p>Honig ist ein s\u00fc\u00dfer Nektar, der sowohl f\u00fcr den Gaumen als auch f\u00fcr unsere Gesundheit gut ist. Er ist ein nat\u00fcrliches Heilmittel und hat au\u00dfergew\u00f6hnliche Vorteile und Eigenschaften.<\/p>\n<p><span style=\"font-weight: 400;\">Es gibt verschiedene Honigsorten, die sich je nach Herkunft in Duft, Konsistenz und Geschmack stark unterscheiden. Auf dem Markt sind derzeit Honige unterschiedlicher Qualit\u00e4t erh\u00e4ltlich. Zu den besten Honigsorten z\u00e4hlen unter anderem <\/span><b>ber\u00fchmter Jujubebaumhonig<\/b><span style=\"font-weight: 400;\">, auch bekannt als <\/span><b>Sidr-Honig<\/b><span style=\"font-weight: 400;\">, gewonnen aus dem Sidr-Baum. \u00a0<\/span><\/p>\n<p><span style=\"font-weight: 400;\">Ihr<\/span><b> Online-Gro\u00dfh\u00e4ndler <\/b><span style=\"font-weight: 400;\">Orient Grossiste bietet Ihnen <\/span><b>Gro\u00dfhandel<\/b><span style=\"font-weight: 400;\"> dieses <\/span><b>Sidr-Honig<\/b><span style=\"font-weight: 400;\">\u00a0Geh\u00f6rt zu den hochwertigen Honigsorten von sehr guter Qualit\u00e4t. <\/span><\/p>\n<p><span style=\"font-weight: 400;\">Dieser Honig ist wegen seiner zahlreichen Eigenschaften besonders begehrt.<\/span><b> therapeutische Eigenschaften\u00a0 <\/b><span style=\"font-weight: 400;\">:<\/span><\/p>\n<p><span style=\"font-weight: 400;\">Es ist ein Stimulans, das das Immunsystem st\u00e4rkt und ein nat\u00fcrliches Antibiotikum gegen verschiedene Beschwerden wie Diabetes, Atemwegsbeschwerden, Verdauungsprobleme und andere ist, aber auch in der Kosmetik gegen Ekzeme und Akne eingesetzt werden kann. \u00a0\u00a0\u00a0\u00a0<\/span><\/p>\n<p><span style=\"font-weight: 400;\">Der <\/span><b>Jujubehonig<\/b><span style=\"font-weight: 400;\"> von Orient Grossiste wird Ihnen im 8er-Set zu einem Preis von <\/span><b>sehr wettbewerbsf\u00e4higer Preis<\/b><span style=\"font-weight: 400;\"> 6,99 \u20ac pro St\u00fcck, also 55,92 \u20ac pro Set. Sie k\u00f6nnen diesen Honig, der wegen seiner wohltuenden Eigenschaften, aber auch wegen seiner angenehmen Konsistenz und seines leicht karamellisierten Geschmacks sehr begehrt und gesch\u00e4tzt ist, im Einzelhandel weiterverkaufen.\u00a0<\/span><\/p>\n<p><span style=\"font-weight: 400;\">Ihr Online-Gro\u00dfh\u00e4ndler garantiert Ihnen <\/span><b>hochwertiger, reiner Honig<\/b><span style=\"font-weight: 400;\"> ohne Zusatz von Glukose. <\/span><\/p>\n<p><span style=\"font-weight: 400;\">Sie k\u00f6nnen von einem <\/span><b>degressiver St\u00fcckpreis<\/b><span style=\"font-weight: 400;\"> je gr\u00f6\u00dfer die gekaufte Menge ist, <\/span><span style=\"font-weight: 400;\">. Unser Kundenservice steht Ihnen f\u00fcr alle Fragen gerne zur Verf\u00fcgung.<\/span><\/p>\n<p>Herkunft: Marokko<\/p>","protected":false},"excerpt":{"rendered":"<p>Wir bieten Ihnen Folgendes an\u00a0<strong>Sidr-Honig \u2013  250 g  \u2013 <span style=\"color: #000080;\">Verkauf im 8er-Set<\/span><\/strong>.<\/p>\n<p>1 Los:\u00a0<span style=\"color: #0ad227;\">6,99 \u20ac \/ St\u00fcck x 8 = 55,92 \u20ac<\/span><\/p>\n<p>&nbsp;<\/p>","protected":false},"featured_media":34404,"template":"","meta":[],"product_brand":[],"product_cat":[206,596,59],"product_tag":[],"class_list":{"0":"post-33927","1":"product","2":"type-product","3":"status-publish","4":"has-post-thumbnail","6":"product_cat-alimentation","7":"product_cat-miel-alimentation","8":"product_cat-soin-et-bien-etre","10":"first","11":"instock","12":"shipping-taxable","13":"purchasable","14":"product-type-simple"},"_links":{"self":[{"href":"https:\/\/ventesengros.fr\/de\/wp-json\/wp\/v2\/product\/33927","targetHints":{"allow":["GET"]}}],"collection":[{"href":"https:\/\/ventesengros.fr\/de\/wp-json\/wp\/v2\/product"}],"about":[{"href":"https:\/\/ventesengros.fr\/de\/wp-json\/wp\/v2\/types\/product"}],"wp:featuredmedia":[{"embeddable":true,"href":"https:\/\/ventesengros.fr\/de\/wp-json\/wp\/v2\/media\/34404"}],"wp:attachment":[{"href":"https:\/\/ventesengros.fr\/de\/wp-json\/wp\/v2\/media?parent=33927"}],"wp:term":[{"taxonomy":"product_brand","embeddable":true,"href":"https:\/\/ventesengros.fr\/de\/wp-json\/wp\/v2\/product_brand?post=33927"},{"taxonomy":"product_cat","embeddable":true,"href":"https:\/\/ventesengros.fr\/de\/wp-json\/wp\/v2\/product_cat?post=33927"},{"taxonomy":"product_tag","embeddable":true,"href":"https:\/\/ventesengros.fr\/de\/wp-json\/wp\/v2\/product_tag?post=33927"}],"curies":[{"name":"wp","href":"https:\/\/api.w.org\/{rel}","templated":true}]}}