{"id":3374,"date":"2015-05-16T09:27:33","date_gmt":"2015-05-16T08:27:33","guid":{"rendered":"http:\/\/pietra-communication.com\/ventesengros.fr\/?post_type=product&#038;p=3374"},"modified":"2025-08-09T11:33:21","modified_gmt":"2025-08-09T10:33:21","slug":"graine-de-nigelle-en-vrac","status":"publish","type":"product","link":"https:\/\/ventesengros.fr\/de\/grossiste\/nigellasamen-lose\/","title":{"rendered":"Habba Saouda-Samen aus Arabien (Schwarzk\u00fcmmel) \u2013 pro Kilo oder 100 g-Packung"},"content":{"rendered":"<p>Achtung, dieser Samen ist kein Sanouj!!! Es handelt sich nicht um Nigella sativa!! Viele Menschen m\u00f6chten diesen Samen, daher m\u00fcssen wir ihn anbieten. .<\/p>\n<p>Im Falle eines Fehlers Ihrerseits k\u00f6nnen Sie keine R\u00fcckerstattung erhalten. Der arabische Schwarzk\u00fcmmel stammt aus der Bl\u00fcte des Schwarzk\u00fcmmels. Er ist sehr gesund und wird h\u00e4ufig in Gerichten in Indien und im Nahen Osten verwendet. Was sind also die Geheimnisse des Schwarzk\u00fcmmels f\u00fcr den K\u00f6rper? Warum ist er so<span class=\"Apple-converted-space\">\u00a0<\/span>Ist der Erfolg dieses schwarzen Samens durchschlagend?<\/p>\n<h2><b>Der Schwarzk\u00fcmmelsamen aus Arabien: ein nat\u00fcrliches Heilmittel<\/b><\/h2>\n<p>Der seit Jahrtausenden in der orientalischen Pharmakop\u00f6e bekannte Schwarzk\u00fcmmel enth\u00e4lt einen Wirkstoff namens \u00abNigellon\u00bb. Der Verzehr dieses k\u00f6stlichen Samens reicht weit vor unsere Zeitrechnung zur\u00fcck, bis in die Zeit der Pharaonen. Genau wie Sesam wird Schwarzk\u00fcmmel in vielen L\u00e4ndern zur Herstellung von Brot verwendet. Man findet ihn h\u00e4ufig auf der Kruste von herzhaften Croissants. Er verleiht diesen Grundnahrungsmitteln ebenso wie <a href=\"https:\/\/www.plaisirsdorient.com\/fr\/accueil\/163-miel-de-nigelle-d-egypte-250g.html\" target=\"_blank\" rel=\"noopener noreferrer\"><strong>Schwarzk\u00fcmmelhonig<\/strong><\/a>. Dennoch wird sie wegen ihrer medizinischen Eigenschaften verwendet. Nach Aussagen der \u00c4ltesten ist sie ein Heilmittel gegen alle Krankheiten. Mit Honig gemischt soll der Schwarzk\u00fcmmelsamen beleben und dem K\u00f6rper Energie spenden.<\/p>\n<h2><b>Das Interesse der Wissenschaft an diesem gesegneten Samen<\/b><\/h2>\n<p>Das ist buchst\u00e4blich die Bezeichnung, die ihm im Niltal gegeben wird. Nach wissenschaftlichen Studien, die in den 1960er Jahren in \u00c4gypten durchgef\u00fchrt wurden, konnten die Schlussfolgerungen die vorbeugende Wirkung des schwarzen Samens belegen. Und zwar bei der Heilung bestimmter chronischer Krankheiten. Insbesondere bei der Behandlung von Krebs. Die Forscher haben nachgewiesen, dass die Zellen des menschlichen K\u00f6rpers durch den Verzehr von Nigellasamen widerstandsf\u00e4higer werden. Andere Untersuchungen kamen zu dem Schluss, dass Nigellasamen eine Rolle bei der Regulierung des glyk\u00e4mischen Index spielen. Sie h\u00e4tten somit eine regulierende Funktion bei der Behandlung von Diabetes.<\/p>\n<p>Letztendlich ist der Schwarzk\u00fcmmelsamen nicht nur gut f\u00fcr die Gesundheit, sondern auch eine Zutat, die sich sehr gut in vielen Gerichten kombinieren l\u00e4sst.<\/p>\n<p>Foto unverbindlich<\/p>\n<p>Alle unsere Produkte sind als White-Label-Produkte erh\u00e4ltlich (<a href=\"https:\/\/ventesengros.fr\/de\/kontakt\/\"><strong>auf Anfrage<\/strong><\/a>)<\/p>\n<p>Staffelpreis ab 10 St\u00fcck: 10% Rabatt (<a href=\"https:\/\/ventesengros.fr\/de\/kontakt\/\"><strong>auf Kostenvoranschlag<\/strong><\/a>)<\/p>","protected":false},"excerpt":{"rendered":"<p>Wir bieten Ihnen arabische Schwarzk\u00fcmmelsamen zum Gro\u00dfhandelspreis an!<\/p>\n<p><strong>Preis:<\/strong> <span style=\"color: #ff0000;\"><strong>3,19 \u20ac \/ St\u00fcck<\/strong><\/span><\/p>","protected":false},"featured_media":38013,"template":"","meta":[],"product_brand":[],"product_cat":[59,873,360],"product_tag":[836,258,77,974,975,362,361],"class_list":{"0":"post-3374","1":"product","2":"type-product","3":"status-publish","4":"has-post-thumbnail","6":"product_cat-soin-et-bien-etre","7":"product_cat-habba-sawda-alimentation","8":"product_cat-produit-naturel-en-vrac","9":"product_tag-darabie","10":"product_tag-en-gros","11":"product_tag-graine-de-nigelle","12":"product_tag-grossiste","13":"product_tag-naturel","14":"product_tag-produit","15":"product_tag-vrac","16":"pa_lot-158","17":"pa_lot-2-lots-economisez-14e","18":"pa_lot-2-lots-economisez-2-4-euros","19":"pa_lot-159","20":"pa_lot-3-lots-economisez-108-euros","22":"first","23":"instock","24":"shipping-taxable","25":"purchasable","26":"product-type-variable"},"_links":{"self":[{"href":"https:\/\/ventesengros.fr\/de\/wp-json\/wp\/v2\/product\/3374","targetHints":{"allow":["GET"]}}],"collection":[{"href":"https:\/\/ventesengros.fr\/de\/wp-json\/wp\/v2\/product"}],"about":[{"href":"https:\/\/ventesengros.fr\/de\/wp-json\/wp\/v2\/types\/product"}],"wp:featuredmedia":[{"embeddable":true,"href":"https:\/\/ventesengros.fr\/de\/wp-json\/wp\/v2\/media\/38013"}],"wp:attachment":[{"href":"https:\/\/ventesengros.fr\/de\/wp-json\/wp\/v2\/media?parent=3374"}],"wp:term":[{"taxonomy":"product_brand","embeddable":true,"href":"https:\/\/ventesengros.fr\/de\/wp-json\/wp\/v2\/product_brand?post=3374"},{"taxonomy":"product_cat","embeddable":true,"href":"https:\/\/ventesengros.fr\/de\/wp-json\/wp\/v2\/product_cat?post=3374"},{"taxonomy":"product_tag","embeddable":true,"href":"https:\/\/ventesengros.fr\/de\/wp-json\/wp\/v2\/product_tag?post=3374"}],"curies":[{"name":"wp","href":"https:\/\/api.w.org\/{rel}","templated":true}]}}