{"id":33425,"date":"2016-01-04T16:06:55","date_gmt":"2016-01-04T15:06:55","guid":{"rendered":"https:\/\/ventesengros.fr\/grossiste\/pompe-hijama-haute-qualite%e2%80%8f\/"},"modified":"2022-06-30T23:13:33","modified_gmt":"2022-06-30T22:13:33","slug":"pompe-hijama-haute-qualite","status":"publish","type":"product","link":"https:\/\/ventesengros.fr\/de\/grossiste\/hochwertige-hijama-pumpe\/","title":{"rendered":"Hochwertige Hijama-Pumpe (12er-Set)"},"content":{"rendered":"<p><strong>Eigentum:<\/strong><\/p>\n<p>Hochwertige Handpumpe f\u00fcr Hijama, einzeln ohne Set zum Preis von 3,35 \u20ac erh\u00e4ltlich. Diese Pumpe eignet sich sehr gut f\u00fcr die Saugglocken und erm\u00f6glicht eine gute Absaugung auf einfache Weise.<\/p>\n<p><b>Gewicht:<\/b>80 g\/St\u00fcck<\/p>","protected":false},"excerpt":{"rendered":"<p>Wir bieten Ihnen diese\u00a0<strong>Hochwertige Hijama-Pumpe <\/strong>Verkauft im 12er-Set zu 3,35 \u20ac pro St\u00fcck.<\/p>\n<p>Empfohlener Verkaufspreis 7,50 Euro.<\/p>\n<p>1 Los: <span style=\"color: #0ad227;\">3,35 \u20ac \/ St\u00fcck x 12 = 40,20 \u20ac<\/span><\/p>\n<p>&nbsp;<\/p>\n<p>&nbsp;<\/p>","protected":false},"featured_media":33429,"template":"","meta":[],"product_brand":[],"product_cat":[60,234],"product_tag":[258,974,1111],"class_list":{"0":"post-33425","1":"product","2":"type-product","3":"status-publish","4":"has-post-thumbnail","6":"product_cat-bazar","7":"product_cat-kit-hijama","8":"product_tag-en-gros","9":"product_tag-grossiste","10":"product_tag-pompe-hijama-haute-qualite","11":"pa_lot-158","12":"pa_lot-160","13":"pa_lot-159","15":"first","16":"instock","17":"shipping-taxable","18":"purchasable","19":"product-type-simple"},"_links":{"self":[{"href":"https:\/\/ventesengros.fr\/de\/wp-json\/wp\/v2\/product\/33425","targetHints":{"allow":["GET"]}}],"collection":[{"href":"https:\/\/ventesengros.fr\/de\/wp-json\/wp\/v2\/product"}],"about":[{"href":"https:\/\/ventesengros.fr\/de\/wp-json\/wp\/v2\/types\/product"}],"wp:featuredmedia":[{"embeddable":true,"href":"https:\/\/ventesengros.fr\/de\/wp-json\/wp\/v2\/media\/33429"}],"wp:attachment":[{"href":"https:\/\/ventesengros.fr\/de\/wp-json\/wp\/v2\/media?parent=33425"}],"wp:term":[{"taxonomy":"product_brand","embeddable":true,"href":"https:\/\/ventesengros.fr\/de\/wp-json\/wp\/v2\/product_brand?post=33425"},{"taxonomy":"product_cat","embeddable":true,"href":"https:\/\/ventesengros.fr\/de\/wp-json\/wp\/v2\/product_cat?post=33425"},{"taxonomy":"product_tag","embeddable":true,"href":"https:\/\/ventesengros.fr\/de\/wp-json\/wp\/v2\/product_tag?post=33425"}],"curies":[{"name":"wp","href":"https:\/\/api.w.org\/{rel}","templated":true}]}}