{"id":33413,"date":"2016-01-04T09:41:59","date_gmt":"2016-01-04T08:41:59","guid":{"rendered":"https:\/\/ventesengros.fr\/grossiste\/gelee-royale-aphrodisiaque-20g%e2%80%8f\/"},"modified":"2026-02-10T09:44:33","modified_gmt":"2026-02-10T08:44:33","slug":"miel-du-soudan","status":"publish","type":"product","link":"https:\/\/ventesengros.fr\/de\/grossiste\/sudanesischer-honig\/","title":{"rendered":"K\u00f6niglicher Aphrodisiakum-Honig aus dem Sudan 10 g x 24"},"content":{"rendered":"<p>Sudanesischer Honig ist ein hochwertiger Premium-Honig. Seine angereicherte Formel macht ihn zu einem luxuri\u00f6sen Cocktail, der sich subtil f\u00fcr besondere Anl\u00e4sse eignet. In Frankreich ist er noch wenig bekannt, doch seine aphrodisierende Wirkung macht ihn zu einer erstklassigen Alternative bei Potenzproblemen bei M\u00e4nnern.<\/p>\n<h2><b>Honig aus dem Sudan: ein kraftvoller Cocktail<\/b><\/h2>\n<p>Sudan-Honig ist eine Mischung aus Honig, Gel\u00e9e Royale und tropischen Kr\u00e4utern, die in einem 25-Gramm-Beutel verkauft wird. Das komplette Set besteht aus zehn St\u00fcck. In diesem Fall handelt es sich um ein sehr wirksames nat\u00fcrliches Aphrodisiakum. Es beschleunigt die Durchblutung des K\u00f6rpers, indem es die Fortpflanzungsmuskulatur durchblutet.<\/p>\n<p>Das ist seine Hauptfunktion. Honig und erst recht Gel\u00e9e Royale sind wichtige Energielieferanten. Sie st\u00e4rken das Immunsystem auf unglaubliche Weise und verleihen rasante Kraft. Durch die Kombination mit Produkten mit hohem Mehrwert gibt sudanesischer Honig in Portionspackungen neue Kraft und Mut, indem er die k\u00f6rperliche Leistungsf\u00e4higkeit steigert.<\/p>\n<h2><b>Tongkat Ali Gew\u00fcrze: eine bemerkenswerte Pflanze<\/b><\/h2>\n<p>Viele Heilpflanzen weltweit stammen aus der chinesischen Medizin oder sind Teil der s\u00fcdostasiatischen Pharmakop\u00f6e. Zu diesen wirksamen Heilmitteln geh\u00f6ren<span class=\"Apple-converted-space\">\u00a0 <\/span>die Sohle <a href=\"https:\/\/www.ma-fertilite.com\/produit\/tongkat-ali\" target=\"_blank\" rel=\"noopener noreferrer\"><strong>Tongkat Ali<\/strong><\/a>. Diese krautige Pflanze aus feuchten Tropengebieten ist auch ein \u00fcberraschendes Aphrodisiakum, das der Rezeptur des sudanesischen Honigs zus\u00e4tzliche Kraft verleiht. Tats\u00e4chlich k\u00f6nnte der sudanesische Honig ohne dieses wertvolle asiatische Gew\u00fcrz seinem Anspruch nicht gerecht werden. Es verleiht unserem kostbaren Cocktail auf wirksame Weise den letzten Schliff und seine stimulierende Wirkung.<\/p>\n<p>Tats\u00e4chlich bleibt das Produkt aus dem sudanesischen Bienenstock mit all seinen Bestandteilen eine Ausnahmeerscheinung der Natur. Nie zuvor hat eine nat\u00fcrliche Formel in so kurzer Zeit so viele positive Ergebnisse erzielt. Dies l\u00e4sst sich durch die aufeinanderfolgende Mischung nat\u00fcrlicher Aphrodisiaka erkl\u00e4ren, die in der Formel enthalten sind.<\/p>\n<p>Foto unverbindlich<\/p>\n<p>Alle unsere Produkte sind als White-Label-Produkte erh\u00e4ltlich (<a href=\"https:\/\/ventesengros.fr\/de\/kontakt\/\"><strong>auf Anfrage<\/strong><\/a>)<\/p>\n<p>Staffelpreis ab 10 St\u00fcck: 10% Rabatt (<a href=\"https:\/\/ventesengros.fr\/de\/kontakt\/\"><strong>auf Kostenvoranschlag<\/strong><\/a>)<\/p>","protected":false},"excerpt":{"rendered":"<p>Wir bieten Ihnen Sticks von <strong>Sudanesischer Honig<\/strong> Verkauft in Packungen zu 24 St\u00fcck.<\/p>\n<p><strong>1 Los: <span style=\"color: #0ad227;\">32 \u20ac pro Packung mit 24 Beuteln<\/span><\/strong><\/p>","protected":false},"featured_media":39696,"template":"","meta":[],"product_brand":[],"product_cat":[206,930,59],"product_tag":[258,1110,974],"class_list":{"0":"post-33413","1":"product","2":"type-product","3":"status-publish","4":"has-post-thumbnail","6":"product_cat-alimentation","7":"product_cat-aphrodisiaque","8":"product_cat-soin-et-bien-etre","9":"product_tag-en-gros","10":"product_tag-gelee-royale-aphrodisiaque-20g","11":"product_tag-grossiste","12":"pa_lot-158","13":"pa_lot-2-lots-economisez-14e","14":"pa_lot-3-lots-economisez-430-euros","16":"first","17":"instock","18":"shipping-taxable","19":"purchasable","20":"product-type-simple"},"_links":{"self":[{"href":"https:\/\/ventesengros.fr\/de\/wp-json\/wp\/v2\/product\/33413","targetHints":{"allow":["GET"]}}],"collection":[{"href":"https:\/\/ventesengros.fr\/de\/wp-json\/wp\/v2\/product"}],"about":[{"href":"https:\/\/ventesengros.fr\/de\/wp-json\/wp\/v2\/types\/product"}],"wp:featuredmedia":[{"embeddable":true,"href":"https:\/\/ventesengros.fr\/de\/wp-json\/wp\/v2\/media\/39696"}],"wp:attachment":[{"href":"https:\/\/ventesengros.fr\/de\/wp-json\/wp\/v2\/media?parent=33413"}],"wp:term":[{"taxonomy":"product_brand","embeddable":true,"href":"https:\/\/ventesengros.fr\/de\/wp-json\/wp\/v2\/product_brand?post=33413"},{"taxonomy":"product_cat","embeddable":true,"href":"https:\/\/ventesengros.fr\/de\/wp-json\/wp\/v2\/product_cat?post=33413"},{"taxonomy":"product_tag","embeddable":true,"href":"https:\/\/ventesengros.fr\/de\/wp-json\/wp\/v2\/product_tag?post=33413"}],"curies":[{"name":"wp","href":"https:\/\/api.w.org\/{rel}","templated":true}]}}