{"id":33328,"date":"2015-12-24T12:57:25","date_gmt":"2015-12-24T11:57:25","guid":{"rendered":"https:\/\/ventesengros.fr\/grossiste\/cannelle-au-kilo\/"},"modified":"2023-05-01T18:49:16","modified_gmt":"2023-05-01T17:49:16","slug":"cannelle-au-kilo","status":"publish","type":"product","link":"https:\/\/ventesengros.fr\/de\/grossiste\/zimt-pro-kilogramm\/","title":{"rendered":"Zimtpulver pro Kilogramm"},"content":{"rendered":"<p>Die\u00a0<strong>Zimt im Gro\u00dfhandel\u00a0<\/strong>ist weit davon entfernt, eine\u00a0<strong>Gew\u00fcrz\u00a0<\/strong>wie die anderen. Weltweit bekannt, wird sie haupts\u00e4chlich in<strong>\u00a0traditionelle Medizin<\/strong>\u00a0und in\u00a0<strong>K\u00fcche<\/strong>.<\/p>\n<p>Heute laden wir Sie ein, gemeinsam mit uns seine\u00a0<strong>bemerkenswerte Vorteile f\u00fcr den K\u00f6rper<\/strong>.<\/p>\n<h2><strong>Gro\u00dfhandel mit Zimt: ein Gesch\u00e4ft, das Geschmack hat!<\/strong><\/h2>\n<p>Tats\u00e4chlich ist Zimt eine\u00a0<strong>gerollte Rindenschicht<\/strong>\u00a0die wir auf einem Baum namens\u00a0<strong>Kanalbauer<\/strong>.<\/p>\n<p>Man muss wissen, dass diese\u00a0<strong>k\u00f6stliches Gew\u00fcrz\u00a0<\/strong>war bereits in der Antike weithin anerkannt.<\/p>\n<p>Deshalb ist es bei\u00a0<strong>Orient Gro\u00dfh\u00e4ndler<\/strong>, Ihr\u00a0<strong>Online-Gro\u00dfh\u00e4ndler<\/strong>, dieses<strong>\u00a0Naturprodukt in Gro\u00dfgebinden<\/strong>\u00a0geh\u00f6rt zu unseren besten Artikeln. Vor allem in Bezug auf\u00a0<strong>Pflege und Wohlbefinden<\/strong>.<\/p>\n<p>Wir haben sorgf\u00e4ltig ausgew\u00e4hlt\u2019<strong>aus Marokko importieren\u00a0<\/strong>um Ihnen einen\u00a0<strong>hochwertiges Produkt<\/strong>. Letzteres pr\u00e4sentiert sich in Form von<strong>\u00a0Sticks mit exquisitem Duft<\/strong>\u00a0dass<strong>\u00a0Wir liefern pro Kilogramm.<\/strong>.<\/p>\n<p>So ist die\u00a0<strong>Gro\u00dfhandel<\/strong>\u00a0dieses Zimts ist noch mehr\u00a0<strong>profitabel<\/strong>\u00a0angesichts seines<strong>\u00a0sehr erschwinglicher Preis<\/strong>.<\/p>\n<h3><strong>Die zahlreichen Vorz\u00fcge von Zimt pro Kilogramm<\/strong><\/h3>\n<p>Mit seinen verschiedenen Mineralien, Vitaminen, Ballaststoffen und Proteinen ist Zimt pro Kilo\u00a0<strong>ausgezeichnet f\u00fcr die Gesundheit<\/strong>\u00a0:<\/p>\n<ul>\n<li>Sie hat Auswirkungen\u00a0<strong>Antioxidantien<\/strong>,\u00a0<strong>antibakterielle Mittel\u00a0<\/strong>und\u00a0<strong>Entz\u00fcndungshemmer\u00a0<\/strong>\u00fcberraschend; ;<\/li>\n<\/ul>\n<ul>\n<li>Diese\u00a0<strong>Rinde\u00a0<\/strong>hilft erheblich bei\u00a0<a href=\"https:\/\/ventesengros.fr\/de\/grossiste\/nigella-samen-gemahlen-5-kg-lose\/\"><strong>das Immunsystem st\u00e4rken<\/strong><\/a>\u00a0;<\/li>\n<\/ul>\n<ul>\n<li>Dar\u00fcber hinaus tr\u00e4gt Zimt zu einem\u00a0<strong>Gesundes Verdauungssystem\u00a0<\/strong>;<\/li>\n<\/ul>\n<ul>\n<li>Au\u00dferdem\u00a0<strong>wirkt auf das<\/strong>\u00a0<strong>schlechtes Cholesterin und Diabetes\u00a0<\/strong>;<\/li>\n<\/ul>\n<ul>\n<li>Unter anderem spielt sie die Rolle der\u2019<strong>Anti-Stress<\/strong>\u00a0m\u00e4chtig; ;<\/li>\n<\/ul>\n<ul>\n<li>Diese\u00a0<strong>orientalisches Gew\u00fcrz\u00a0<\/strong>hat die F\u00e4higkeit, ein\u00a0<strong>ausgezeichneter Appetitz\u00fcgler<\/strong>\u00a0;<\/li>\n<\/ul>\n<ul>\n<li>Man kann es auch wie ein\u00a0<strong>Naturkosmetik\u00a0<\/strong>;<\/li>\n<\/ul>\n<ul>\n<li>Dar\u00fcber hinaus erm\u00f6glicht sie die Bek\u00e4mpfung\u00a0<strong>gegen Mundgeruch<\/strong>\u00a0und von\u00a0<strong>Zahnschmerzen lindern<\/strong>.<\/li>\n<\/ul>\n<p>Wie Sie sicher verstanden haben, reicht ein einfaches<strong>\u00a0Zimtstange<\/strong>\u00a0ist ein\u00a0<strong>wirksames Mittel\u00a0<\/strong>gegen viele Beschwerden\u2026<\/p>\n<h2><strong>Wie wird es angewendet?<\/strong><\/h2>\n<p>Zimt ist nicht nur perfekt f\u00fcr die Gesundheit, sondern hat auch einen bet\u00f6renden Geschmack... Da kann man kaum widerstehen, ihn zu verwenden:<\/p>\n<p>1 \/ In einem hei\u00dfen Aufguss mit Zutaten Ihrer Wahl. Wie der k\u00f6stliche\u00a0<a href=\"https:\/\/www.miel-imperial.com\/miels-du-monde\/11-54-miel-blanc-du-khirghizistan.html\" target=\"_blank\" rel=\"noopener\"><strong>wei\u00dfer Honig aus Kirgisistan<\/strong><\/a>.<\/p>\n<p>2 \/ In Ihren herzhaften Rezepten, um Ihren Gerichten einen unvergleichlichen Geschmack zu verleihen!<\/p>\n<p>3 \/ Sie passt auch perfekt zu Ihrem Lieblingsdessert auf Apfelbasis, zum Beispiel...<\/p>\n<p>Wissenswertes: Vermeiden Sie einen \u00fcberm\u00e4\u00dfigen Verzehr von Zimt. Bewahren Sie ihn vorzugsweise an einem k\u00fchlen, trockenen und lichtgesch\u00fctzten Ort auf, damit er sein Aroma nicht verliert.<\/p>","protected":false},"excerpt":{"rendered":"<p>Wir bieten Ihnen dieses Zimtpulver pro Kilogramm an.<\/p>\n<p>1 Packung: 11,90 \u20ac\/kg<\/p>\n<p>Wenn Sie Ihre Verpackung individuell gestalten m\u00f6chten (<a href=\"https:\/\/ventesengros.fr\/de\/kontakt\/\" target=\"_blank\" rel=\"noopener\" data-saferedirecturl=\"https:\/\/www.google.com\/url?q=https:\/\/ventesengros.fr\/contact\/&amp;source=gmail&amp;ust=1650713186387000&amp;usg=AOvVaw3NiEQE34VTQAdhaFEORVfG\">Kontaktieren Sie uns<\/a>).<\/p>\n<p>Profitieren Sie von einem Rabatt von 10% bei mehr als 5 Losen (<a href=\"https:\/\/ventesengros.fr\/de\/kontakt\/\" target=\"_blank\" rel=\"noopener\" data-saferedirecturl=\"https:\/\/www.google.com\/url?q=https:\/\/ventesengros.fr\/contact\/&amp;source=gmail&amp;ust=1650713186387000&amp;usg=AOvVaw3NiEQE34VTQAdhaFEORVfG\">Kontaktieren Sie uns<\/a>).<\/p>","protected":false},"featured_media":46519,"template":"","meta":[],"product_brand":[],"product_cat":[360,59],"product_tag":[279,113,258,974,688,269,191],"class_list":{"0":"post-33328","1":"product","2":"type-product","3":"status-publish","4":"has-post-thumbnail","6":"product_cat-produit-naturel-en-vrac","7":"product_cat-soin-et-bien-etre","8":"product_tag-cannelle","9":"product_tag-cosmetique","10":"product_tag-en-gros","11":"product_tag-grossiste","12":"product_tag-maroc","13":"product_tag-naturelle","14":"product_tag-pas-cher","16":"first","17":"instock","18":"shipping-taxable","19":"purchasable","20":"product-type-simple"},"_links":{"self":[{"href":"https:\/\/ventesengros.fr\/de\/wp-json\/wp\/v2\/product\/33328","targetHints":{"allow":["GET"]}}],"collection":[{"href":"https:\/\/ventesengros.fr\/de\/wp-json\/wp\/v2\/product"}],"about":[{"href":"https:\/\/ventesengros.fr\/de\/wp-json\/wp\/v2\/types\/product"}],"wp:featuredmedia":[{"embeddable":true,"href":"https:\/\/ventesengros.fr\/de\/wp-json\/wp\/v2\/media\/46519"}],"wp:attachment":[{"href":"https:\/\/ventesengros.fr\/de\/wp-json\/wp\/v2\/media?parent=33328"}],"wp:term":[{"taxonomy":"product_brand","embeddable":true,"href":"https:\/\/ventesengros.fr\/de\/wp-json\/wp\/v2\/product_brand?post=33328"},{"taxonomy":"product_cat","embeddable":true,"href":"https:\/\/ventesengros.fr\/de\/wp-json\/wp\/v2\/product_cat?post=33328"},{"taxonomy":"product_tag","embeddable":true,"href":"https:\/\/ventesengros.fr\/de\/wp-json\/wp\/v2\/product_tag?post=33328"}],"curies":[{"name":"wp","href":"https:\/\/api.w.org\/{rel}","templated":true}]}}