{"id":33078,"date":"2015-12-07T15:40:26","date_gmt":"2015-12-07T14:40:26","guid":{"rendered":"https:\/\/ventesengros.fr\/grossiste\/encensoir-electrique-203cm-3\/"},"modified":"2022-06-30T23:13:48","modified_gmt":"2022-06-30T22:13:48","slug":"encensoir-electrique-203cm-3","status":"publish","type":"product","link":"https:\/\/ventesengros.fr\/de\/grossiste\/elektrisches-rauchergefas-203-cm-3\/","title":{"rendered":"Elektrisches R\u00e4uchergef\u00e4\u00df 20,3 cm x 12 cm"},"content":{"rendered":"","protected":false},"excerpt":{"rendered":"<div class=\"woocommerce-product-details__short-description\">\n<p>Wir bieten Ihnen diese<strong>\u00a0Kleines R\u00e4uchergef\u00e4\u00df <\/strong>\u00a0Verkauft im 12er-Pack. St\u00fcckpreis 7,90 \u20ac \/ St\u00fcck.<\/p>\n<\/div>\n<p>1 Los: <span style=\"color: #0ad227;\">7,90<\/span><span style=\"color: #0ad227;\">\u20ac\/St\u00fcck x 12 = 94,80 \u20ac<\/span><\/p>","protected":false},"featured_media":33082,"template":"","meta":[],"product_brand":[],"product_cat":[60,207],"product_tag":[258,829,974,688],"class_list":{"0":"post-33078","1":"product","2":"type-product","3":"status-publish","4":"has-post-thumbnail","6":"product_cat-bazar","7":"product_cat-encensoires","8":"product_tag-en-gros","9":"product_tag-encensoir-electrique","10":"product_tag-grossiste","11":"product_tag-maroc","12":"pa_lot-158","13":"pa_lot-2-lots-economisez-960-euros","14":"pa_lot-3-lots-economisez-36-euros","16":"first","17":"instock","18":"shipping-taxable","19":"purchasable","20":"product-type-simple"},"_links":{"self":[{"href":"https:\/\/ventesengros.fr\/de\/wp-json\/wp\/v2\/product\/33078","targetHints":{"allow":["GET"]}}],"collection":[{"href":"https:\/\/ventesengros.fr\/de\/wp-json\/wp\/v2\/product"}],"about":[{"href":"https:\/\/ventesengros.fr\/de\/wp-json\/wp\/v2\/types\/product"}],"wp:featuredmedia":[{"embeddable":true,"href":"https:\/\/ventesengros.fr\/de\/wp-json\/wp\/v2\/media\/33082"}],"wp:attachment":[{"href":"https:\/\/ventesengros.fr\/de\/wp-json\/wp\/v2\/media?parent=33078"}],"wp:term":[{"taxonomy":"product_brand","embeddable":true,"href":"https:\/\/ventesengros.fr\/de\/wp-json\/wp\/v2\/product_brand?post=33078"},{"taxonomy":"product_cat","embeddable":true,"href":"https:\/\/ventesengros.fr\/de\/wp-json\/wp\/v2\/product_cat?post=33078"},{"taxonomy":"product_tag","embeddable":true,"href":"https:\/\/ventesengros.fr\/de\/wp-json\/wp\/v2\/product_tag?post=33078"}],"curies":[{"name":"wp","href":"https:\/\/api.w.org\/{rel}","templated":true}]}}