{"id":33045,"date":"2015-12-07T10:46:48","date_gmt":"2015-12-07T09:46:48","guid":{"rendered":"https:\/\/ventesengros.fr\/?post_type=product&#038;p=33045"},"modified":"2022-06-30T23:13:51","modified_gmt":"2022-06-30T22:13:51","slug":"incensoir-terre-cuite","status":"publish","type":"product","link":"https:\/\/ventesengros.fr\/de\/grossiste\/weihrauchfass-aus-terrakotta\/","title":{"rendered":"Weihrauchfass aus Terrakotta X 12"},"content":{"rendered":"","protected":false},"excerpt":{"rendered":"<div class=\"woocommerce-product-details__short-description\">\n<p>Wir bieten Ihnen diese<strong>\u00a0Kleines R\u00e4uchergef\u00e4\u00df <\/strong>\u00a0Verkauft im 12er-Pack. St\u00fcckpreis 7,90 \u20ac \/ St\u00fcck.<\/p>\n<\/div>\n<p>1 Los: <span style=\"color: #0ad227;\">7,90<\/span><span style=\"color: #0ad227;\">\u20ac\/St\u00fcck x 12 = 94,80 \u20ac<\/span><\/p>","protected":false},"featured_media":33046,"template":"","meta":[],"product_brand":[],"product_cat":[60,207],"product_tag":[1064,974,688],"class_list":{"0":"post-33045","1":"product","2":"type-product","3":"status-publish","4":"has-post-thumbnail","6":"product_cat-bazar","7":"product_cat-encensoires","8":"product_tag-encensoir-en-terre-cuite","9":"product_tag-grossiste","10":"product_tag-maroc","11":"pa_lot-158","12":"pa_lot-2-lots-economisez-960-euros","13":"pa_lot-3-lots-economisez-36-euros","15":"first","16":"instock","17":"shipping-taxable","18":"purchasable","19":"product-type-simple"},"_links":{"self":[{"href":"https:\/\/ventesengros.fr\/de\/wp-json\/wp\/v2\/product\/33045","targetHints":{"allow":["GET"]}}],"collection":[{"href":"https:\/\/ventesengros.fr\/de\/wp-json\/wp\/v2\/product"}],"about":[{"href":"https:\/\/ventesengros.fr\/de\/wp-json\/wp\/v2\/types\/product"}],"wp:featuredmedia":[{"embeddable":true,"href":"https:\/\/ventesengros.fr\/de\/wp-json\/wp\/v2\/media\/33046"}],"wp:attachment":[{"href":"https:\/\/ventesengros.fr\/de\/wp-json\/wp\/v2\/media?parent=33045"}],"wp:term":[{"taxonomy":"product_brand","embeddable":true,"href":"https:\/\/ventesengros.fr\/de\/wp-json\/wp\/v2\/product_brand?post=33045"},{"taxonomy":"product_cat","embeddable":true,"href":"https:\/\/ventesengros.fr\/de\/wp-json\/wp\/v2\/product_cat?post=33045"},{"taxonomy":"product_tag","embeddable":true,"href":"https:\/\/ventesengros.fr\/de\/wp-json\/wp\/v2\/product_tag?post=33045"}],"curies":[{"name":"wp","href":"https:\/\/api.w.org\/{rel}","templated":true}]}}