{"id":32986,"date":"2015-11-28T09:11:58","date_gmt":"2015-11-28T08:11:58","guid":{"rendered":"https:\/\/ventesengros.fr\/grossiste\/disque-de-gommage-terre-cuite\/"},"modified":"2023-04-28T17:17:56","modified_gmt":"2023-04-28T16:17:56","slug":"disque-de-gommage-terre-cuite","status":"publish","type":"product","link":"https:\/\/ventesengros.fr\/de\/grossiste\/scheibe-zum-abschleifen-von-terrakotta\/","title":{"rendered":"Flache Scheuerscheibe aus Terrakotta (12er-Pack)"},"content":{"rendered":"<p><strong>Form:<\/strong> rund und flach<\/p>\n<p><strong>Eigentum:<\/strong><\/p>\n<p>Die als \u00bbMhekka\u00bb bekannte Scheibe aus Terrakotta wird traditionell zum Entfernen abgestorbener Haut an den F\u00fc\u00dfen verwendet. Die Anwendung ist sehr einfach: Entweder entfernt man die abgestorbene Haut direkt oder man weicht die F\u00fc\u00dfe in einer Sch\u00fcssel mit warmem Wasser ein, um die Hautoberfl\u00e4che aufzuweichen, und reibt dann mit kreisenden Bewegungen mit dem Stein dar\u00fcber.<\/p>\n<p><b>Herkunft:<\/b>Marokko<b><b><b><b><b><b><b><br \/>\n<\/b><\/b><\/b><\/b><\/b><\/b><\/b><b>Gewicht:<\/b>135 g\/St\u00fcck<\/p>","protected":false},"excerpt":{"rendered":"<p>Wir bieten Ihnen Folgendes an\u00a0<strong>Peeling-Scheibe aus Terrakotta<\/strong><strong>\u00a0<\/strong>Verkauft im 12er-Pack.<\/p>\n<p>Empfohlener Verkaufspreis:  3,90-4,90 Euro.<\/p>\n<p>1 Los:\u00a0<span style=\"color: #0ad227;\">0,79 \u20ac \/ St\u00fcck x 12 = 9,48 \u20ac<\/span><\/p>\n<p>&nbsp;<\/p>","protected":false},"featured_media":32991,"template":"","meta":[],"product_brand":[],"product_cat":[401,59],"product_tag":[639,258,974,640],"class_list":{"0":"post-32986","1":"product","2":"type-product","3":"status-publish","4":"has-post-thumbnail","6":"product_cat-produits-du-hammam","7":"product_cat-soin-et-bien-etre","8":"product_tag-disque-de-gommage-en-terre-cuite","9":"product_tag-en-gros","10":"product_tag-grossiste","11":"product_tag-mhekka","12":"pa_lot-158","13":"pa_lot-160","14":"pa_lot-159","16":"first","17":"instock","18":"shipping-taxable","19":"purchasable","20":"product-type-simple"},"_links":{"self":[{"href":"https:\/\/ventesengros.fr\/de\/wp-json\/wp\/v2\/product\/32986","targetHints":{"allow":["GET"]}}],"collection":[{"href":"https:\/\/ventesengros.fr\/de\/wp-json\/wp\/v2\/product"}],"about":[{"href":"https:\/\/ventesengros.fr\/de\/wp-json\/wp\/v2\/types\/product"}],"wp:featuredmedia":[{"embeddable":true,"href":"https:\/\/ventesengros.fr\/de\/wp-json\/wp\/v2\/media\/32991"}],"wp:attachment":[{"href":"https:\/\/ventesengros.fr\/de\/wp-json\/wp\/v2\/media?parent=32986"}],"wp:term":[{"taxonomy":"product_brand","embeddable":true,"href":"https:\/\/ventesengros.fr\/de\/wp-json\/wp\/v2\/product_brand?post=32986"},{"taxonomy":"product_cat","embeddable":true,"href":"https:\/\/ventesengros.fr\/de\/wp-json\/wp\/v2\/product_cat?post=32986"},{"taxonomy":"product_tag","embeddable":true,"href":"https:\/\/ventesengros.fr\/de\/wp-json\/wp\/v2\/product_tag?post=32986"}],"curies":[{"name":"wp","href":"https:\/\/api.w.org\/{rel}","templated":true}]}}