{"id":32886,"date":"2015-11-16T19:54:35","date_gmt":"2015-11-16T18:54:35","guid":{"rendered":"https:\/\/ventesengros.fr\/?post_type=product&#038;p=32886"},"modified":"2022-06-30T23:14:12","modified_gmt":"2022-06-30T22:14:12","slug":"huile-capillaire-naturelle-nourrissante-cheveux-vapo","status":"publish","type":"product","link":"https:\/\/ventesengros.fr\/de\/grossiste\/naturliches-pflegendes-haarol-haarspray\/","title":{"rendered":"Nat\u00fcrliches, pflegendes Haar\u00f6l Vapo X 12"},"content":{"rendered":"<p><b>Fassungsverm\u00f6gen:<\/b>80 ml<\/p>\n<p><b>Marke:<\/b>Dermargan<\/p>\n<p><b>Herkunft:<\/b>Marokko<br \/>\n<b>Gewicht:<\/b>127 g\/St\u00fcck<\/p>","protected":false},"excerpt":{"rendered":"<p>Wir bieten Ihnen Folgendes an<strong> Nat\u00fcrliches, pflegendes Haar\u00f6l Spray<\/strong><strong>\u00a0<\/strong>Verkauft im 12er-Pack.<\/p>\n<p>Empfohlener Verkaufspreis:  12,50 Euro<\/p>\n<p>1 Los:<span style=\"color: #0ad227;\">4,19 \u20ac \/ St\u00fcck x 12 = 50,28 \u20ac<\/span><\/p>","protected":false},"featured_media":32887,"template":"","meta":[],"product_brand":[],"product_cat":[1509],"product_tag":[974,1036,688],"class_list":{"0":"post-32886","1":"product","2":"type-product","3":"status-publish","4":"has-post-thumbnail","6":"product_cat-huiles-de-ricin-en-gros","7":"product_tag-grossiste","8":"product_tag-huile-capillaire-naturelle-nourrissante-des-cheveux-vapo","9":"product_tag-maroc","11":"first","12":"instock","13":"shipping-taxable","14":"purchasable","15":"product-type-simple"},"_links":{"self":[{"href":"https:\/\/ventesengros.fr\/de\/wp-json\/wp\/v2\/product\/32886","targetHints":{"allow":["GET"]}}],"collection":[{"href":"https:\/\/ventesengros.fr\/de\/wp-json\/wp\/v2\/product"}],"about":[{"href":"https:\/\/ventesengros.fr\/de\/wp-json\/wp\/v2\/types\/product"}],"wp:featuredmedia":[{"embeddable":true,"href":"https:\/\/ventesengros.fr\/de\/wp-json\/wp\/v2\/media\/32887"}],"wp:attachment":[{"href":"https:\/\/ventesengros.fr\/de\/wp-json\/wp\/v2\/media?parent=32886"}],"wp:term":[{"taxonomy":"product_brand","embeddable":true,"href":"https:\/\/ventesengros.fr\/de\/wp-json\/wp\/v2\/product_brand?post=32886"},{"taxonomy":"product_cat","embeddable":true,"href":"https:\/\/ventesengros.fr\/de\/wp-json\/wp\/v2\/product_cat?post=32886"},{"taxonomy":"product_tag","embeddable":true,"href":"https:\/\/ventesengros.fr\/de\/wp-json\/wp\/v2\/product_tag?post=32886"}],"curies":[{"name":"wp","href":"https:\/\/api.w.org\/{rel}","templated":true}]}}