{"id":32743,"date":"2015-10-29T10:00:36","date_gmt":"2015-10-29T09:00:36","guid":{"rendered":"https:\/\/ventesengros.fr\/grossiste\/miswak-gold-grand-format-170g\/"},"modified":"2024-12-19T20:32:15","modified_gmt":"2024-12-19T19:32:15","slug":"miswak-gold-grand-format-170g","status":"publish","type":"product","link":"https:\/\/ventesengros.fr\/de\/grossiste\/miswak-gold-grospackung-170-g\/","title":{"rendered":"Miswak Gold Gro\u00dfpackung 170 g (12er-Pack)"},"content":{"rendered":"<p><strong>Eigentum:<\/strong><\/p>\n<p>Gold  Miswak<\/p>\n<p>Miswak, gewonnen aus dem Al-Arak-Baum, wird in der arabischen Welt traditionell als Zahnreinigungszweig verwendet. Auch bekannt als Al Arak auf Arabisch, gilt es als die reinste Form der Zahnreinigung.<\/p>\n<p>Die Verwendung der richtigen Zahnpasta hat einen enormen Einfluss auf eine gesunde Zahnhygiene. Auch als Zahncreme bekannt, helfen sie dabei, die Reinigungswirkung einer Zahnb\u00fcrste zu maximieren. Zahnpasta tr\u00e4gt nicht nur dazu bei, die Z\u00e4hne zu polieren und Flecken zu entfernen, sondern beseitigt auch Mundgeruch und sorgt f\u00fcr lang anhaltende Frische.<\/p>\n<p><b>Marke:<\/b>\u00a0\u00a0Miswak<\/p>\n<p><b>Herkunft: <\/b>Tunesien \u2013 Vereinigte Arabische Emirate<\/p>\n<p><b>Gewicht: <\/b>170 g<\/p>\n<p>&nbsp;<\/p>","protected":false},"excerpt":{"rendered":"<p>Wir bieten Ihnen Folgendes an\u00a0<strong>Miswak Gold Gro\u00dfpackung 170 g\u00a0<\/strong><strong>\u00a0<\/strong>Verkauft im 12er-Pack.<\/p>\n<p>Empfohlener Verkaufspreis: 5,50 Euro.<\/p>\n<p>1 Los:\u00a0<span style=\"color: #0ad227;\">1,89 \u20ac \/ St\u00fcck x 12 = 23,88 \u20ac<\/span><\/p>","protected":false},"featured_media":32747,"template":"","meta":[],"product_brand":[],"product_cat":[59,297],"product_tag":[419,151,258,974,1011],"class_list":{"0":"post-32743","1":"product","2":"type-product","3":"status-publish","4":"has-post-thumbnail","6":"product_cat-soin-et-bien-etre","7":"product_cat-siwak-siwakdentifrice","8":"product_tag-120g50g","9":"product_tag-dentifrice","10":"product_tag-en-gros","11":"product_tag-grossiste","12":"product_tag-miswak-gold","13":"pa_lot-158","14":"pa_lot-160","15":"pa_lot-159","17":"first","18":"instock","19":"shipping-taxable","20":"purchasable","21":"product-type-simple"},"_links":{"self":[{"href":"https:\/\/ventesengros.fr\/de\/wp-json\/wp\/v2\/product\/32743","targetHints":{"allow":["GET"]}}],"collection":[{"href":"https:\/\/ventesengros.fr\/de\/wp-json\/wp\/v2\/product"}],"about":[{"href":"https:\/\/ventesengros.fr\/de\/wp-json\/wp\/v2\/types\/product"}],"wp:featuredmedia":[{"embeddable":true,"href":"https:\/\/ventesengros.fr\/de\/wp-json\/wp\/v2\/media\/32747"}],"wp:attachment":[{"href":"https:\/\/ventesengros.fr\/de\/wp-json\/wp\/v2\/media?parent=32743"}],"wp:term":[{"taxonomy":"product_brand","embeddable":true,"href":"https:\/\/ventesengros.fr\/de\/wp-json\/wp\/v2\/product_brand?post=32743"},{"taxonomy":"product_cat","embeddable":true,"href":"https:\/\/ventesengros.fr\/de\/wp-json\/wp\/v2\/product_cat?post=32743"},{"taxonomy":"product_tag","embeddable":true,"href":"https:\/\/ventesengros.fr\/de\/wp-json\/wp\/v2\/product_tag?post=32743"}],"curies":[{"name":"wp","href":"https:\/\/api.w.org\/{rel}","templated":true}]}}