{"id":32728,"date":"2015-10-28T12:29:34","date_gmt":"2015-10-28T11:29:34","guid":{"rendered":"https:\/\/ventesengros.fr\/grossiste\/fenugrec-poudre-bio-au-kilo\/"},"modified":"2023-03-12T17:01:08","modified_gmt":"2023-03-12T16:01:08","slug":"fenugrec-poudre-bio-au-kilo","status":"publish","type":"product","link":"https:\/\/ventesengros.fr\/de\/grossiste\/bio-bockshornklee-pulver-pro-kilogramm-2\/","title":{"rendered":"Bockshornklee-Pulver pro Kilogramm oder in 100-Gramm-Beuteln"},"content":{"rendered":"<p>Bockshornklee-Pulver ist ein aus Nordafrika stammendes Gew\u00fcrz, das h\u00e4ufig in der K\u00fcche oder zu therapeutischen Zwecken verwendet wird. Aufgrund seines besonderen Geschmacks muss es vor der Verwendung in Wasser eingeweicht werden, um die Bitterkeit etwas zu mildern. Wozu dient Bockshornklee also und wie verwendet man ihn idealerweise bei der Zubereitung von Speisen?<\/p>\n<h2><b>Bio-Bockshornklee-Pulver: ein Wunder f\u00fcr die Gesundheit<\/b><\/h2>\n<p>Wie jedes nat\u00fcrliche Gew\u00fcrz hat auch Bio-Bockshornklee positive Auswirkungen auf K\u00f6rper und Gesundheit. In diesem Zusammenhang wird dringend empfohlen, es in bestimmten F\u00e4llen zu verwenden. Insbesondere w\u00e4hrend der Schwangerschaft und Stillzeit. Da es reich an Spurenelementen (Eisen, Phosphor, Magnesium, Kalzium usw.) ist, tr\u00e4gt es in hohem Ma\u00dfe zur Synthese von Cholesterin und Sexualhormonen bei. Dar\u00fcber hinaus ist bekannt, dass es die Milchbildung bei schwangeren Frauen anregt. In Afrika soll sein regelm\u00e4\u00dfiger Verzehr den Ruf haben, das Brustvolumen zu vergr\u00f6\u00dfern (genau wie\u2019<a href=\"https:\/\/natureluxy-shop.com\/collections\/huiles-de-fenugrec\" target=\"_blank\" rel=\"noopener noreferrer\"><strong>Bockshornklee\u00f6l f\u00fcr die Brust<\/strong><\/a>).<\/p>\n<h3><b>In erster Linie eine Heilpflanze<\/b><\/h3>\n<p>Bockshornklee gilt als Hausmittel, obwohl er in vielen Medikamenten enthalten ist. Nach der Einnahme verursacht er \u00fcber einen Zeitraum von drei bis vier Tagen einen starken Geruch unter den Achseln und im Urin. Dieser Faktor soll jedoch die Ausscheidung von Giftstoffen und Mikroben f\u00f6rdern. Im Maghreb wird empfohlen, zwei Essl\u00f6ffel Bockshornklee mit Wasser gemischt einzunehmen, um Verstopfung zu bek\u00e4mpfen. Es ist auch eines der Gew\u00fcrze, die in der Zubereitung des ber\u00fchmten \u00abRas El Hanout\u00bb verwendet werden. Diese Gew\u00fcrzmischung ist f\u00fcr die Zubereitung von Couscous und bestimmten Tajines unverzichtbar.<\/p>\n<p><span class=\"Apple-converted-space\">\u00a0<\/span>So ist das <a href=\"https:\/\/ventesengros.fr\/de\/grossiste\/bio-bockshornklee-pulver-pro-kilogramm-2\/\"><strong>Bio-Bockshornkleepulver<\/strong><\/a> hat zahlreiche gesundheitliche Vorteile. Es sollte daher geschickt in reichhaltigen und kalorienhaltigen Gerichten verwendet werden. Es l\u00e4sst sich leicht in Speisen integrieren, bei denen Gew\u00fcrze f\u00fcr den Geschmack unerl\u00e4sslich sind. Allerdings sind einige Kontraindikationen hinsichtlich der Aufnahme von Vitamin K zu beachten.<\/p>","protected":false},"excerpt":{"rendered":"<p>Verkauft im Set von <strong>12 Beutel \u00e0 100 g oder 1 kg-Packung <\/strong><\/p>\n<p>Foto unverbindlich<\/p>\n<p>Alle unsere Produkte sind als White-Label-Produkte erh\u00e4ltlich (<a href=\"https:\/\/ventesengros.fr\/de\/kontakt\/\"><strong>auf Anfrage<\/strong><\/a>)<\/p>\n<p>Staffelpreis ab 10 St\u00fcck: 10% Rabatt (<a href=\"https:\/\/ventesengros.fr\/de\/kontakt\/\"><strong>auf Kostenvoranschlag<\/strong><\/a>)<\/p>","protected":false},"featured_media":37999,"template":"","meta":[],"product_brand":[],"product_cat":[1532,360,59],"product_tag":[113,258,1010,974,688,269,191],"class_list":{"0":"post-32728","1":"product","2":"type-product","3":"status-publish","4":"has-post-thumbnail","6":"product_cat-grossiste-fenugrec","7":"product_cat-produit-naturel-en-vrac","8":"product_cat-soin-et-bien-etre","9":"product_tag-cosmetique","10":"product_tag-en-gros","11":"product_tag-fenugrec-poudre-bio-au-kilo","12":"product_tag-grossiste","13":"product_tag-maroc","14":"product_tag-naturelle","15":"product_tag-pas-cher","16":"pa_lot-158","17":"pa_lot-2-lots-economisez-14e","18":"pa_lot-2-lots-economisez-2-4-euros","19":"pa_lot-159","20":"pa_lot-3-lots-economisez-720-euros","22":"first","23":"instock","24":"shipping-taxable","25":"purchasable","26":"product-type-variable"},"_links":{"self":[{"href":"https:\/\/ventesengros.fr\/de\/wp-json\/wp\/v2\/product\/32728","targetHints":{"allow":["GET"]}}],"collection":[{"href":"https:\/\/ventesengros.fr\/de\/wp-json\/wp\/v2\/product"}],"about":[{"href":"https:\/\/ventesengros.fr\/de\/wp-json\/wp\/v2\/types\/product"}],"wp:featuredmedia":[{"embeddable":true,"href":"https:\/\/ventesengros.fr\/de\/wp-json\/wp\/v2\/media\/37999"}],"wp:attachment":[{"href":"https:\/\/ventesengros.fr\/de\/wp-json\/wp\/v2\/media?parent=32728"}],"wp:term":[{"taxonomy":"product_brand","embeddable":true,"href":"https:\/\/ventesengros.fr\/de\/wp-json\/wp\/v2\/product_brand?post=32728"},{"taxonomy":"product_cat","embeddable":true,"href":"https:\/\/ventesengros.fr\/de\/wp-json\/wp\/v2\/product_cat?post=32728"},{"taxonomy":"product_tag","embeddable":true,"href":"https:\/\/ventesengros.fr\/de\/wp-json\/wp\/v2\/product_tag?post=32728"}],"curies":[{"name":"wp","href":"https:\/\/api.w.org\/{rel}","templated":true}]}}